{"id":342119,"date":"2021-08-08T21:43:15","date_gmt":"2024-05-22T09:44:24","guid":{"rendered":"https:\/\/www.moskito.cz\/produkt\/pevny-noz-joker-oso-d\/"},"modified":"2025-05-07T11:15:56","modified_gmt":"2025-05-07T10:15:56","slug":"pevny-noz-joker-oso-d","status":"publish","type":"product","link":"https:\/\/www.moskito.cz\/sk\/produkt\/pevny-noz-joker-oso-d\/","title":{"rendered":"Pevn\u00fd N\u00f4\u017e Joker OSO-D"},"content":{"rendered":"<p>Pevn\u00fd N\u00f4\u017e <strong>Joker<\/strong> OSO-D.<\/p>\n<p>Detail produktu:<\/p>\n<p>\u00b7 D\u013a\u017eka \u010depele: 75 mm<\/p>\n<p>\u00b7 Oce\u013e: Molibdeno Vanadio<\/p>\n<p>\u00b7 Materi\u00e1l \u010drienky: Stamina<\/p>\n<p>\u00b7 Puzdro: ko\u017een\u00e9<\/p>\n<p><strong>Joker<\/strong> \u2013 Sme svetovo presl\u00e1ven\u00e1 \u0161panielska spolo\u010dnos\u0165 poch\u00e1dzaj\u00faca z mesta Albacete, uzn\u00e1van\u00e1 po celom svete pre svojich dobr\u00fdch remeseln\u00edkov a majstrovsk\u00e9 no\u017ee.<\/p>\n<p>Joker starostlivo vyr\u00e1ba ka\u017ed\u00fd svoj k\u00fasok ru\u010dne.<\/p>\n<p>Od svojho zalo\u017eenia v roku 1987 sa Joker v\u017edy sna\u017eil spoji\u0165 tradi\u010dn\u00e9 remeslo s najmodernej\u0161\u00edmi technol\u00f3giami v ka\u017edom zo svojich produktov.<\/p>\n<p>Spolo\u010dnos\u0165 Joker pokra\u010duje v hrdej trad\u00edcii \u0161panielskych v\u00fdrobcov mo\u017eov, pri\u010dom pon\u00faka niektor\u00e9 z najlep\u0161\u00edch ostrie a m\u00e1 jeden z najv\u00e4\u010d\u0161\u00edch sortimentov na plan\u00e9te<\/p>\n","protected":false},"excerpt":{"rendered":"<p>No\u017ee Joker poch\u00e1dzaj\u00fa zo \u0160panielskeho mesta Albacete, ktor\u00e9 je zn\u00e1me tradi\u010dnou v\u00fdrobou no\u017eov a d\u00fdk.<br \/>\n<strong>Navrhnut\u00e9 a vyroben\u00e9 v \u0160panielsku (Albacete)<\/strong><\/p>\n","protected":false},"featured_media":202596,"comment_status":"open","ping_status":"closed","template":"","meta":[],"pwb-brand":[3399],"product_brand":[],"product_cat":[3186,3187],"product_tag":[],"class_list":{"0":"post-342119","1":"product","2":"type-product","3":"status-publish","4":"has-post-thumbnail","6":"pwb-brand-joker-sk","7":"product_cat-noze-sk","8":"product_cat-pevne-noze-sk","10":"first","11":"instock","12":"taxable","13":"shipping-taxable","14":"purchasable","15":"product-type-simple"},"brands":[{"id":3399,"name":"Joker","slug":"joker-sk"}],"_links":{"self":[{"href":"https:\/\/www.moskito.cz\/sk\/wp-json\/wp\/v2\/product\/342119","targetHints":{"allow":["GET"]}}],"collection":[{"href":"https:\/\/www.moskito.cz\/sk\/wp-json\/wp\/v2\/product"}],"about":[{"href":"https:\/\/www.moskito.cz\/sk\/wp-json\/wp\/v2\/types\/product"}],"replies":[{"embeddable":true,"href":"https:\/\/www.moskito.cz\/sk\/wp-json\/wp\/v2\/comments?post=342119"}],"wp:featuredmedia":[{"embeddable":true,"href":"https:\/\/www.moskito.cz\/sk\/wp-json\/wp\/v2\/media\/202596"}],"wp:attachment":[{"href":"https:\/\/www.moskito.cz\/sk\/wp-json\/wp\/v2\/media?parent=342119"}],"wp:term":[{"taxonomy":"pwb-brand","embeddable":true,"href":"https:\/\/www.moskito.cz\/sk\/wp-json\/wp\/v2\/pwb-brand?post=342119"},{"taxonomy":"product_brand","embeddable":true,"href":"https:\/\/www.moskito.cz\/sk\/wp-json\/wp\/v2\/product_brand?post=342119"},{"taxonomy":"product_cat","embeddable":true,"href":"https:\/\/www.moskito.cz\/sk\/wp-json\/wp\/v2\/product_cat?post=342119"},{"taxonomy":"product_tag","embeddable":true,"href":"https:\/\/www.moskito.cz\/sk\/wp-json\/wp\/v2\/product_tag?post=342119"}],"curies":[{"name":"wp","href":"https:\/\/api.w.org\/{rel}","templated":true}]}}