{"id":342188,"date":"2021-05-06T21:38:35","date_gmt":"2024-05-27T07:28:40","guid":{"rendered":"https:\/\/www.moskito.cz\/produkt\/pevny-noz-extrema-ratio-requiem-ranger-green\/"},"modified":"2025-05-07T11:15:57","modified_gmt":"2025-05-07T10:15:57","slug":"pevny-noz-extrema-ratio-requiem-ranger-green","status":"publish","type":"product","link":"https:\/\/www.moskito.cz\/sk\/produkt\/pevny-noz-extrema-ratio-requiem-ranger-green\/","title":{"rendered":"Pevn\u00fd N\u00f4\u017e Extrema Ratio REQUIEM RANGER GREEN"},"content":{"rendered":"<p>Pevn\u00fd N\u00f4\u017e <strong>Extrema Ratio<\/strong> REQUIEM RANGER GREEN<\/p>\n<p>Viac\u00fa\u010delov\u00fd taktick\u00fd n\u00f4\u017e ve\u013emi \u013eahk\u00fd a \u013eahko ovl\u00e1date\u013en\u00fd. Toto jednohrann\u00e9 ihlov\u00e9 ihlice s jednoduch\u00fdm chr\u00e1ni\u010dom sa dod\u00e1va so \u0161peci\u00e1lnym nylonov\u00fdm puzdrom Aspis, ktor\u00e9 bolo \u0161peci\u00e1lne \u0161tudovan\u00e9 spolo\u010dnos\u0165ou Extrema Ratio, aby umo\u017enilo r\u00fdchle uvo\u013enenie \u010depele a jej upevnenie vo vn\u00fatri MOLLE syst\u00e9m v\u010faka dvom viacpolohov\u00fdm svork\u00e1m.<\/p>\n<p>K dispoz\u00edcii vo farb\u00e1ch Black, Desert, HCS, Ranger Green a Wolf Grey.<\/p>\n<p>TECHNICK\u00dd LIST<br \/>\nHmotnos\u0165 g.86<br \/>\nHmotnos\u0165 oz.:3,03<br \/>\nD\u013a\u017eka \u010depele (mm): 118<br \/>\nD\u013a\u017eka \u010depele (v palcoch): 4,64<br \/>\nCelkov\u00e1 d\u013a\u017eka (mm): 238<br \/>\nCelkov\u00e1 d\u013a\u017eka (v palcoch): 9,37<br \/>\nHr\u00fabka \u010depele (mm): 4<br \/>\nHr\u00fabka \u010depele (v palcoch): 0,15<br \/>\nMateri\u00e1l \u010depele: B\u00f6HLER STEEL N690 (58HRC)<br \/>\nPovrchov\u00e1 \u00faprava \u010depele: KAMENE OBSIAHNUT\u00c9<br \/>\nHlavn\u00e1 mrie\u017eka: FLAT<br \/>\nMateri\u00e1l rukov\u00e4te: FORPRENE<\/p>\n<p><iframe title=\"Tactical Knife | Extrema Ratio Aspis sheath removing\" width=\"800\" height=\"600\" src=\"https:\/\/www.youtube.com\/embed\/LpChhhuTeAI?feature=oembed\" frameborder=\"0\" allow=\"accelerometer; autoplay; clipboard-write; encrypted-media; gyroscope; picture-in-picture; web-share\" referrerpolicy=\"strict-origin-when-cross-origin\" allowfullscreen><\/iframe><\/p>\n<p>&nbsp;<\/p>\n","protected":false},"excerpt":{"rendered":"<p>Spolo\u010dnos\u0165 <strong>Extrema Ratio<\/strong> so s\u00eddlom v talianskom Prate navrhuje a vyr\u00e1ba vysoko v\u00fdkonn\u00e9 bojov\u00e9, vojensk\u00e9, kuchynsk\u00e9, loveck\u00e9 a taktick\u00e9 no\u017ee od roku 1997 a m\u00e1 poves\u0165 vynikaj\u00facej kvality, ktor\u00e1 je v odbore vojensk\u00fdch a taktick\u00fdch no\u017eov neprekonate\u013en\u00e1. <strong>Doprava zadarmo.<\/strong><\/p>\n","protected":false},"featured_media":225467,"comment_status":"open","ping_status":"closed","template":"","meta":[],"pwb-brand":[3198],"product_brand":[],"product_cat":[3187,3186],"product_tag":[3668],"class_list":{"0":"post-342188","1":"product","2":"type-product","3":"status-publish","4":"has-post-thumbnail","6":"pwb-brand-extrema-ratio-sk","7":"product_cat-pevne-noze-sk","8":"product_cat-noze-sk","9":"product_tag-b2b-sk","11":"first","12":"instock","13":"taxable","14":"shipping-taxable","15":"purchasable","16":"product-type-simple"},"brands":[{"id":3198,"name":"Extrema Ratio","slug":"extrema-ratio-sk"}],"_links":{"self":[{"href":"https:\/\/www.moskito.cz\/sk\/wp-json\/wp\/v2\/product\/342188","targetHints":{"allow":["GET"]}}],"collection":[{"href":"https:\/\/www.moskito.cz\/sk\/wp-json\/wp\/v2\/product"}],"about":[{"href":"https:\/\/www.moskito.cz\/sk\/wp-json\/wp\/v2\/types\/product"}],"replies":[{"embeddable":true,"href":"https:\/\/www.moskito.cz\/sk\/wp-json\/wp\/v2\/comments?post=342188"}],"wp:featuredmedia":[{"embeddable":true,"href":"https:\/\/www.moskito.cz\/sk\/wp-json\/wp\/v2\/media\/225467"}],"wp:attachment":[{"href":"https:\/\/www.moskito.cz\/sk\/wp-json\/wp\/v2\/media?parent=342188"}],"wp:term":[{"taxonomy":"pwb-brand","embeddable":true,"href":"https:\/\/www.moskito.cz\/sk\/wp-json\/wp\/v2\/pwb-brand?post=342188"},{"taxonomy":"product_brand","embeddable":true,"href":"https:\/\/www.moskito.cz\/sk\/wp-json\/wp\/v2\/product_brand?post=342188"},{"taxonomy":"product_cat","embeddable":true,"href":"https:\/\/www.moskito.cz\/sk\/wp-json\/wp\/v2\/product_cat?post=342188"},{"taxonomy":"product_tag","embeddable":true,"href":"https:\/\/www.moskito.cz\/sk\/wp-json\/wp\/v2\/product_tag?post=342188"}],"curies":[{"name":"wp","href":"https:\/\/api.w.org\/{rel}","templated":true}]}}