{"id":342538,"date":"2024-05-27T18:20:16","date_gmt":"2024-05-27T17:25:56","guid":{"rendered":"https:\/\/www.moskito.cz\/produkt\/keramicke-scrimgeour-spyderco-400f1sp\/"},"modified":"2025-05-07T11:16:07","modified_gmt":"2025-05-07T10:16:07","slug":"keramicke-scrimgeour-spyderco-400f1sp","status":"publish","type":"product","link":"https:\/\/www.moskito.cz\/sk\/produkt\/keramicke-scrimgeour-spyderco-400f1sp\/","title":{"rendered":"Keramick\u00e9 Scrimgeour Spyderco 400F1SP"},"content":{"rendered":"<p>Keramick\u00e9 Scrimgeour <strong>Spyderco<\/strong> 400F1SP.<\/p>\n<p>Keramick\u00e9 br\u00fasky <strong>Spyderco<\/strong> s\u00fa \u0161peci\u00e1lne navrhnut\u00e9 na ostrenie mal\u00fdch, detailn\u00fdch n\u00e1strojov, ako s\u00fa rezb\u00e1rske n\u00e1stroje, dr\u00e1\u017eky a dent\u00e1lne zariadenia. Pou\u017e\u00edvaj\u00fa ich aj zbroj\u00e1ri pre sp\u00fa\u0161\u0165acie pr\u00e1ce, odstra\u0148ovanie otrepov a dokon\u010dovanie detailov. Tento piln\u00edk (v tvare slzy) je ide\u00e1lny na ostrenie mal\u00fdch n\u00e1strojov a z\u00fabkovan\u00fdch hr\u00e1n. \u013dahko sa \u010dist\u00ed pomocou dom\u00e1ceho \u010distiaceho prostriedku, dr\u00f4tenky a vody.<\/p>\n<p>Zna\u010dka: Spyderco<\/p>\n<p>Farba: biela<\/p>\n<p>S\u00e9ria: 400 keramika<\/p>\n<p>Celkov\u00e1 d\u013a\u017eka: 12,8 cm<\/p>\n<p>Priemer oce\u013e: 0,6 mm<\/p>\n<p>D\u013a\u017eka: 12,8 cm<\/p>\n<p>Hmotnos\u0165: 22 g<\/p>\n<p>\u0160\u00edrka: 1,2 cm<\/p>\n<p>Vyroben\u00e9 v USA<\/p>\n<p>Predaj jednotlivo.<\/p>\n","protected":false},"excerpt":{"rendered":"<p><strong>Keramick\u00e9 br\u00fasky Spyderco s\u00fa \u0161peci\u00e1lne navrhnut\u00e9 na ostrenie mal\u00fdch, detailn\u00fdch n\u00e1strojov, ako s\u00fa rezb\u00e1rske n\u00e1stroje, dr\u00e1\u017eky a dent\u00e1lne zariadenia.<\/strong><\/p>\n","protected":false},"featured_media":342529,"comment_status":"open","ping_status":"closed","template":"","meta":[],"pwb-brand":[3261],"product_brand":[],"product_cat":[3205],"product_tag":[3668],"class_list":{"0":"post-342538","1":"product","2":"type-product","3":"status-publish","4":"has-post-thumbnail","6":"pwb-brand-zatvaraci-noz-spyderco-endura-flat-ground-gray-frn-c10fpgy","7":"product_cat-brusky-a-ocielky","8":"product_tag-b2b-sk","10":"first","11":"instock","12":"taxable","13":"shipping-taxable","14":"purchasable","15":"product-type-simple"},"brands":[{"id":3261,"name":"Zatv\u00e1rac\u00ed N\u00f4\u017e Spyderco Endura Flat Ground Gray FRN C10FPGY","slug":"zatvaraci-noz-spyderco-endura-flat-ground-gray-frn-c10fpgy"}],"_links":{"self":[{"href":"https:\/\/www.moskito.cz\/sk\/wp-json\/wp\/v2\/product\/342538","targetHints":{"allow":["GET"]}}],"collection":[{"href":"https:\/\/www.moskito.cz\/sk\/wp-json\/wp\/v2\/product"}],"about":[{"href":"https:\/\/www.moskito.cz\/sk\/wp-json\/wp\/v2\/types\/product"}],"replies":[{"embeddable":true,"href":"https:\/\/www.moskito.cz\/sk\/wp-json\/wp\/v2\/comments?post=342538"}],"wp:featuredmedia":[{"embeddable":true,"href":"https:\/\/www.moskito.cz\/sk\/wp-json\/wp\/v2\/media\/342529"}],"wp:attachment":[{"href":"https:\/\/www.moskito.cz\/sk\/wp-json\/wp\/v2\/media?parent=342538"}],"wp:term":[{"taxonomy":"pwb-brand","embeddable":true,"href":"https:\/\/www.moskito.cz\/sk\/wp-json\/wp\/v2\/pwb-brand?post=342538"},{"taxonomy":"product_brand","embeddable":true,"href":"https:\/\/www.moskito.cz\/sk\/wp-json\/wp\/v2\/product_brand?post=342538"},{"taxonomy":"product_cat","embeddable":true,"href":"https:\/\/www.moskito.cz\/sk\/wp-json\/wp\/v2\/product_cat?post=342538"},{"taxonomy":"product_tag","embeddable":true,"href":"https:\/\/www.moskito.cz\/sk\/wp-json\/wp\/v2\/product_tag?post=342538"}],"curies":[{"name":"wp","href":"https:\/\/api.w.org\/{rel}","templated":true}]}}