{"id":342602,"date":"2024-05-27T18:51:54","date_gmt":"2024-05-28T17:41:53","guid":{"rendered":"https:\/\/www.moskito.cz\/produkt\/vystrelovaci-noz-heretic-knives-colossus-h039-10a-org\/"},"modified":"2025-05-07T11:16:10","modified_gmt":"2025-05-07T10:16:10","slug":"vystrelovaci-noz-heretic-knives-colossus-h039-10a-org","status":"publish","type":"product","link":"https:\/\/www.moskito.cz\/sk\/produkt\/vystrelovaci-noz-heretic-knives-colossus-h039-10a-org\/","title":{"rendered":"Vystre\u013eovac\u00ed N\u00f4\u017e Heretic Knives Colossus H039-10A-ORG"},"content":{"rendered":"<p>Vystre\u013eovac\u00ed N\u00f4\u017e <strong>Heretic<\/strong> Knives Colossus H039-10A-ORG.<\/p>\n<p>Colossus s dvojitou akciou OTF Auto sa vyzna\u010duje zlo\u017eit\u00fdm vzh\u013eadom, prehnanou h\u00fa\u017eevnatos\u0165ou, r\u00fdchlej\u0161ou ako bleskovou akciou a prisp\u00f4soben\u00edm a povrchovou \u00fapravou, ktor\u00fa by ste o\u010dak\u00e1vali od \u0161pi\u010dkov\u00e9ho no\u017ea. \u010cepe\u013e je vyroben\u00e1 z nerezovej ocele CPM-MagnaCut s jednohrann\u00fdm tvarom klipsu, ktor\u00fd je jednoducho vynikaj\u00faci. Mohutn\u00e9 hlin\u00edkov\u00e9 telo je v\u00fdnimo\u010dne ergonomick\u00e9 a na ka\u017edej strane m\u00e1 nespo\u010detn\u00e9 mno\u017estvo \u010diernych trak\u010dn\u00fdch vlo\u017eiek. Obojstrann\u00e1 vreckov\u00e1 spona je na tomto no\u017ei to najjemnej\u0161ie. N\u00f4\u017e dr\u017e\u00ed bezpe\u010dne vo vrecku a pritom uber\u00e1 len m\u00e1lo z ergon\u00f3mie, ktor\u00fa milujeme. \u010cepe\u013e je dod\u00e1van\u00e1 s f\u013ea\u0161ti\u010dkou OTF Knife Lube a bola hrdo vyroben\u00e1 v USA.<\/p>\n<p>\u0160pecifik\u00e1cia:<br \/>\nD\u013a\u017eka \u010depele: 9 cm<br \/>\nCelkov\u00e1 d\u013a\u017eka: 22 cm<br \/>\nMateri\u00e1l \u010depele: CPM-MagnaCut Nerezov\u00e1 oce\u013e<br \/>\nHr\u00fabka \u010depele: 0,144&#8243;<br \/>\n\u0160t\u00fdl \u010depele: Clip Point<br \/>\nBr\u00fasenie \u010depele: Ploch\u00e9<br \/>\nPovrchov\u00e1 \u00faprava \u010depele: \u010cierna dvojfarebn\u00e1<br \/>\nMateri\u00e1l rukov\u00e4te: Oran\u017eov\u00fd hlin\u00edk s \u010diernymi trak\u010dn\u00fdmi vlo\u017ekami<br \/>\nUzamykac\u00ed mechanizmus: Posuvn\u00fd<br \/>\nVreckov\u00fd klip: Nerezov\u00e1 oce\u013e s hlbok\u00fdm prenosom (sklopen\u00edm dole, doprava\/do\u013eava)<br \/>\nHmotnos\u0165: 4,66 oz.<br \/>\nDizajn\u00e9r: Tony Marfione Jr.<br \/>\nRu\u010dn\u00e1 v\u00fdroba v USA<\/p>\n","protected":false},"excerpt":{"rendered":"<p><strong>V\u0161etky na\u0161e no\u017ee s\u00fa vyroben\u00e9 v USA a tak to zachov\u00e1me. Ke\u010f si k\u00fapite niektor\u00fd z na\u0161ich no\u017eov, m\u00f4\u017eete ma\u0165 d\u00f4veru vo svoj n\u00e1stroj s vedom\u00edm, \u017ee je podporovan\u00fd americkou spolo\u010dnos\u0165ou. Na\u0161e no\u017ee s\u00fa vyr\u00e1ban\u00e9 v mal\u00fdch s\u00e9ri\u00e1ch, aby sme zaistili, \u017ee dostanete kvalitn\u00fd n\u00f4\u017e, ktor\u00e9mu sa dost\u00e1va pozornosti, ak\u00e9 sa nedost\u00e1va in\u00fdm s\u00e9riovo vyr\u00e1ban\u00fdm no\u017eom!!<\/strong><\/p>\n<p><strong>Doprava zadarmo.<\/strong><\/p>\n","protected":false},"featured_media":342562,"comment_status":"open","ping_status":"closed","template":"","meta":[],"pwb-brand":[3196],"product_brand":[],"product_cat":[3186,3197],"product_tag":[3668],"class_list":{"0":"post-342602","1":"product","2":"type-product","3":"status-publish","4":"has-post-thumbnail","6":"pwb-brand-heretic-knives-sk","7":"product_cat-noze-sk","8":"product_cat-vystrelovacie-noze-sk","9":"product_tag-b2b-sk","11":"first","12":"instock","13":"taxable","14":"shipping-taxable","15":"purchasable","16":"product-type-simple"},"brands":[{"id":3196,"name":"Heretic Knives","slug":"heretic-knives-sk"}],"_links":{"self":[{"href":"https:\/\/www.moskito.cz\/sk\/wp-json\/wp\/v2\/product\/342602","targetHints":{"allow":["GET"]}}],"collection":[{"href":"https:\/\/www.moskito.cz\/sk\/wp-json\/wp\/v2\/product"}],"about":[{"href":"https:\/\/www.moskito.cz\/sk\/wp-json\/wp\/v2\/types\/product"}],"replies":[{"embeddable":true,"href":"https:\/\/www.moskito.cz\/sk\/wp-json\/wp\/v2\/comments?post=342602"}],"wp:featuredmedia":[{"embeddable":true,"href":"https:\/\/www.moskito.cz\/sk\/wp-json\/wp\/v2\/media\/342562"}],"wp:attachment":[{"href":"https:\/\/www.moskito.cz\/sk\/wp-json\/wp\/v2\/media?parent=342602"}],"wp:term":[{"taxonomy":"pwb-brand","embeddable":true,"href":"https:\/\/www.moskito.cz\/sk\/wp-json\/wp\/v2\/pwb-brand?post=342602"},{"taxonomy":"product_brand","embeddable":true,"href":"https:\/\/www.moskito.cz\/sk\/wp-json\/wp\/v2\/product_brand?post=342602"},{"taxonomy":"product_cat","embeddable":true,"href":"https:\/\/www.moskito.cz\/sk\/wp-json\/wp\/v2\/product_cat?post=342602"},{"taxonomy":"product_tag","embeddable":true,"href":"https:\/\/www.moskito.cz\/sk\/wp-json\/wp\/v2\/product_tag?post=342602"}],"curies":[{"name":"wp","href":"https:\/\/api.w.org\/{rel}","templated":true}]}}