{"id":342646,"date":"2024-05-28T19:05:23","date_gmt":"2024-05-28T18:09:33","guid":{"rendered":"https:\/\/www.moskito.cz\/produkt\/zatvaraci-noz-sog-stout-sj\/"},"modified":"2025-05-07T11:16:12","modified_gmt":"2025-05-07T10:16:12","slug":"zatvaraci-noz-sog-stout-sj","status":"publish","type":"product","link":"https:\/\/www.moskito.cz\/sk\/produkt\/zatvaraci-noz-sog-stout-sj\/","title":{"rendered":"Zatv\u00e1rac\u00ed N\u00f4\u017e SOG STOUT SJ"},"content":{"rendered":"<p>Zatv\u00e1rac\u00ed N\u00f4\u017e <strong>SOG<\/strong> STOUT SJ.<\/p>\n<p>Stout SJ je v\u00fdsledkom spolupr\u00e1ce medzi d\u00e1nskym n\u00e1vrh\u00e1rom no\u017eov Mikkelom Willumsenom a zakladate\u013eom SOG Spencerom Frazerom. S \u010diernou \u010depe\u013eou CRYO D2 z ocele, r\u00e1mom z nerezovej ocele a robustnou rukov\u00e4\u0165ou G10. Tento all-star pre ka\u017edodenn\u00e9 nosenie je navrhnut\u00fd tak, aby bol bezpe\u010dn\u00fd a pon\u00faka \u013eahk\u00e9 a hladk\u00e9 otv\u00e1ranie a zatv\u00e1ranie so silnou a istou otvorenou poz\u00edciou.<\/p>\n<p>Ostr\u00e1 oce\u013eov\u00e1 \u010depe\u013e CRYO D2 s \u010diernym povlakom, pri\u013enav\u00e9 rukov\u00e4te z G10 a mechanizmus posuvn\u00e9ho k\u013abu, ktor\u00fd je navrhnut\u00fd tak, aby bol bezpe\u010dn\u00fd a \u013eahko sa pren\u00e1\u0161al.<\/p>\n<p>CRYO D2 STEEL<br \/>\nV\u0161estrann\u00e1 n\u00e1strojov\u00e1 oce\u013e s vysok\u00fdm obsahom uhl\u00edka, ktor\u00e1 je kryog\u00e9nne tepelne spracovan\u00e1 pod\u013ea jedine\u010dn\u00fdch v\u00fdkonnostn\u00fdch \u0161pecifik\u00e1ci\u00ed SOG. D2 poskytuje ide\u00e1lnu kombin\u00e1ciu zachovania hr\u00e1n a odolnosti pre dlhodob\u00e9 pou\u017e\u00edvanie.<\/p>\n<p>SLIP SPOJ<br \/>\nVybaven\u00e9 elegantn\u00fdm mechanizmom klzn\u00e9ho k\u013abu, ktor\u00fd dr\u017e\u00ed \u010depe\u013e otvorenou pru\u017einou a po prekonan\u00ed sily pru\u017einy sa ru\u010dne zatv\u00e1ra. Hladk\u00e9 otv\u00e1ranie a zatv\u00e1ranie s istou otvorenou poz\u00edciou.<\/p>\n<p>RUKOV\u00c4\u0164 G10<br \/>\nPri\u013enav\u00e1 mikrotexturovan\u00e1 rukov\u00e4\u0165 G10 m\u00e1 obojstrann\u00fd klip, ktor\u00fd je mo\u017en\u00e9 namontova\u0165 na nosenie v \u013eavej alebo pravej ruke.<\/p>\n<p>D\u0139\u017dKA RUKOV\u00c4TI: 9.4 cm<br \/>\nH\u013d\u00daBKA \u010cEPELA: 0.37 cm<br \/>\nMATERI\u00c1L RUKOV\u00c4TI: G10<br \/>\nFARBA: \u010cierna<br \/>\nD\u0139\u017dKA \u010cEPELA: 6.6 cm<br \/>\nOCE\u013d: CRYO D2<br \/>\nDRUH POISTKY: Slip Joint<\/p>\n<p>&nbsp;<\/p>\n<p>&nbsp;<\/p>\n","protected":false},"excerpt":{"rendered":"<p><strong>Stout SJ je v\u00fdsledkom spolupr\u00e1ce medzi d\u00e1nskym n\u00e1vrh\u00e1rom no\u017eov Mikkelom Willumsenom a zakladate\u013eom SOG Spencerom Frazerom. Je to svetobe\u017en\u00edk z rodiny Stoutov.<\/strong><\/p>\n","protected":false},"featured_media":342616,"comment_status":"open","ping_status":"closed","template":"","meta":[],"pwb-brand":[3231],"product_brand":[],"product_cat":[3186,3233],"product_tag":[3668],"class_list":{"0":"post-342646","1":"product","2":"type-product","3":"status-publish","4":"has-post-thumbnail","6":"pwb-brand-pevny-noz-sog-snarl","7":"product_cat-noze-sk","8":"product_cat-zatvaracie-noze","9":"product_tag-b2b-sk","11":"first","12":"instock","13":"taxable","14":"shipping-taxable","15":"purchasable","16":"product-type-simple"},"brands":[{"id":3231,"name":"Pevn\u00fd N\u00f4\u017e SOG SNARL","slug":"pevny-noz-sog-snarl"}],"_links":{"self":[{"href":"https:\/\/www.moskito.cz\/sk\/wp-json\/wp\/v2\/product\/342646","targetHints":{"allow":["GET"]}}],"collection":[{"href":"https:\/\/www.moskito.cz\/sk\/wp-json\/wp\/v2\/product"}],"about":[{"href":"https:\/\/www.moskito.cz\/sk\/wp-json\/wp\/v2\/types\/product"}],"replies":[{"embeddable":true,"href":"https:\/\/www.moskito.cz\/sk\/wp-json\/wp\/v2\/comments?post=342646"}],"wp:featuredmedia":[{"embeddable":true,"href":"https:\/\/www.moskito.cz\/sk\/wp-json\/wp\/v2\/media\/342616"}],"wp:attachment":[{"href":"https:\/\/www.moskito.cz\/sk\/wp-json\/wp\/v2\/media?parent=342646"}],"wp:term":[{"taxonomy":"pwb-brand","embeddable":true,"href":"https:\/\/www.moskito.cz\/sk\/wp-json\/wp\/v2\/pwb-brand?post=342646"},{"taxonomy":"product_brand","embeddable":true,"href":"https:\/\/www.moskito.cz\/sk\/wp-json\/wp\/v2\/product_brand?post=342646"},{"taxonomy":"product_cat","embeddable":true,"href":"https:\/\/www.moskito.cz\/sk\/wp-json\/wp\/v2\/product_cat?post=342646"},{"taxonomy":"product_tag","embeddable":true,"href":"https:\/\/www.moskito.cz\/sk\/wp-json\/wp\/v2\/product_tag?post=342646"}],"curies":[{"name":"wp","href":"https:\/\/api.w.org\/{rel}","templated":true}]}}