{"id":342702,"date":"2024-05-28T19:26:52","date_gmt":"2024-05-28T18:28:28","guid":{"rendered":"https:\/\/www.moskito.cz\/produkt\/zatvaraci-noz-sog-ultra-xr-xhp\/"},"modified":"2025-05-07T11:16:13","modified_gmt":"2025-05-07T10:16:13","slug":"zatvaraci-noz-sog-ultra-xr-xhp","status":"publish","type":"product","link":"https:\/\/www.moskito.cz\/sk\/produkt\/zatvaraci-noz-sog-ultra-xr-xhp\/","title":{"rendered":"Zatv\u00e1rac\u00ed N\u00f4\u017e SOG ULTRA XR XHP"},"content":{"rendered":"<p>Zatv\u00e1rac\u00ed N\u00f4\u017e <strong>SOG<\/strong> ULTRA XR XHP.<\/p>\n<p>S hr\u00fabkou 6,5 mm a hmotnos\u0165ou iba 34 gramov sa zatv\u00e1rac\u00ed n\u00f4\u017e <strong>SOG Ultra XR XHP<\/strong> vyzna\u010duje \u0161t\u00edhlym dizajnom a \u013eahk\u00fdmi vysoko kvalitn\u00fdmi materi\u00e1lmi, vr\u00e1tane \u010depele z nerezovej ocele CRYO CTS XHP a rukov\u00e4te z uhl\u00edkov\u00fdch vl\u00e1kien. Jeho XR Lock umo\u017e\u0148uje hladk\u00e9 obojstrann\u00e9 otv\u00e1ranie jednou rukou a bezpe\u010dne uzamkne \u010depe\u013e v otvorenom stave. Tit\u00e1nov\u00fd vreckov\u00fd klip sl\u00fa\u017ei aj ako spona na peniaze. Vreckov\u00fd n\u00f4\u017e s ka\u017edodennou spo\u013eahlivos\u0165ou v ka\u017edej situ\u00e1cii.<\/p>\n<p>S hr\u00fabkou tesne pod \u0161tvr\u0165 palca a hmotnos\u0165ou sotva viac ako unca je SOG Ultra XR rovnako hlbok\u00fdm vreckom ako sponou na peniaze. N\u00f4\u017e je vybaven\u00fd uzamykac\u00edm syst\u00e9mom SOG XR, ktor\u00fd sa \u013eahko ovl\u00e1da palcom a je dostato\u010dne siln\u00fd, aby vydr\u017eal tlak Volkswagenu. Ultra je rovnako svalnat\u00fd ako kr\u00e1sny. &#8211; Recoil Magazine, j\u00fal 2020.<\/p>\n<p>Aktualiz\u00e1ciou dizajnu Ultra C-Ti vylep\u0161uje Ultra XR funkciu a pocit jedn\u00e9ho z naj\u013eah\u0161\u00edch a najschopnej\u0161\u00edch vreckov\u00fdch no\u017eov na ka\u017edodenn\u00e9 nosenie pre mestsk\u00e9 pou\u017eitie. Navrhnut\u00e9 od za\u010diatku tak, aby vyhovovalo potreb\u00e1m n\u00e1ro\u010dn\u00fdch u\u017e\u00edvate\u013eov, vyzna\u010duje sa \u010dist\u00fdmi l\u00edniami a pr\u00e9miov\u00fdmi materi\u00e1lmi.<\/p>\n<p>XR Z\u00c1MOK<br \/>\nSOG XR Lock\u00ae umo\u017e\u0148uje hladk\u00e9, kontrolovan\u00e9 otv\u00e1ranie jednou rukou, pokia\u013e je to ur\u010den\u00e9 s otvorom pre palec alebo pridr\u017ean\u00edm z\u00e1mku a vytiahnut\u00edm \u010depele. Poskytuje maxim\u00e1lne vstavan\u00e9 zabezpe\u010denie \u010depele pri otvoren\u00ed, schopn\u00e9 odola\u0165 sile 250 libier.<\/p>\n<p>OCE\u013d CTS XHP<br \/>\nVysok\u00e1 pr\u00edtomnos\u0165 uhl\u00edka a chr\u00f3mu v CTS XHP pon\u00faka skvel\u00fa tvrdos\u0165, zachovanie hr\u00e1n a jednu z najlep\u0161\u00edch odolnost\u00ed vo\u010di kor\u00f3zii zo v\u0161etk\u00fdch nerezov\u00fdch ocel\u00ed. S pridan\u00edm van\u00e1du a ni\u00f3bu do zliatiny vykazuje CTS XHP vynikaj\u00facu odolnos\u0165 proti opotrebovaniu.<\/p>\n<p>D\u0139\u017dKA \u010cEPELA: 7.1 cm<br \/>\nFARBA: Black<br \/>\nOCE\u013d: CTS XHP<br \/>\nD\u0139\u017dKA RUKOV\u00c4TI: 9.2 cm<br \/>\nCELKOV\u00c1 VE\u013dKOS\u0164: 16.3 cm<br \/>\nDRUH POISTKY: XR Lock<br \/>\nMATERI\u00c1L RUKOV\u00c4TI: Carbon Fiber<\/p>\n<p><iframe title=\"Ultra XR\" width=\"800\" height=\"450\" src=\"https:\/\/www.youtube.com\/embed\/zgwjHXNRSeE?feature=oembed\" frameborder=\"0\" allow=\"accelerometer; autoplay; clipboard-write; encrypted-media; gyroscope; picture-in-picture; web-share\" referrerpolicy=\"strict-origin-when-cross-origin\" allowfullscreen><\/iframe><\/p>\n<p>&nbsp;<\/p>\n","protected":false},"excerpt":{"rendered":"<p><strong>P\u00c1NSKY N\u00d4\u017d NOV\u00c9 GENER\u00c1CIE<\/strong><br \/>\n<strong>S hr\u00fabkou tesne pod \u0161tvr\u0165 palca a hmotnos\u0165ou sotva viac ako unca je SOG Ultra XR rovnako hlbok\u00fdm vreckom ako sponou na peniaze. N\u00f4\u017e je vybaven\u00fd uzamykac\u00edm syst\u00e9mom SOG XR, ktor\u00fd sa \u013eahko ovl\u00e1da palcom a je dostato\u010dne siln\u00fd, aby vydr\u017eal tlak Volkswagenu. Ultra je rovnako svalnat\u00fd ako kr\u00e1sny.<\/strong><\/p>\n<p><strong>Doprava zadarmo.<\/strong><\/p>\n","protected":false},"featured_media":342659,"comment_status":"open","ping_status":"closed","template":"","meta":[],"pwb-brand":[3231],"product_brand":[],"product_cat":[3186,3233],"product_tag":[3668],"class_list":{"0":"post-342702","1":"product","2":"type-product","3":"status-publish","4":"has-post-thumbnail","6":"pwb-brand-pevny-noz-sog-snarl","7":"product_cat-noze-sk","8":"product_cat-zatvaracie-noze","9":"product_tag-b2b-sk","11":"first","12":"instock","13":"taxable","14":"shipping-taxable","15":"purchasable","16":"product-type-simple"},"brands":[{"id":3231,"name":"Pevn\u00fd N\u00f4\u017e SOG SNARL","slug":"pevny-noz-sog-snarl"}],"_links":{"self":[{"href":"https:\/\/www.moskito.cz\/sk\/wp-json\/wp\/v2\/product\/342702","targetHints":{"allow":["GET"]}}],"collection":[{"href":"https:\/\/www.moskito.cz\/sk\/wp-json\/wp\/v2\/product"}],"about":[{"href":"https:\/\/www.moskito.cz\/sk\/wp-json\/wp\/v2\/types\/product"}],"replies":[{"embeddable":true,"href":"https:\/\/www.moskito.cz\/sk\/wp-json\/wp\/v2\/comments?post=342702"}],"wp:featuredmedia":[{"embeddable":true,"href":"https:\/\/www.moskito.cz\/sk\/wp-json\/wp\/v2\/media\/342659"}],"wp:attachment":[{"href":"https:\/\/www.moskito.cz\/sk\/wp-json\/wp\/v2\/media?parent=342702"}],"wp:term":[{"taxonomy":"pwb-brand","embeddable":true,"href":"https:\/\/www.moskito.cz\/sk\/wp-json\/wp\/v2\/pwb-brand?post=342702"},{"taxonomy":"product_brand","embeddable":true,"href":"https:\/\/www.moskito.cz\/sk\/wp-json\/wp\/v2\/product_brand?post=342702"},{"taxonomy":"product_cat","embeddable":true,"href":"https:\/\/www.moskito.cz\/sk\/wp-json\/wp\/v2\/product_cat?post=342702"},{"taxonomy":"product_tag","embeddable":true,"href":"https:\/\/www.moskito.cz\/sk\/wp-json\/wp\/v2\/product_tag?post=342702"}],"curies":[{"name":"wp","href":"https:\/\/api.w.org\/{rel}","templated":true}]}}