{"id":342828,"date":"2024-05-28T19:52:10","date_gmt":"2024-05-28T19:14:44","guid":{"rendered":"https:\/\/www.moskito.cz\/produkt\/zatvaraci-noz-sog-adventurer-lb\/"},"modified":"2025-05-07T11:16:16","modified_gmt":"2025-05-07T10:16:16","slug":"zatvaraci-noz-sog-adventurer-lb","status":"publish","type":"product","link":"https:\/\/www.moskito.cz\/sk\/produkt\/zatvaraci-noz-sog-adventurer-lb\/","title":{"rendered":"Zatv\u00e1rac\u00ed N\u00f4\u017e SOG ADVENTURER LB"},"content":{"rendered":"<p>Zatv\u00e1rac\u00ed N\u00f4\u017e <strong>SOG<\/strong> ADVENTURER LB.<\/p>\n<p>e pravdepodobn\u00e9, \u017ee v\u00e1\u0161 otec alebo star\u00fd otec nosil zatv\u00e1rac\u00ed n\u00f4\u017e so z\u00e1mkom. Tento klasick\u00fd a jednoduch\u00fd mechanizmus je zn\u00e1my t\u00fdm, \u017ee je \u013eahk\u00fd, spo\u013eahliv\u00fd a odoln\u00fd. Je tie\u017e bezpe\u010dn\u00e9 pou\u017e\u00edva\u0165 s pevn\u00fdm z\u00e1mkom, ktor\u00fd zabra\u0148uje n\u00e1hodn\u00e9mu zatvoreniu a neo\u010dak\u00e1van\u00e9mu otvoreniu vo vrecku. N\u00e1\u0161 aktualizovan\u00fd dizajn sa vyzna\u010duje sat\u00e9novou povrchovou \u00fapravou CRYO kalenou \u010depe\u013eou 5CR15MOV, ktor\u00e1 m\u00e1 vlastnosti nerezovej ocele odoln\u00e9 vo\u010di kor\u00f3zii a \u0161kvrn\u00e1m spolu so strednou h\u00fa\u017eevnatos\u0165ou pre dobr\u00e9 zachovanie ostria a \u013eahk\u00e9 ostrenie. Nylonov\u00e1 rukov\u00e4\u0165 vystu\u017een\u00e1 sklom je text\u00farovan\u00e1 pre bezpe\u010dn\u00e9 uchopenie a z\u00e1rove\u0148 je \u013eahk\u00e1 a pevn\u00e1. V\u0161estrann\u00e1 spona do vrecka na hlbok\u00e9 nosenie m\u00e1 obojstrann\u00fd dizajn.<\/p>\n<p>AKTUALIZOVAN\u00c9 A MODERN\u00c9 MATERI\u00c1LY<br \/>\nToto nie je zatv\u00e1rac\u00ed n\u00f4\u017e tvojho dedka. Vyzna\u010duje sa ostrou \u010depe\u013eou z CRYO tvrdenej ocele 5CR15MOV, ktor\u00e1 odol\u00e1va kor\u00f3zii a \u0161kvrn\u00e1m. Odoln\u00e1 a silne text\u00farovan\u00e1 nylonov\u00e1 rukov\u00e4\u0165 vystu\u017een\u00e1 sklom zais\u0165uje pevn\u00e9 uchopenie za mokra aj za sucha. Obojstrann\u00fd vreckov\u00fd klip v\u00e1m umo\u017en\u00ed nosi\u0165 ho, ako chcete.<\/p>\n<p>CRYO 5CR15MOV OCE\u013d<br \/>\nCRYO 5CR15MOV Steel je pod\u013ea n\u00e1s skvel\u00e1 hodnota. M\u00e1 vlastnosti, ktor\u00e9 od nerezovej ocele po\u017eadujete, vr\u00e1tane odolnosti proti kor\u00f3zii a odolnosti vo\u010di \u0161kvrn\u00e1m. Kalenie CRYO zais\u0165uje, \u017ee bude dr\u017ea\u0165 ostr\u00e9 ostrie a jeho mierna h\u00fa\u017eevnatos\u0165 je ide\u00e1lna pre u\u017e\u00edvate\u013eov, ktor\u00ed si radi br\u00fasia svoje vlastn\u00e9 no\u017ee.<\/p>\n<p>RUKOV\u00c4\u0164 GRN<br \/>\nNylonov\u00e9 rukov\u00e4te vystu\u017een\u00e9 sklom s\u00fa ide\u00e1lne na vonkaj\u0161ie pou\u017eitie, preto\u017ee ich \u013eahkos\u0165 u\u013eah\u010duje balenie. Sklenen\u00e9 vl\u00e1kna integrovan\u00e9 do nylonovej matrice v\u00fdrazne zvy\u0161uj\u00fa pevnos\u0165 a odolnos\u0165 rukov\u00e4te pri n\u00e1ro\u010dnom vonkaj\u0161om pou\u017eit\u00ed. Rukov\u00e4te GRN maj\u00fa vlastn\u00fa odolnos\u0165 proti vlhkosti, v\u010faka \u010domu s\u00fa tie\u017e ide\u00e1lne na vonkaj\u0161ie pou\u017eitie.<\/p>\n<p>Zamykac\u00ed mechanizmus je skvelou vo\u013ebou pre vonkaj\u0161ie pou\u017eitie v\u010faka svojej \u013eahkej a jednoduchej kon\u0161trukcii. V\u010faka svojej jednoduchosti sa toho nem\u00f4\u017ee ve\u013ea pokazi\u0165. Ale nenechajte sa zmias\u0165 jednoduch\u00fdm dizajnom, preto\u017ee tento design je zn\u00e1my pre pevn\u00e9 a bezpe\u010dn\u00e9 zamykanie. Nie\u010do, na \u010do sa m\u00f4\u017eete spo\u013eahn\u00fa\u0165, ke\u010f ste v lese.<\/p>\n<p>CELKOV\u00c1 D\u0139\u017dKA: 19 cm<br \/>\nD\u0139\u017dKA \u010cEPELA: 7.5 cm<br \/>\nTYP SPONY NA OPASOK: Reverzibiln\u00fd Low-Carry<br \/>\nDOKON\u010cI\u0164: Sat\u00e9n<br \/>\nTYP OKRAJA: Rovn\u00fd<br \/>\nOCE\u013dOV\u00dd TYP \u010cEPELA: CRYO 5CR15MOV<br \/>\nTVAR \u010cEPELA: Drop Point<br \/>\nMATERI\u00c1L RUKOV\u00c4TI: GRN<br \/>\nFARBA RUKOV\u00c4TI: Seversk\u00e1 modr\u00e1<\/p>\n<p><iframe title=\"Adventurer LB\" width=\"800\" height=\"450\" src=\"https:\/\/www.youtube.com\/embed\/plY3yDDxUQI?feature=oembed\" frameborder=\"0\" allow=\"accelerometer; autoplay; clipboard-write; encrypted-media; gyroscope; picture-in-picture; web-share\" referrerpolicy=\"strict-origin-when-cross-origin\" allowfullscreen><\/iframe><\/p>\n<p>&nbsp;<\/p>\n","protected":false},"excerpt":{"rendered":"<p><strong>Nad\u0161enci no\u017eov dlho obdivovali elegantn\u00fd a jednoduch\u00fd dizajn so z\u00e1mkom, ktor\u00fd m\u00e1 v\u0161etky tie spr\u00e1vne v\u00fdhody pre vonkaj\u0161ie pou\u017eitie&#8230;\u013eahk\u00fd, bezpe\u010dn\u00fd a odoln\u00fd.<\/strong><\/p>\n","protected":false},"featured_media":342715,"comment_status":"open","ping_status":"closed","template":"","meta":[],"pwb-brand":[3231],"product_brand":[],"product_cat":[3186,3233],"product_tag":[3668],"class_list":{"0":"post-342828","1":"product","2":"type-product","3":"status-publish","4":"has-post-thumbnail","6":"pwb-brand-pevny-noz-sog-snarl","7":"product_cat-noze-sk","8":"product_cat-zatvaracie-noze","9":"product_tag-b2b-sk","11":"first","12":"instock","13":"taxable","14":"shipping-taxable","15":"purchasable","16":"product-type-simple"},"brands":[{"id":3231,"name":"Pevn\u00fd N\u00f4\u017e SOG SNARL","slug":"pevny-noz-sog-snarl"}],"_links":{"self":[{"href":"https:\/\/www.moskito.cz\/sk\/wp-json\/wp\/v2\/product\/342828","targetHints":{"allow":["GET"]}}],"collection":[{"href":"https:\/\/www.moskito.cz\/sk\/wp-json\/wp\/v2\/product"}],"about":[{"href":"https:\/\/www.moskito.cz\/sk\/wp-json\/wp\/v2\/types\/product"}],"replies":[{"embeddable":true,"href":"https:\/\/www.moskito.cz\/sk\/wp-json\/wp\/v2\/comments?post=342828"}],"wp:featuredmedia":[{"embeddable":true,"href":"https:\/\/www.moskito.cz\/sk\/wp-json\/wp\/v2\/media\/342715"}],"wp:attachment":[{"href":"https:\/\/www.moskito.cz\/sk\/wp-json\/wp\/v2\/media?parent=342828"}],"wp:term":[{"taxonomy":"pwb-brand","embeddable":true,"href":"https:\/\/www.moskito.cz\/sk\/wp-json\/wp\/v2\/pwb-brand?post=342828"},{"taxonomy":"product_brand","embeddable":true,"href":"https:\/\/www.moskito.cz\/sk\/wp-json\/wp\/v2\/product_brand?post=342828"},{"taxonomy":"product_cat","embeddable":true,"href":"https:\/\/www.moskito.cz\/sk\/wp-json\/wp\/v2\/product_cat?post=342828"},{"taxonomy":"product_tag","embeddable":true,"href":"https:\/\/www.moskito.cz\/sk\/wp-json\/wp\/v2\/product_tag?post=342828"}],"curies":[{"name":"wp","href":"https:\/\/api.w.org\/{rel}","templated":true}]}}