{"id":343225,"date":"2024-05-29T16:43:37","date_gmt":"2024-05-29T17:18:28","guid":{"rendered":"https:\/\/www.moskito.cz\/produkt\/pevny-noz-microtech-signature-series-borka-sbk-200-1dlccfs\/"},"modified":"2025-05-07T11:16:26","modified_gmt":"2025-05-07T10:16:26","slug":"pevny-noz-microtech-signature-series-borka-sbk-200-1dlccfs","status":"publish","type":"product","link":"https:\/\/www.moskito.cz\/sk\/produkt\/pevny-noz-microtech-signature-series-borka-sbk-200-1dlccfs\/","title":{"rendered":"Pevn\u00fd N\u00f4\u017e Microtech Signature Series Borka SBK 200-1DLCCFS"},"content":{"rendered":"<p>Pevn\u00fd N\u00f4\u017e <strong>Microtech<\/strong> Signature Series Borka SBK 200-1DLCCFS.<\/p>\n<p>Microtech Borka SBK pevn\u00e1 \u010depe\u013e karb\u00f3nov\u00e1 rukov\u00e4\u0165 DLC \u0160tandardn\u00e1 \u010depe\u013e Signature Series 200-1DLCCFS<\/p>\n<p>Sebastijan Berenji (Borka Blades) a Anthony Marfione (Microtech Knives) sa spojili, aby uviedli SBK do v\u00fdroby. T\u00e1to pevn\u00e1 \u010depe\u013e in\u0161pirovan\u00e1 japonsk\u00fdmi a perzsk\u00fdmi bojov\u00fdmi no\u017emi je \u00fa\u010delovo vyroben\u00e1 s \u00famyslom za ka\u017ed\u00fdm detailom. SBK je o nie\u010do v\u00e4\u010d\u0161ia ako vlastn\u00e1 spolupr\u00e1ca a pon\u00faka nieko\u013eko vylep\u0161en\u00ed, v\u010faka \u010domu je ide\u00e1lny obrann\u00fd kus. Tenk\u00e1 \u010depe\u013e sa vyzna\u010duje extr\u00e9mne zdvihnut\u00fdm hrotom. Symetrick\u00fd dizajn rukov\u00e4te, chr\u00e1ni\u010d a zaoblen\u00fd chrb\u00e1t vytv\u00e1raj\u00fa ergonomick\u00fd \u00fachop, ktor\u00fd je pohodln\u00fd a bezpe\u010dn\u00fd bez oh\u013eadu na dr\u017eanie v ruke.<\/p>\n<p>Tento model radu Signature m\u00e1 stupnice rukov\u00e4te z uhl\u00edkov\u00fdch vl\u00e1kien. \u010cierna \u010depe\u013e M390 z nerezovej ocele s koncov\u00fdm bodom DLC. Hardv\u00e9r dokon\u010den\u00fd v bronze. Zah\u0155\u0148a kydexov\u00e9 puzdro z uhl\u00edkov\u00fdch vl\u00e1kien s pripojen\u00fdm nosn\u00fdm syst\u00e9mom. \u010cepe\u013e m\u00e1 s\u00e9riov\u00e9 \u010d\u00edslo, d\u00e1tum v\u00fdroby a logo signat\u00fary s\u00e9rie na prednej strane a logo Borka na zadnej strane.<\/p>\n<p>Celkov\u00e1 d\u013a\u017eka: 24.4 cm<br \/>\nD\u013a\u017eka \u010depele: 12.7 cm<br \/>\nHr\u00fabka \u010depele: 0.5 cm<br \/>\nPovrchov\u00e1 \u00faprava \u010depele: Black DLC<br \/>\n\u0160t\u00fdl \u010depele: Trailing Point<br \/>\n\u0160t\u00fdl okraja: Oby\u010dajn\u00fd<br \/>\nMateri\u00e1l rukov\u00e4te: uhl\u00edkov\u00e9 vl\u00e1kno<br \/>\nHmotnos\u0165: 7 oz (198,45 g)<br \/>\nV\u00fdrobca Ref. #: 200-1DLCCFS<br \/>\nKrajina p\u00f4vodu: USA<\/p>\n<p><iframe title=\"Microtech Combat Troodon Torture Test\" width=\"800\" height=\"450\" src=\"https:\/\/www.youtube.com\/embed\/xE9TeOFYEjg?feature=oembed\" frameborder=\"0\" allow=\"accelerometer; autoplay; clipboard-write; encrypted-media; gyroscope; picture-in-picture; web-share\" referrerpolicy=\"strict-origin-when-cross-origin\" allowfullscreen><\/iframe><\/p>\n<p>&nbsp;<\/p>\n<p>&nbsp;<\/p>\n<p>&nbsp;<\/p>\n","protected":false},"excerpt":{"rendered":"<div class=\"elementor-element elementor-element-bbb542b elementor-widget elementor-widget-woocommerce-product-short-description\" data-id=\"bbb542b\" data-element_type=\"widget\" data-widget_type=\"woocommerce-product-short-description.default\">\n<div class=\"elementor-widget-container\">\n<div class=\"woocommerce-product-details__short-description\">\n<div class=\"elementor-element elementor-element-bbb542b elementor-widget elementor-widget-woocommerce-product-short-description\" data-id=\"bbb542b\" data-element_type=\"widget\" data-widget_type=\"woocommerce-product-short-description.default\">\n<div class=\"elementor-widget-container\">\n<div class=\"woocommerce-product-details__short-description\">\n<div class=\"elementor-element elementor-element-bbb542b elementor-widget elementor-widget-woocommerce-product-short-description\" data-id=\"bbb542b\" data-element_type=\"widget\" data-widget_type=\"woocommerce-product-short-description.default\">\n<div class=\"elementor-widget-container\">\n<div class=\"woocommerce-product-details__short-description\">\n<p><strong>V priebehu rokov Microtech\u00ae Knives naplnil v\u00e1\u0161\u0148ou a zru\u010dnos\u0165ou v\u00fdrobu no\u017eov, a\u017e z nich vytvoril takmer umeleck\u00e9 diela, ktor\u00e9 s\u00fa vrcholom funk\u010dnosti. V\u0161etky diely s\u00fa vyroben\u00e9 v USA.<\/strong><br \/>\n<strong>Na v\u0161etky no\u017ee Microtech je do\u017eivotn\u00e1 z\u00e1ruka.<\/strong><\/p>\n<p><strong>Doprava zadarmo.<\/strong><\/p>\n<\/div>\n<\/div>\n<\/div>\n<\/div>\n<\/div>\n<\/div>\n<\/div>\n<\/div>\n<\/div>\n","protected":false},"featured_media":343195,"comment_status":"open","ping_status":"closed","template":"","meta":[],"pwb-brand":[3200],"product_brand":[],"product_cat":[3186,3187],"product_tag":[],"class_list":{"0":"post-343225","1":"product","2":"type-product","3":"status-publish","4":"has-post-thumbnail","6":"pwb-brand-microtech-sk","7":"product_cat-noze-sk","8":"product_cat-pevne-noze-sk","10":"first","11":"outofstock","12":"taxable","13":"shipping-taxable","14":"purchasable","15":"product-type-simple"},"brands":[{"id":3200,"name":"Microtech","slug":"microtech-sk"}],"_links":{"self":[{"href":"https:\/\/www.moskito.cz\/sk\/wp-json\/wp\/v2\/product\/343225","targetHints":{"allow":["GET"]}}],"collection":[{"href":"https:\/\/www.moskito.cz\/sk\/wp-json\/wp\/v2\/product"}],"about":[{"href":"https:\/\/www.moskito.cz\/sk\/wp-json\/wp\/v2\/types\/product"}],"replies":[{"embeddable":true,"href":"https:\/\/www.moskito.cz\/sk\/wp-json\/wp\/v2\/comments?post=343225"}],"wp:featuredmedia":[{"embeddable":true,"href":"https:\/\/www.moskito.cz\/sk\/wp-json\/wp\/v2\/media\/343195"}],"wp:attachment":[{"href":"https:\/\/www.moskito.cz\/sk\/wp-json\/wp\/v2\/media?parent=343225"}],"wp:term":[{"taxonomy":"pwb-brand","embeddable":true,"href":"https:\/\/www.moskito.cz\/sk\/wp-json\/wp\/v2\/pwb-brand?post=343225"},{"taxonomy":"product_brand","embeddable":true,"href":"https:\/\/www.moskito.cz\/sk\/wp-json\/wp\/v2\/product_brand?post=343225"},{"taxonomy":"product_cat","embeddable":true,"href":"https:\/\/www.moskito.cz\/sk\/wp-json\/wp\/v2\/product_cat?post=343225"},{"taxonomy":"product_tag","embeddable":true,"href":"https:\/\/www.moskito.cz\/sk\/wp-json\/wp\/v2\/product_tag?post=343225"}],"curies":[{"name":"wp","href":"https:\/\/api.w.org\/{rel}","templated":true}]}}