{"id":343378,"date":"2022-04-10T19:48:18","date_gmt":"2024-06-03T07:47:43","guid":{"rendered":"https:\/\/www.moskito.cz\/produkt\/pevny-noz-boker-magnum-lil-friend-micro-02sc743\/"},"modified":"2025-05-07T11:16:32","modified_gmt":"2025-05-07T10:16:32","slug":"pevny-noz-boker-magnum-lil-friend-micro-02sc743","status":"publish","type":"product","link":"https:\/\/www.moskito.cz\/sk\/produkt\/pevny-noz-boker-magnum-lil-friend-micro-02sc743\/","title":{"rendered":"Pevn\u00fd N\u00f4\u017e B\u00f6ker Magnum Li&#8217;l Friend Micro 02SC743"},"content":{"rendered":"<p>Pevn\u00fd N\u00f4\u017e B\u00f6ker Magnum Li&#8217;l Friend Micro 02SC743.<\/p>\n<p>Magnum Li&#8217;l Friend je \u013eahk\u00fd, ostr\u00fd a nesmierne univerz\u00e1lny n\u00f4\u017e na krk. Ostr\u00e1 \u010depe\u013e 440A \u013eahko otv\u00e1ra obaly, prerez\u00e1va baliace p\u00e1sky a prerez\u00e1va l\u00e1tkov\u00fa p\u00e1sku. V\u0161estrannos\u0165 no\u017ea v\u0161ak neodkazuje iba na funkciu, ale aj na mo\u017enosti nosenia. Li&#8217;l Friend je mo\u017en\u00e9 nosi\u0165 vo vrecku, na krku s guli\u010dkovou retiazkou, pripevni\u0165 k v\u00e1\u0161mu vybaveniu alebo dokonca na opasku. Mal\u00fd, takmer mali\u010dk\u00fd n\u00f4\u017e, ktor\u00fd nie je dobr\u00e9 podce\u0148ova\u0165. \u010cepe\u013e typu drop-point je harmonicky kombinovan\u00e1 s rukov\u00e4\u0165ou G10 v pieskovej farbe. S Kydexov\u00fdm puzdrom, guli\u010dkov\u00fdm retiazkou a otvorom pre \u0161n\u00farku .<\/p>\n<p>Typ polo\u017eky: Pevn\u00fd n\u00f4\u017e<br \/>\nCelkov\u00e1 d\u013a\u017eka: 8,50 cm<br \/>\nD\u013a\u017eka \u010depele: 3,50 cm<br \/>\nHr\u00fabka \u010depele: 2,70 mm<br \/>\nHmotnos\u0165: 38,00 g<br \/>\nMateri\u00e1l \u010depele: 440A<br \/>\nMateri\u00e1l rukov\u00e4te: G10<br \/>\nSpona: Pevn\u00fd<br \/>\nFarba: Hned\u00fd<br \/>\nFarba \u010depele: \u0160ed\u00e1<br \/>\nMateri\u00e1l pl\u00e1\u0161\u0165a: Kydex<br \/>\n\u010c\u00edslo polo\u017eky: 02SC743<\/p>\n<p>Magnum Li&#8217;l Friend je svetlo, \u017eralok a extr\u00e9mne versatile krk knife.The \u017eralok 440A blade opens bal\u00ed\u010dky, rozto\u010den\u00e9 cez balenie p\u00e1sky, a roztomil\u00e9 cloth tape s ease. . Versability of n\u00f4\u017e nie len refers k jeho funkcii, ale aj k multiple carrying options. The Li&#8217;l Friend m\u00f4\u017ee by\u0165 opusten\u00fd vo va\u0161om pocket, okolo v\u00e1\u0161ho krku s gu\u013eou re\u0165az, zapojen\u00e9 do vybavenia alebo dokonca do v\u00e1\u0161ho beltu. A small, almost tiny knife, which should not be underestimated. Je to harmoniously kombin\u00e1cie a drop bod blade s pieskom-colorovan\u00fd G10 rukov\u00e4\u0165.<\/p>\n<p>Type:<br \/>\nFixed Blade<br \/>\nOverall Length:<br \/>\n8,50 cm<br \/>\nBlade Length:<br \/>\n3,50 cm<br \/>\nBlade Thickness:<br \/>\n2,70 mm<br \/>\nWeight:<br \/>\n38,00 g<br \/>\nBlade Material:<br \/>\n440A<br \/>\nHandle Material:<br \/>\nG10<br \/>\nLock Type:<br \/>\nFixed<br \/>\nMade in:<br \/>\n\u00c1zia<br \/>\nColor:<br \/>\nBrown<br \/>\nBlade Color:<br \/>\nGray<br \/>\nSheath Material:<br \/>\nKydex<br \/>\nItem Number:<br \/>\n02SC743<\/p>\n<p>&nbsp;<\/p>\n","protected":false},"excerpt":{"rendered":"<p>No\u017eiarska manufakt\u00fara <strong>B\u00f6ker<\/strong> sa postupom \u010dasu vypracovala na glob\u00e1lneho inova\u010dn\u00e9ho l\u00eddra a najv\u00e4\u010d\u0161ieho v\u00fdrobcu \u0161portov\u00fdch no\u017eov, taktick\u00fdch no\u017eov a zberate\u013esk\u00fdch no\u017eov v Eur\u00f3pe.<\/p>\n","protected":false},"featured_media":214133,"comment_status":"open","ping_status":"closed","template":"","meta":[],"pwb-brand":[3419],"product_brand":[],"product_cat":[3186,3187],"product_tag":[3668],"class_list":{"0":"post-343378","1":"product","2":"type-product","3":"status-publish","4":"has-post-thumbnail","6":"pwb-brand-boker-sk","7":"product_cat-noze-sk","8":"product_cat-pevne-noze-sk","9":"product_tag-b2b-sk","11":"first","12":"outofstock","13":"taxable","14":"shipping-taxable","15":"purchasable","16":"product-type-simple"},"brands":[{"id":3419,"name":"Boker","slug":"boker-sk"}],"_links":{"self":[{"href":"https:\/\/www.moskito.cz\/sk\/wp-json\/wp\/v2\/product\/343378","targetHints":{"allow":["GET"]}}],"collection":[{"href":"https:\/\/www.moskito.cz\/sk\/wp-json\/wp\/v2\/product"}],"about":[{"href":"https:\/\/www.moskito.cz\/sk\/wp-json\/wp\/v2\/types\/product"}],"replies":[{"embeddable":true,"href":"https:\/\/www.moskito.cz\/sk\/wp-json\/wp\/v2\/comments?post=343378"}],"wp:featuredmedia":[{"embeddable":true,"href":"https:\/\/www.moskito.cz\/sk\/wp-json\/wp\/v2\/media\/214133"}],"wp:attachment":[{"href":"https:\/\/www.moskito.cz\/sk\/wp-json\/wp\/v2\/media?parent=343378"}],"wp:term":[{"taxonomy":"pwb-brand","embeddable":true,"href":"https:\/\/www.moskito.cz\/sk\/wp-json\/wp\/v2\/pwb-brand?post=343378"},{"taxonomy":"product_brand","embeddable":true,"href":"https:\/\/www.moskito.cz\/sk\/wp-json\/wp\/v2\/product_brand?post=343378"},{"taxonomy":"product_cat","embeddable":true,"href":"https:\/\/www.moskito.cz\/sk\/wp-json\/wp\/v2\/product_cat?post=343378"},{"taxonomy":"product_tag","embeddable":true,"href":"https:\/\/www.moskito.cz\/sk\/wp-json\/wp\/v2\/product_tag?post=343378"}],"curies":[{"name":"wp","href":"https:\/\/api.w.org\/{rel}","templated":true}]}}