{"id":343531,"date":"2022-10-31T22:12:18","date_gmt":"2024-06-11T14:43:03","guid":{"rendered":"https:\/\/www.moskito.cz\/produkt\/zatvaraci-noz-cold-steel-hold-out-6-blade-full-serrated-edge-blk-s35vn\/"},"modified":"2025-05-07T11:16:36","modified_gmt":"2025-05-07T10:16:36","slug":"zatvaraci-noz-cold-steel-hold-out-6-blade-full-serrated-edge-blk-s35vn","status":"publish","type":"product","link":"https:\/\/www.moskito.cz\/sk\/produkt\/zatvaraci-noz-cold-steel-hold-out-6-blade-full-serrated-edge-blk-s35vn\/","title":{"rendered":"Zatv\u00e1rac\u00ed N\u00f4\u017e Cold Steel HOLD OUT 6&#8243; BLADE FULL SERRATED EDGE BLK S35VN"},"content":{"rendered":"<p>Zatv\u00e1rac\u00ed N\u00f4\u017e <strong>Cold Steel<\/strong> HOLD OUT 6&#8243; BLADE FULL SERRATED EDGE BLK S35VN.<\/p>\n<p>COLD STEEL o\u017eivil u\u017e sk\u00f4r vyr\u00e1ban\u00fd a ve\u013emi popul\u00e1rny zatv\u00e1rac\u00ed n\u00f4\u017e Hold Out a to rovno v \u0161tyroch prevedeniach \u010depele. Oproti p\u00f4vodnej verzii v\u0161ak na no\u017ee pou\u017eil v\u00fdrazne u\u0161\u013eachtilej\u0161iu pr\u00e1\u0161kov\u00fa nerezov\u00fa oce\u013e S35VN. T\u00e1to v\u00fdnimo\u010dn\u00e1 americk\u00e1 oce\u013e je nielen ve\u013emi tuh\u00e1 a odoln\u00e1, ale mo\u017eno na nej dosiahnu\u0165 vynikaj\u00facu ostros\u0165 no\u017ea a ostrie m\u00e1 potom dlh\u00fa trvanlivos\u0165. Ve\u013emi jemne zrnit\u00e1 pr\u00e1\u0161kov\u00e1 oce\u013e s jednotnou mikro\u0161trukt\u00farou pon\u00faka ve\u013emi stabiln\u00e9 vlastnosti. Je odoln\u00e1 aj pri ve\u013emi jemnej fazete ostrie, spo\u013eahliv\u00e1, vysoko nehrdzavej\u00faca. Je to dobr\u00e1 vo\u013eba pre vysoko kvalitn\u00e9 z\u00e1kazkov\u00e9 no\u017ee a n\u00e1stroje. Proces CPM (pseudopr\u00e1\u0161kov\u00e1 metalurgia) je z\u00e1rukou ve\u013emi homog\u00e9nnej, vysoko kvalitnej \u0161trukt\u00fary ocele, rozmerovou stabilitou, dobrou br\u00fasite\u013enos\u0165ou a pevnos\u0165ou v porovnan\u00ed s oce\u013eami vyroben\u00fdmi klasick\u00fdmi konven\u010dn\u00fdmi met\u00f3dami. Napriek ni\u017e\u0161iemu obsahu chr\u00f3mu vykazuje t\u00e1to oce\u013e v oblasti odolnosti proti kor\u00f3zii ve\u013emi dobr\u00e9 v\u00fdsledky. Rukov\u00e4\u0165 no\u017eov Hold Out je vyroben\u00e1 z G-10 &#8211; zo sklen\u00e9ho vl\u00e1kna. Povrch rukov\u00e4te m\u00e1 hrub\u00fa text\u00faru a nie je klzk\u00fd ani v spoten\u00fdch alebo mokr\u00fdch ruk\u00e1ch. Aj tento rad no\u017eov je vybaven\u00fd unik\u00e1tnym patentom Cold Steel\u00ae Tri-Ad Lock\u2122. Poistka zabra\u0148uje samo\u010dinn\u00e9mu alebo nechcen\u00e9mu zatvoreniu no\u017ea aj po prirodzenom opotrebovan\u00ed v priebehu \u010dasu.<\/p>\n<p>PARAMETRE PRODUKTU<br \/>\nCelkov\u00e1 ve\u013ekos\u0165:335 mm<br \/>\nD\u013a\u017eka \u010depele: 152 mm<br \/>\nOce\u013e: S35VN Steel<br \/>\nFarba: \u010cierna\/Strieborn\u00e1<br \/>\nMateri\u00e1l rukov\u00e4te: Long G-10Handle<br \/>\nD\u013a\u017eka rukov\u00e4te: 183 mm<br \/>\nHmotnos\u0165: 198,5 g<br \/>\nHr\u00fabka \u010depele: 3,8 mm<br \/>\nDruh poistky: Tri-Ad Lock<\/p>\n","protected":false},"excerpt":{"rendered":"<p>Cel\u00fd rad zatv\u00e1rac\u00edch no\u017eov Hold Out vych\u00e1dza zo \u0161k\u00f3tskej predlohy pevn\u00e9ho no\u017ea Skean Dhu.<\/p>\n","protected":false},"featured_media":229035,"comment_status":"open","ping_status":"closed","template":"","meta":[],"pwb-brand":[3598],"product_brand":[],"product_cat":[3186,3233],"product_tag":[3668],"class_list":{"0":"post-343531","1":"product","2":"type-product","3":"status-publish","4":"has-post-thumbnail","6":"pwb-brand-cold-steel-sk","7":"product_cat-noze-sk","8":"product_cat-zatvaracie-noze","9":"product_tag-b2b-sk","11":"first","12":"instock","13":"taxable","14":"shipping-taxable","15":"purchasable","16":"product-type-simple"},"brands":[{"id":3598,"name":"Cold Steel","slug":"cold-steel-sk"}],"_links":{"self":[{"href":"https:\/\/www.moskito.cz\/sk\/wp-json\/wp\/v2\/product\/343531","targetHints":{"allow":["GET"]}}],"collection":[{"href":"https:\/\/www.moskito.cz\/sk\/wp-json\/wp\/v2\/product"}],"about":[{"href":"https:\/\/www.moskito.cz\/sk\/wp-json\/wp\/v2\/types\/product"}],"replies":[{"embeddable":true,"href":"https:\/\/www.moskito.cz\/sk\/wp-json\/wp\/v2\/comments?post=343531"}],"wp:featuredmedia":[{"embeddable":true,"href":"https:\/\/www.moskito.cz\/sk\/wp-json\/wp\/v2\/media\/229035"}],"wp:attachment":[{"href":"https:\/\/www.moskito.cz\/sk\/wp-json\/wp\/v2\/media?parent=343531"}],"wp:term":[{"taxonomy":"pwb-brand","embeddable":true,"href":"https:\/\/www.moskito.cz\/sk\/wp-json\/wp\/v2\/pwb-brand?post=343531"},{"taxonomy":"product_brand","embeddable":true,"href":"https:\/\/www.moskito.cz\/sk\/wp-json\/wp\/v2\/product_brand?post=343531"},{"taxonomy":"product_cat","embeddable":true,"href":"https:\/\/www.moskito.cz\/sk\/wp-json\/wp\/v2\/product_cat?post=343531"},{"taxonomy":"product_tag","embeddable":true,"href":"https:\/\/www.moskito.cz\/sk\/wp-json\/wp\/v2\/product_tag?post=343531"}],"curies":[{"name":"wp","href":"https:\/\/api.w.org\/{rel}","templated":true}]}}