{"id":343582,"date":"2022-11-01T17:59:02","date_gmt":"2022-11-01T16:59:02","guid":{"rendered":"https:\/\/www.moskito.cz\/?post_type=product&#038;p=343582"},"modified":"2025-05-07T11:16:39","modified_gmt":"2025-05-07T10:16:39","slug":"pevny-noz-cold-steel-pendleton-mini-hunter","status":"publish","type":"product","link":"https:\/\/www.moskito.cz\/sk\/produkt\/pevny-noz-cold-steel-pendleton-mini-hunter\/","title":{"rendered":"Pevn\u00fd N\u00f4\u017e Cold Steel Pendleton Mini Hunter"},"content":{"rendered":"<p>Pevn\u00fd N\u00f4\u017e <strong>Cold Steel<\/strong> Pendleton Mini Hunter.<\/p>\n<p>Pendleton Mini Hunter je mal\u00fd po\u013eovn\u00fd n\u00f4\u017e s hladk\u00fdm ostr\u00edm. COLD STEEL vyr\u00e1ba Pendlton Huntery pod\u013ea predlohy no\u017eov zn\u00e1meho americk\u00e9ho no\u017eiara Lloyd Pendletona, ktor\u00fd s firmou \u00fazko spolupracuje a podie\u013ea sa na v\u00fdvoji s\u00e9riovo vyr\u00e1ban\u00fdch loveck\u00fdch no\u017eov. \u010cepe\u013e DropPoint je vyroben\u00e1 z japonskej ocele AUS 10A. T\u00e1to martenzitick\u00e1, nerezov\u00e1 oce\u013e m\u00e1 ve\u013emi dobr\u00e9 pevnostn\u00e9 vlastnosti a je veden\u00e1 predov\u0161etk\u00fdm ako materi\u00e1l na rezn\u00e9 n\u00e1stroje. Oproti AUS 8A lep\u0161ie dr\u017e\u00ed ostrie a je odolnej\u0161ia proti oteru. Oce\u013e bola n\u00e1sledne tepelne spracovan\u00e1 pre dokonal\u00fa rovnov\u00e1hu medzi dr\u017ean\u00edm ostrie a jednoduch\u00fdm op\u00e4tovn\u00fdm br\u00fasen\u00edm. Perfektne tvarovan\u00e1 rukov\u00e4\u0165 no\u017ea z materi\u00e1lu Kraton (Long Kray-Ex\u2122) pon\u00faka nek\u013azav\u00fd povrch. V\u00fdborne padne do ruky a umo\u017e\u0148uje aj ve\u013emi jemn\u00fa pr\u00e1cu s no\u017eom v mokrom a blativom prostred\u00ed. Balenie je puzdro Secure-Ex pre ochranu V\u00e1s aj ostrie. Mini Hunter je nepostr\u00e1date\u013en\u00fdm n\u00e1strojom, ktor\u00fd dok\u00e1\u017ee dokonale doplni\u0165 ak\u00fako\u013evek loveck\u00fa sadu alebo s\u00fapravu na pre\u017eitie, pri tom vyzer\u00e1 dos\u0165 nen\u00e1padne, a preto ho m\u00f4\u017eete nosi\u0165 bez ob\u00e1v, \u017ee pritiahne ve\u013ek\u00fa pozornos\u0165. Dovozca na tento n\u00f4\u017e poskytuje pred\u013a\u017een\u00fa z\u00e1ruku 5 rokov.<\/p>\n<p>PARAMETRE PRODUKTU<br \/>\nD\u013a\u017eka rukov\u00e4te: 92 mm<br \/>\nMateri\u00e1l rukov\u00e4te: Long Kray-Ex\u2122<br \/>\nMateri\u00e1l puzdra: Secure-Ex\u00ae Sheath<br \/>\nHmotnos\u0165: 57 g<br \/>\nFarba: \u010cierna\/Strieborn\u00e1<br \/>\nD\u013a\u017eka \u010depele: 76 mm<br \/>\nCelkov\u00e1 ve\u013ekos\u0165: 168 mm<br \/>\nOce\u013e: AUS 10A<br \/>\nHr\u00fabka \u010depele: 3 mm<\/p>\n<p>&nbsp;<\/p>\n","protected":false},"excerpt":{"rendered":"<p>Pendleton Mini Hunter je pevn\u00fd n\u00f4\u017e s hladk\u00fdm ostr\u00edm.<\/p>\n","protected":false},"featured_media":229098,"comment_status":"open","ping_status":"closed","template":"","meta":[],"pwb-brand":[3598],"product_brand":[],"product_cat":[3187,3186],"product_tag":[],"class_list":{"0":"post-343582","1":"product","2":"type-product","3":"status-publish","4":"has-post-thumbnail","6":"pwb-brand-cold-steel-sk","7":"product_cat-pevne-noze-sk","8":"product_cat-noze-sk","10":"first","11":"instock","12":"taxable","13":"shipping-taxable","14":"purchasable","15":"product-type-simple"},"brands":[{"id":3598,"name":"Cold Steel","slug":"cold-steel-sk"}],"_links":{"self":[{"href":"https:\/\/www.moskito.cz\/sk\/wp-json\/wp\/v2\/product\/343582","targetHints":{"allow":["GET"]}}],"collection":[{"href":"https:\/\/www.moskito.cz\/sk\/wp-json\/wp\/v2\/product"}],"about":[{"href":"https:\/\/www.moskito.cz\/sk\/wp-json\/wp\/v2\/types\/product"}],"replies":[{"embeddable":true,"href":"https:\/\/www.moskito.cz\/sk\/wp-json\/wp\/v2\/comments?post=343582"}],"wp:featuredmedia":[{"embeddable":true,"href":"https:\/\/www.moskito.cz\/sk\/wp-json\/wp\/v2\/media\/229098"}],"wp:attachment":[{"href":"https:\/\/www.moskito.cz\/sk\/wp-json\/wp\/v2\/media?parent=343582"}],"wp:term":[{"taxonomy":"pwb-brand","embeddable":true,"href":"https:\/\/www.moskito.cz\/sk\/wp-json\/wp\/v2\/pwb-brand?post=343582"},{"taxonomy":"product_brand","embeddable":true,"href":"https:\/\/www.moskito.cz\/sk\/wp-json\/wp\/v2\/product_brand?post=343582"},{"taxonomy":"product_cat","embeddable":true,"href":"https:\/\/www.moskito.cz\/sk\/wp-json\/wp\/v2\/product_cat?post=343582"},{"taxonomy":"product_tag","embeddable":true,"href":"https:\/\/www.moskito.cz\/sk\/wp-json\/wp\/v2\/product_tag?post=343582"}],"curies":[{"name":"wp","href":"https:\/\/api.w.org\/{rel}","templated":true}]}}