{"id":343612,"date":"2022-11-06T21:44:41","date_gmt":"2022-11-06T20:44:41","guid":{"rendered":"https:\/\/www.moskito.cz\/produkt\/pevny-noz-cold-steel-drop-forged-hunter\/"},"modified":"2024-06-12T10:11:38","modified_gmt":"2024-06-12T09:11:38","slug":"pevny-noz-cold-steel-drop-forged-hunter","status":"publish","type":"product","link":"https:\/\/www.moskito.cz\/sk\/produkt\/pevny-noz-cold-steel-drop-forged-hunter\/","title":{"rendered":"Pevn\u00fd N\u00f4\u017e Cold Steel DROP FORGED HUNTER"},"content":{"rendered":"<p>Pevn\u00fd N\u00f4\u017e <strong>Cold Steel<\/strong> DROP FORGED HUNTER.<\/p>\n<p>N\u00e1\u0161 Drop Forged Hunter je praktick\u00fd outdoorov\u00fd \/ po\u013eovn\u00edcky n\u00f4\u017e a n\u00e1stroj. Vyzna\u010duje sa plynulo zakrivenou, super \u0161irokou \u010depe\u013eou, ktor\u00e1 je ostr\u00e1 a pevn\u00e1 a je navrhnut\u00e1 tak, aby odv\u00e1dzala skvel\u00fa pr\u00e1cu aj v t\u00fdch najn\u00e1ro\u010dnej\u0161\u00edch podmienkach. So svojim pekn\u00fdm a poveternostn\u00fdm vplyvom odoln\u00fdm pr\u00e1\u0161kov\u00fdm lakom a modern\u00fdm puzdrom Secure-Ex prin\u00e1\u0161a Drop Forged Hunter v\u0161etky najlep\u0161ie vlastnosti osved\u010den\u00e9ho loveck\u00e9ho no\u017ea, ale v \u00faplne modernom balen\u00ed!<\/p>\n<p>PARAMETRE PRODUKTU<br \/>\nCelkov\u00e1 ve\u013ekos\u0165: 219 mm<br \/>\nD\u013a\u017eka \u010depele: 101 mm<br \/>\nOce\u013e: 52100 High Carbon<br \/>\nHr\u00fabka \u010depele: 5 mm<br \/>\nMateri\u00e1l puzdra: Secure-Ex \u2122 Sheath<br \/>\nHmotnos\u0165: 243,8 g<br \/>\nD\u013a\u017eka rukov\u00e4te: 117 mm<br \/>\nFarba: Siv\u00e1<\/p>\n","protected":false},"excerpt":{"rendered":"<p>Pevn\u00fd N\u00f4\u017e Cold Steel DROP FORGED HUNTER. N\u00e1\u0161 Drop Forged Hunter je praktick\u00fd outdoorov\u00fd \/ po\u013eovn\u00edcky n\u00f4\u017e a n\u00e1stroj. Vyzna\u010duje sa plynulo zakrivenou, super \u0161irokou \u010depe\u013eou, ktor\u00e1 je ostr\u00e1 a pevn\u00e1 a je navrhnut\u00e1 tak, aby odv\u00e1dzala skvel\u00fa pr\u00e1cu aj v t\u00fdch najn\u00e1ro\u010dnej\u0161\u00edch podmienkach. So svojim pekn\u00fdm a poveternostn\u00fdm vplyvom odoln\u00fdm pr\u00e1\u0161kov\u00fdm lakom a modern\u00fdm [&hellip;]<\/p>\n","protected":false},"featured_media":229549,"comment_status":"open","ping_status":"closed","template":"","meta":[],"pwb-brand":[3598],"product_brand":[],"product_cat":[3187,3186],"product_tag":[],"class_list":{"0":"post-343612","1":"product","2":"type-product","3":"status-publish","4":"has-post-thumbnail","6":"pwb-brand-cold-steel-sk","7":"product_cat-pevne-noze-sk","8":"product_cat-noze-sk","10":"first","11":"instock","12":"taxable","13":"shipping-taxable","14":"purchasable","15":"product-type-simple"},"brands":[{"id":3598,"name":"Cold Steel","slug":"cold-steel-sk"}],"_links":{"self":[{"href":"https:\/\/www.moskito.cz\/sk\/wp-json\/wp\/v2\/product\/343612","targetHints":{"allow":["GET"]}}],"collection":[{"href":"https:\/\/www.moskito.cz\/sk\/wp-json\/wp\/v2\/product"}],"about":[{"href":"https:\/\/www.moskito.cz\/sk\/wp-json\/wp\/v2\/types\/product"}],"replies":[{"embeddable":true,"href":"https:\/\/www.moskito.cz\/sk\/wp-json\/wp\/v2\/comments?post=343612"}],"wp:featuredmedia":[{"embeddable":true,"href":"https:\/\/www.moskito.cz\/sk\/wp-json\/wp\/v2\/media\/229549"}],"wp:attachment":[{"href":"https:\/\/www.moskito.cz\/sk\/wp-json\/wp\/v2\/media?parent=343612"}],"wp:term":[{"taxonomy":"pwb-brand","embeddable":true,"href":"https:\/\/www.moskito.cz\/sk\/wp-json\/wp\/v2\/pwb-brand?post=343612"},{"taxonomy":"product_brand","embeddable":true,"href":"https:\/\/www.moskito.cz\/sk\/wp-json\/wp\/v2\/product_brand?post=343612"},{"taxonomy":"product_cat","embeddable":true,"href":"https:\/\/www.moskito.cz\/sk\/wp-json\/wp\/v2\/product_cat?post=343612"},{"taxonomy":"product_tag","embeddable":true,"href":"https:\/\/www.moskito.cz\/sk\/wp-json\/wp\/v2\/product_tag?post=343612"}],"curies":[{"name":"wp","href":"https:\/\/api.w.org\/{rel}","templated":true}]}}