{"id":343627,"date":"2022-04-21T21:15:37","date_gmt":"2022-04-21T20:15:37","guid":{"rendered":"https:\/\/www.moskito.cz\/produkt\/pevny-noz-cold-steel-counter-tac-i\/"},"modified":"2024-06-12T10:17:41","modified_gmt":"2024-06-12T09:17:41","slug":"pevny-noz-cold-steel-counter-tac-i","status":"publish","type":"product","link":"https:\/\/www.moskito.cz\/sk\/produkt\/pevny-noz-cold-steel-counter-tac-i\/","title":{"rendered":"Pevn\u00fd N\u00f4\u017e Cold Steel COUNTER TAC I"},"content":{"rendered":"<p>Pevn\u00fd N\u00f4\u017e <strong>Cold Steel<\/strong> COUNTER TAC I<\/p>\n<p>Na\u0161e botov\u00e9 no\u017ee Counter Tac boli navrhnut\u00e9 s oh\u013eadom na jednoduch\u00fa filozofiu. Funk\u010dnos\u0165. Jednoducho &#8211; funguj\u00fa a vynikaj\u00fa v tom, \u010do robia! Ich ostr\u00e9 \u010depele AUS 8A s plnou \u0161pi\u010dkou s\u00fa v\u00e1kuovo tepelne spracovan\u00e9 a kalen\u00e9 pod nulou pre pevnos\u0165 a odolnos\u0165. Ergonomick\u00fd dizajn rukov\u00e4te Kray-Ex\u2122 je pohodln\u00fd a prisp\u00f4sobite\u013en\u00fd ka\u017ed\u00e9mu \u00fachopu a hlboko \u0161trukt\u00farovan\u00fd povrch a dvojit\u00fd kryt zaist\u00ed, \u017ee v\u00e1m n\u00f4\u017e za \u017eiadnych okolnost\u00ed nevyk\u013azne z ruky. Nakoniec je ka\u017ed\u00fd Counter Tac dod\u00e1van\u00fd s najmodernej\u0161\u00edm puzdrom Secure-Ex, doplnen\u00fdm odn\u00edmate\u013enou sponou na top\u00e1nky\/opasok a priv\u00e4zovac\u00edmi otvormi, tak\u017ee ho m\u00f4\u017eete nosi\u0165 prakticky kdeko\u013evek.<\/p>\n<p>PARAMETRE PRODUKTU<br \/>\nCelkov\u00e1 ve\u013ekos\u0165: 241,3 mm<br \/>\nFarba : \u010cierna\/Strieborn\u00e1<br \/>\nD\u013a\u017eka \u010depele: 127 mm<br \/>\nMateri\u00e1l rukov\u00e4te : Long Kray-Ex\u2122<br \/>\nHmotnos\u0165 : 130,4 g<br \/>\nHr\u00fabka \u010depele: 5 mm<br \/>\nD\u013a\u017eka rukov\u00e4te: 114 mm<br \/>\nOce\u013e : Japanese AUS 8A Stainless with Stone Washed Finish<br \/>\nMateri\u00e1l puzdra : Secure-Ex\u2122 Sheath<\/p>\n<p>Na\u0161e Counter Tac boot knives boli dizajnovan\u00e9 s jednou simple philosophy in mind. Functionality. Quite simply &#8211; they work, and they excel at, \u010do they do! Their sharp, AUS 8A full-tang blades s\u00fa v\u00e1kuum pe\u010den\u00e9, a sub-zero osaden\u00e9 pre strength and durability. Ergonomick\u00fd dizajn Kray-Ex\u2122 rukov\u00e4\u0165 je pohodln\u00fd a adaptovate\u013en\u00fd na jeden grip, a hlboko texturovan\u00fd povrch a dvojit\u00fd str\u00e1\u017e bude insurova\u0165, \u017ee n\u00f4\u017e nie je likely k slipu z va\u0161ej ruky pod ka\u017ed\u00fdmi circumstances. Nakoniec, ka\u017ed\u00fd Counter Tac je lo\u010f s \u0161t\u00e1tom umenia Secure-Ex sheath, vy\u010derp\u00e1vaj\u00face s removable boot\/belt klip a ukladacie sloty s \u0148ou m\u00f4\u017ee by\u0165 \u010doskoro \u010doko\u013evek.<br \/>\nWeight: 4.6oz Blade Thickness: 5mm Blade Length: 5&#8243; Blade Steel: Japonsko AUS8A w\/ Stonewash Finish Handle Length\/Material: 4-1\/2&#8243; Kray-Ex Overall Length: 9-1\/2&#8243; Additional Features: Secure -Ex\u2122 Sheath Knife Type: Fixed Steel Family: AUS Blade Shape: Spear Point<\/p>\n","protected":false},"excerpt":{"rendered":"<div class=\"vc-commoditydetail_annotation\">\n<div class=\"annotation wysiwyg\">Pevn\u00e9 no\u017ee Counter TAC od firmy COLD STEEL s\u00fa ur\u010den\u00e9 predov\u0161etk\u00fdm na skryt\u00e9 nosenie v top\u00e1nke. Ich \u010depe\u013e je obojstranne br\u00fasen\u00e1 a ka\u017ed\u00fd Counter TAC je dod\u00e1van\u00fd s puzdrom Secure-Ex\u00ae.<\/div>\n<\/div>\n<div class=\"vc-commoditydetail_info\">\n<div class=\"items loaded\" data-module=\"vm\/CommodityDetail_Info\"><\/div>\n<\/div>\n","protected":false},"featured_media":215351,"comment_status":"open","ping_status":"closed","template":"","meta":[],"pwb-brand":[3598],"product_brand":[],"product_cat":[3187,3186],"product_tag":[],"class_list":{"0":"post-343627","1":"product","2":"type-product","3":"status-publish","4":"has-post-thumbnail","6":"pwb-brand-cold-steel-sk","7":"product_cat-pevne-noze-sk","8":"product_cat-noze-sk","10":"first","11":"instock","12":"taxable","13":"shipping-taxable","14":"purchasable","15":"product-type-simple"},"brands":[{"id":3598,"name":"Cold Steel","slug":"cold-steel-sk"}],"_links":{"self":[{"href":"https:\/\/www.moskito.cz\/sk\/wp-json\/wp\/v2\/product\/343627","targetHints":{"allow":["GET"]}}],"collection":[{"href":"https:\/\/www.moskito.cz\/sk\/wp-json\/wp\/v2\/product"}],"about":[{"href":"https:\/\/www.moskito.cz\/sk\/wp-json\/wp\/v2\/types\/product"}],"replies":[{"embeddable":true,"href":"https:\/\/www.moskito.cz\/sk\/wp-json\/wp\/v2\/comments?post=343627"}],"wp:featuredmedia":[{"embeddable":true,"href":"https:\/\/www.moskito.cz\/sk\/wp-json\/wp\/v2\/media\/215351"}],"wp:attachment":[{"href":"https:\/\/www.moskito.cz\/sk\/wp-json\/wp\/v2\/media?parent=343627"}],"wp:term":[{"taxonomy":"pwb-brand","embeddable":true,"href":"https:\/\/www.moskito.cz\/sk\/wp-json\/wp\/v2\/pwb-brand?post=343627"},{"taxonomy":"product_brand","embeddable":true,"href":"https:\/\/www.moskito.cz\/sk\/wp-json\/wp\/v2\/product_brand?post=343627"},{"taxonomy":"product_cat","embeddable":true,"href":"https:\/\/www.moskito.cz\/sk\/wp-json\/wp\/v2\/product_cat?post=343627"},{"taxonomy":"product_tag","embeddable":true,"href":"https:\/\/www.moskito.cz\/sk\/wp-json\/wp\/v2\/product_tag?post=343627"}],"curies":[{"name":"wp","href":"https:\/\/api.w.org\/{rel}","templated":true}]}}