{"id":343645,"date":"2022-04-20T20:21:40","date_gmt":"2024-06-12T09:23:33","guid":{"rendered":"https:\/\/www.moskito.cz\/produkt\/pevny-noz-cold-steel-drop-forged-boot-knife\/"},"modified":"2025-05-07T11:16:41","modified_gmt":"2025-05-07T10:16:41","slug":"pevny-noz-cold-steel-drop-forged-boot-knife","status":"publish","type":"product","link":"https:\/\/www.moskito.cz\/sk\/produkt\/pevny-noz-cold-steel-drop-forged-boot-knife\/","title":{"rendered":"Pevn\u00fd N\u00f4\u017e Cold Steel DROP FORGED BOOT KNIFE"},"content":{"rendered":"<p>Pevn\u00fd N\u00f4\u017e <strong>Cold Steel<\/strong> DROP FORGED BOOT KNIFE<\/p>\n<p>Drop Forged Boot Knife je n\u00f4\u017e ur\u010den\u00fd na skryt\u00e9 nosenie. S prenikavou dvojbritou 5&#8243; \u010depe\u013eou a ihlou ostrou \u0161pi\u010dkou je to podstatn\u00fd a \u0161okuj\u00faci \u00fa\u010dinn\u00fd n\u00e1stroj sebaobrany v poslednej priekope, ale v\u010faka svojmu tenk\u00e9mu profilu a jednodielnej kon\u0161trukcii sa nesie pozoruhodne ploch\u00fd bez &#8222;tla\u010de&#8220; dovn\u00fatra. The Drop Kovan\u00fd botanick\u00fd n\u00f4\u017e je pevn\u00fd, ostr\u00fd a v\u010faka svojej \u0165a\u017ekej kon\u0161trukcii s rukov\u00e4\u0165ou m\u00e1 obrovsk\u00fa prierazn\u00fa silu. Ka\u017ed\u00fd botanick\u00fd n\u00f4\u017e je dod\u00e1van\u00fd s puzdrom Secure-Ex a integrovan\u00fdm Ulti-Clip\u2122 * pre vynikaj\u00face a spo\u013eahliv\u00e9 dr\u017eanie v top\u00e1nke alebo pripnut\u00edm k p\u00e1su * Vyroben\u00e9 v Amerike z 1075 Spring Steel, Ulti-Clip \u2122 pon\u00faka extr\u00e9mne bezpe\u010dn\u00e9 uchytenie a zv\u00fd\u0161en\u00fd potenci\u00e1l zakrytia.<\/p>\n<p>Popis:<br \/>\nMateri\u00e1l \u010depele: 52100<br \/>\nMateri\u00e1l puzdra: Secure-Ex<br \/>\nD\u013a\u017eka \u010depele: 12.7 cm<br \/>\nCelkov\u00e1 d\u013a\u017eka: 22.9 cm<br \/>\nD\u013a\u017eka rukov\u00e4te: 10.2 cm<br \/>\nHr\u00fabka \u010depele: 4.5 mm<br \/>\nHmotnos\u0165: 181 g<\/p>\n<p>&nbsp;<\/p>\n","protected":false},"excerpt":{"rendered":"<p><strong>Forged Boot Knife od firmy COLD STEEL je pevn\u00fd n\u00f4\u017e ur\u010den\u00fd na skryt\u00e9 nosenie s obojstrann\u00fdm hladk\u00fdm ostr\u00edm.<\/strong><\/p>\n","protected":false},"featured_media":215122,"comment_status":"open","ping_status":"closed","template":"","meta":[],"pwb-brand":[3598],"product_brand":[],"product_cat":[3186,3187],"product_tag":[],"class_list":{"0":"post-343645","1":"product","2":"type-product","3":"status-publish","4":"has-post-thumbnail","6":"pwb-brand-cold-steel-sk","7":"product_cat-noze-sk","8":"product_cat-pevne-noze-sk","10":"first","11":"outofstock","12":"taxable","13":"shipping-taxable","14":"purchasable","15":"product-type-simple"},"brands":[{"id":3598,"name":"Cold Steel","slug":"cold-steel-sk"}],"_links":{"self":[{"href":"https:\/\/www.moskito.cz\/sk\/wp-json\/wp\/v2\/product\/343645","targetHints":{"allow":["GET"]}}],"collection":[{"href":"https:\/\/www.moskito.cz\/sk\/wp-json\/wp\/v2\/product"}],"about":[{"href":"https:\/\/www.moskito.cz\/sk\/wp-json\/wp\/v2\/types\/product"}],"replies":[{"embeddable":true,"href":"https:\/\/www.moskito.cz\/sk\/wp-json\/wp\/v2\/comments?post=343645"}],"wp:featuredmedia":[{"embeddable":true,"href":"https:\/\/www.moskito.cz\/sk\/wp-json\/wp\/v2\/media\/215122"}],"wp:attachment":[{"href":"https:\/\/www.moskito.cz\/sk\/wp-json\/wp\/v2\/media?parent=343645"}],"wp:term":[{"taxonomy":"pwb-brand","embeddable":true,"href":"https:\/\/www.moskito.cz\/sk\/wp-json\/wp\/v2\/pwb-brand?post=343645"},{"taxonomy":"product_brand","embeddable":true,"href":"https:\/\/www.moskito.cz\/sk\/wp-json\/wp\/v2\/product_brand?post=343645"},{"taxonomy":"product_cat","embeddable":true,"href":"https:\/\/www.moskito.cz\/sk\/wp-json\/wp\/v2\/product_cat?post=343645"},{"taxonomy":"product_tag","embeddable":true,"href":"https:\/\/www.moskito.cz\/sk\/wp-json\/wp\/v2\/product_tag?post=343645"}],"curies":[{"name":"wp","href":"https:\/\/api.w.org\/{rel}","templated":true}]}}