{"id":343662,"date":"2021-07-22T07:39:18","date_gmt":"2021-07-22T06:39:18","guid":{"rendered":"https:\/\/www.moskito.cz\/produkt\/tlacna-dyka-cold-steel-safe-maker-i\/"},"modified":"2025-05-07T11:16:42","modified_gmt":"2025-05-07T10:16:42","slug":"tlacna-dyka-cold-steel-safe-maker-i","status":"publish","type":"product","link":"https:\/\/www.moskito.cz\/sk\/produkt\/tlacna-dyka-cold-steel-safe-maker-i\/","title":{"rendered":"Tla\u010dn\u00e1 D\u00fdka Cold Steel SAFE MAKER I"},"content":{"rendered":"<p>Tla\u010dn\u00e1 D\u00fdka <strong>Cold Steel<\/strong> SAFE MAKER I.<\/p>\n<p>Spolo\u010dnos\u0165 Cold Steel vyr\u00e1ba tla\u010dn\u00e9 no\u017ee u\u017e viac ako \u0161tvr\u0165 storo\u010dia. V priebehu rokov sme neust\u00e1le zdokona\u013eovali na\u0161e designy, vyra\u010fovali niektor\u00e9 funkcie a vylep\u0161ovali \u010fal\u0161ie. Neust\u00e1le sa sna\u017e\u00edme vyr\u00e1ba\u0165 najlep\u0161\u00ed tla\u010dn\u00fd n\u00f4\u017e na svete. N\u00e1\u0161 rad Safe Maker predstavuje vrchol n\u00e1\u0161ho u\u010denia, sk\u00fasenost\u00ed, testovania a v\u00fdvoja. \u010cepele, hriadele a pr\u00edchytky v tvare p\u00edsmena \u201eT\u201c s\u00fa vyroben\u00e9 z jedn\u00e9ho pevn\u00e9ho kusu japonskej nerezovej ocele AUS8A s povrchovou \u00fapravou kame\u0148a a potom s\u00fa tepelne spracovan\u00e9 v\u00e1kuovo a kalen\u00e9 pod nulou pre zv\u00fd\u0161enie pevnosti a v\u00fdkonu. Tvarovan\u00e1 rukov\u00e4\u0165 Kray-Ex zapuzdruje strme\u0148 a \u010das\u0165 hriade\u013ea pre v\u00e4\u010d\u0161ie pohodlie a bezpe\u010dnos\u0165. K dispoz\u00edcii v dvoch ve\u013ekostiach; Ka\u017ed\u00fd Safe Maker obsahuje \u013eahko zakryt\u00fd a robustn\u00fd p\u00fazdro \/ na opasok Secure-Ex.<\/p>\n<p>Celkov\u00e1 d\u013a\u017eka: 163 mm<br \/>\nHr\u00fabka \u010depele: 5 mm<br \/>\n\u010cepele je z ocele AUS-8A<br \/>\nD\u013a\u017eka \u010depele: 115 mm<br \/>\nHmotnos\u0165: 96 g<br \/>\nr\u00fa\u010dka z materi\u00e1lu Kraton<br \/>\npuzdro je s\u00fa\u010das\u0165ou<\/p>\n<p><strong>Cold Steel<\/strong> je spolo\u010dnos\u0165 zaoberaj\u00faca sa v\u00fdrobou najsilnej\u0161\u00edch a najostrej\u0161\u00edch no\u017eov na svete. Za posledn\u00e9 tri desa\u0165ro\u010dia bola spolo\u010dnos\u0165 Cold Steel na \u010dele mnoh\u00fdch inov\u00e1ci\u00ed, ktor\u00e9 pomohli definova\u0165 no\u017eiarsky priemysel. Postupn\u00e9 \u00faspechy, vr\u00e1tane zavedenia skontrolovan\u00fdch rukov\u00e4t\u00ed Kraton\u00ae, a \u0161t\u00fdly \u010depel\u00ed tant point, sa od zvedavo zauj\u00edmav\u00fdch funkci\u00ed dostali k priemyseln\u00fdm znakom kvality a prepracovanosti. Nov\u00fd smer bol tie\u017e zlomen\u00fd zaveden\u00edm jedine\u010dn\u00fdch nov\u00fdch oce\u013eov\u00fdch \u010depel\u00ed, ako je San Mai III a Tri-Ad \u2122 Lock &amp; zais\u0165ovac\u00ed mechanizmus pre skladacie no\u017ee. Napr\u00edklad Tri-Ad\u2122 Lock sa nikdy nevyrovnal \u017eiadnemu z konkurentov Cold Steel a nebolo preuk\u00e1zan\u00e9, \u017ee by ni\u010d z toho, \u010do doteraz vyrobili, prekonalo. Cold Steel sa samozrejme v\u017edy bude pozera\u0165 do bud\u00facnosti a bude sa neust\u00e1le sna\u017ei\u0165 vyr\u00e1ba\u0165 najsilnej\u0161ie a najostrej\u0161ie no\u017ee na svete. Tento cie\u013e, rovnako nepolapite\u013en\u00fd a \u0165a\u017eko dosiahnute\u013en\u00fd, je za posledn\u00fdch \u0161tyridsa\u0165 rokov rovnak\u00fd. Cold Steel Inc. je spolo\u010dnos\u0165 zameran\u00e1 na v\u00fdrobu najsilnej\u0161\u00edch a najostrej\u0161\u00edch no\u017eov, me\u010dov, tomahawkov, ma\u010det, pr\u00edborov a n\u00e1strojov pre ka\u017edodenn\u00e9 nosenie: EDC. Spolo\u010dnos\u0165 Cold Steel, ktor\u00e1 bola r\u00fdchlo prijat\u00e1 vojakmi, \u0161peci\u00e1lnymi jednotkami pre vym\u00e1hanie pr\u00e1va, pracovn\u00edkmi pohotovostn\u00fdch slu\u017eieb, odborn\u00edkmi na sebaobranu i \u010dlenmi komunity bojov\u00fdch umen\u00ed, sa r\u00fdchlo presl\u00e1vila kvalitou, silou, spo\u013eahlivos\u0165ou a spo\u013eahlivos\u0165ou pri ka\u017edodennom nosen\u00ed (EDC). Na\u0161a r\u00f4znorod\u00e1 a rozmanit\u00e1 zostava sa r\u00fdchlo rozr\u00e1stla a zah\u0155\u0148ala nielen mas\u00edvny v\u00fdber skladac\u00edch no\u017eov (od men\u0161\u00edch \u010depel\u00ed \u201eEDC\u201c a\u017e po na\u0161e ikonick\u00e9 obrie \u201emega-zlo\u017eky\u201c), ale aj pevn\u00e9 \u010depele, me\u010de, \u0161able, pali\u010dky a halapartne, rovnako ako loveck\u00e9 potreby, kopije, pu\u0161ky, sekery, ma\u010dety, tomahawky a n\u00e1stroje! V priebehu desa\u0165ro\u010d\u00ed spolo\u010dnos\u0165 Cold Steel predstavila priekopn\u00edcke nov\u00e9 materi\u00e1ly a designy, ktor\u00e9 pomohli utv\u00e1ra\u0165 svet modern\u00fdch no\u017eov, ostr\u00fdch zbran\u00ed a n\u00e1strojov. Od zavedenia kockovan\u00fdch rukov\u00e4t\u00ed Kraton\u00ae a \u201eamerikanizovanej\u201c \u010depele Tanto a\u017e po zaradenie nov\u00fdch inovat\u00edvnych ocel\u00ed \u010depele ako San Mai III\u00ae a uzamykac\u00edch mechanizmov meniacich hru (ako je n\u00e1\u0161 Tri-Ad\u2122 Lock). Ke\u010f sa pozer\u00e1me do bud\u00facnosti, spolo\u010dnos\u0165 Cold Steel na\u010falej prin\u00e1\u0161a na trh nov\u00e9 \u00farovne sily, bezpe\u010dnosti a v\u00fdkonu a poskytuje osved\u010den\u00e9 produkty, na ktor\u00e9 sa m\u00f4\u017eete spo\u013eahn\u00fa\u0165 \u2013 kedyko\u013evek a kdeko\u013evek!<\/p>\n<p>Cold Steel m\u00e1 been making push knives pre over a quarter century. Nad rokmi sme mali neust\u00e1le refinovan\u00e9 na\u0161e dizajny, discarding niektor\u00e9 features a roz\u0161\u00edrenie in\u00fdch. Constantly striving to produce the best push n\u00f4\u017e in the world. Na\u0161e bezpe\u010dn\u00e9 makerov\u00e9 s\u00e9rie predstavuj\u00fa pinnacle pre na\u0161e vzdel\u00e1vanie, experimentovanie, testovanie a rozvoj. Blades, shafts, a &#8218;T&#8216; tvarovan\u00e9 tangy s\u00fa vyroben\u00e9 z jedn\u00e9ho pevn\u00e9ho kusu japonskej AUS8A Stainless Steel s kamennou mletou finish, a bud\u00fa subsequently v\u00e1kuum treated a sub-zero osaden\u00e9 pre roz\u0161\u00edren\u00e9 strength a. A text\u00farovan\u00e9 Kray-Ex ru\u010dn\u00e9 uchopenie tangu a \u010das\u0165 shaft pre prisp\u00f4soben\u00e9 komfort a bezpe\u010dnos\u0165. Available in two sizes; v\u0161etky bezpe\u010dnostn\u00e9 makery zah\u0155\u0148aj\u00fa \u013eahko ovl\u00e1date\u013en\u00e9 a sturdy Secure-Ex boot\/belt sheath.<br \/>\nWeight: 3.4oz Blade Thickness: 5mm Blade Length: 4-1\/2&#8243; Blade Steel: Japonsko AUS8A w\/ Stonewashed Finish Handle Length\/Material: 2&#8243; Kray-Ex\u00ae Overall Length: 6-1\/2&#8243; Additional Features: Secure -Ex\u00ae Sheath Knife Type: Fixed Blade Length Range: 3-5 in Steel Family: AUS Blade Shape: Spear Point<\/p>\n<p>&nbsp;<\/p>\n","protected":false},"excerpt":{"rendered":"<p>Tla\u010dn\u00e1 d\u00fdka alebo aj inak p\u00e4stn\u00fd n\u00f4\u017e Cold Steel Safe Maker I s ve\u013ekos\u0165ou \u010depele 114 mm s puzdrom na skryt\u00e9 nosenie.<\/p>\n","protected":false},"featured_media":200993,"comment_status":"open","ping_status":"closed","template":"","meta":[],"pwb-brand":[3598],"product_brand":[],"product_cat":[3187,3186],"product_tag":[],"class_list":{"0":"post-343662","1":"product","2":"type-product","3":"status-publish","4":"has-post-thumbnail","6":"pwb-brand-cold-steel-sk","7":"product_cat-pevne-noze-sk","8":"product_cat-noze-sk","10":"first","11":"instock","12":"taxable","13":"shipping-taxable","14":"purchasable","15":"product-type-simple"},"brands":[{"id":3598,"name":"Cold Steel","slug":"cold-steel-sk"}],"_links":{"self":[{"href":"https:\/\/www.moskito.cz\/sk\/wp-json\/wp\/v2\/product\/343662","targetHints":{"allow":["GET"]}}],"collection":[{"href":"https:\/\/www.moskito.cz\/sk\/wp-json\/wp\/v2\/product"}],"about":[{"href":"https:\/\/www.moskito.cz\/sk\/wp-json\/wp\/v2\/types\/product"}],"replies":[{"embeddable":true,"href":"https:\/\/www.moskito.cz\/sk\/wp-json\/wp\/v2\/comments?post=343662"}],"wp:featuredmedia":[{"embeddable":true,"href":"https:\/\/www.moskito.cz\/sk\/wp-json\/wp\/v2\/media\/200993"}],"wp:attachment":[{"href":"https:\/\/www.moskito.cz\/sk\/wp-json\/wp\/v2\/media?parent=343662"}],"wp:term":[{"taxonomy":"pwb-brand","embeddable":true,"href":"https:\/\/www.moskito.cz\/sk\/wp-json\/wp\/v2\/pwb-brand?post=343662"},{"taxonomy":"product_brand","embeddable":true,"href":"https:\/\/www.moskito.cz\/sk\/wp-json\/wp\/v2\/product_brand?post=343662"},{"taxonomy":"product_cat","embeddable":true,"href":"https:\/\/www.moskito.cz\/sk\/wp-json\/wp\/v2\/product_cat?post=343662"},{"taxonomy":"product_tag","embeddable":true,"href":"https:\/\/www.moskito.cz\/sk\/wp-json\/wp\/v2\/product_tag?post=343662"}],"curies":[{"name":"wp","href":"https:\/\/api.w.org\/{rel}","templated":true}]}}