{"id":343691,"date":"2022-11-01T17:03:49","date_gmt":"2022-11-01T16:03:49","guid":{"rendered":"https:\/\/www.moskito.cz\/produkt\/pevny-noz-cold-steel-outdoorsman-lite\/"},"modified":"2025-05-07T11:16:43","modified_gmt":"2025-05-07T10:16:43","slug":"pevny-noz-cold-steel-outdoorsman-lite","status":"publish","type":"product","link":"https:\/\/www.moskito.cz\/sk\/produkt\/pevny-noz-cold-steel-outdoorsman-lite\/","title":{"rendered":"Pevn\u00fd N\u00f4\u017e Cold Steel Outdoorsman Lite"},"content":{"rendered":"<p>Pevn\u00fd N\u00f4\u017e <strong>Cold Steel<\/strong> Outdoorsman Lite.<\/p>\n<p>Outdoorsman Lite je pevn\u00fd n\u00f4\u017e s hladk\u00fdm ostr\u00edm. \u010cepe\u013e je vyroben\u00e1 z ocele 4034 Stainless Steel. T\u00e1to nerezov\u00e1 oce\u013e je vlastnos\u0165ami porovnate\u013en\u00e1 s AUS 8A alebo 440C. T\u00e1 je predov\u0161etk\u00fdm vyu\u017e\u00edvan\u00e1 v lek\u00e1rskom a farmakologickom priemysle a pri v\u00fdrobe kuchynsk\u00fdch n\u00e1strojov. Outdoorsman Lite m\u00e1 rukov\u00e4\u0165 vyroben\u00fa z dvoch materi\u00e1lov. Podkladov\u00fa \u010das\u0165 rukov\u00e4te tvor\u00ed pevnostn\u00fd polypropyl\u00e9n, ktor\u00fd dod\u00e1va no\u017eu tvar a v\u00fdborn\u00e9 pevnostn\u00e9 vlastnosti a povrch je potiahnut\u00fd m\u00e4kk\u00fdm a pru\u017en\u00fdm umel\u00fdm polym\u00e9rom s ozna\u010den\u00edm Kray-Ex, aby sa rukov\u00e4\u0165 ne\u0161m\u00fdkala. \u010cisti\u0165 ju m\u00f4\u017eete jednoducho mydlom a vodou. N\u00f4\u017e sa dod\u00e1va s puzdrom Secure-Ex\u00ae.<\/p>\n<p>PARAMETRE PRODUKTU<br \/>\nD\u013a\u017eka \u010depele: 152 mm<br \/>\nCelkov\u00e1 ve\u013ekos\u0165: 279 mm<br \/>\nFarba: \u010cierna\/Strieborn\u00e1<br \/>\nHr\u00fabka \u010depele: 3 mm<br \/>\nD\u013a\u017eka rukov\u00e4te: 127 mm<br \/>\nMateri\u00e1l rukov\u00e4te: High Impact Polypropylene &amp; Kray-Ex\u2122<br \/>\nOce\u013e: 4034SS<br \/>\nHmotnos\u0165: 182 g<\/p>\n<p>&nbsp;<\/p>\n","protected":false},"excerpt":{"rendered":"<p>Outdoorsman Lite od firmy Cold Steel, je jednoduch\u00fd a pritom ve\u013emi \u00fa\u010dinn\u00fd pevn\u00fd n\u00f4\u017e, ur\u010den\u00fd na outdoor, kempovanie, ryb\u00e1r\u010denie alebo in\u00e9 pobyty v pr\u00edrode.<\/p>\n","protected":false},"featured_media":229091,"comment_status":"open","ping_status":"closed","template":"","meta":[],"pwb-brand":[3598],"product_brand":[],"product_cat":[3187,3186],"product_tag":[],"class_list":{"0":"post-343691","1":"product","2":"type-product","3":"status-publish","4":"has-post-thumbnail","6":"pwb-brand-cold-steel-sk","7":"product_cat-pevne-noze-sk","8":"product_cat-noze-sk","10":"first","11":"instock","12":"taxable","13":"shipping-taxable","14":"purchasable","15":"product-type-simple"},"brands":[{"id":3598,"name":"Cold Steel","slug":"cold-steel-sk"}],"_links":{"self":[{"href":"https:\/\/www.moskito.cz\/sk\/wp-json\/wp\/v2\/product\/343691","targetHints":{"allow":["GET"]}}],"collection":[{"href":"https:\/\/www.moskito.cz\/sk\/wp-json\/wp\/v2\/product"}],"about":[{"href":"https:\/\/www.moskito.cz\/sk\/wp-json\/wp\/v2\/types\/product"}],"replies":[{"embeddable":true,"href":"https:\/\/www.moskito.cz\/sk\/wp-json\/wp\/v2\/comments?post=343691"}],"wp:featuredmedia":[{"embeddable":true,"href":"https:\/\/www.moskito.cz\/sk\/wp-json\/wp\/v2\/media\/229091"}],"wp:attachment":[{"href":"https:\/\/www.moskito.cz\/sk\/wp-json\/wp\/v2\/media?parent=343691"}],"wp:term":[{"taxonomy":"pwb-brand","embeddable":true,"href":"https:\/\/www.moskito.cz\/sk\/wp-json\/wp\/v2\/pwb-brand?post=343691"},{"taxonomy":"product_brand","embeddable":true,"href":"https:\/\/www.moskito.cz\/sk\/wp-json\/wp\/v2\/product_brand?post=343691"},{"taxonomy":"product_cat","embeddable":true,"href":"https:\/\/www.moskito.cz\/sk\/wp-json\/wp\/v2\/product_cat?post=343691"},{"taxonomy":"product_tag","embeddable":true,"href":"https:\/\/www.moskito.cz\/sk\/wp-json\/wp\/v2\/product_tag?post=343691"}],"curies":[{"name":"wp","href":"https:\/\/api.w.org\/{rel}","templated":true}]}}