{"id":343699,"date":"2022-10-31T20:19:53","date_gmt":"2022-10-31T19:19:53","guid":{"rendered":"https:\/\/www.moskito.cz\/produkt\/pevny-noz-cold-steel-mini-tac-tanto-serrated-49htfs\/"},"modified":"2025-05-07T11:16:45","modified_gmt":"2025-05-07T10:16:45","slug":"pevny-noz-cold-steel-mini-tac-tanto-serrated-49htfs","status":"publish","type":"product","link":"https:\/\/www.moskito.cz\/sk\/produkt\/pevny-noz-cold-steel-mini-tac-tanto-serrated-49htfs\/","title":{"rendered":"Pevn\u00fd N\u00f4\u017e Cold Steel MINI TAC TANTO (SERRATED) 49HTFS"},"content":{"rendered":"<p>Pevn\u00fd N\u00f4\u017e Cold Steel MINI TAC TANTO (SERRATED) 49HTFS.<\/p>\n<p>Mini Tac Neck Knives zna\u010dky Cold Steel s\u00fa tak\u00e9 tenk\u00e9 a \u013eahk\u00e9, \u017ee ich mo\u017eno pohodlne nosi\u0165 prakticky 24 hod\u00edn denne! S ich odoln\u00fdmi p\u00fazdrami Secure Ex, \u0161peci\u00e1lne navrhnut\u00fdmi tak, aby dobre dr\u017eali n\u00f4\u017e a z\u00e1rove\u0148 umo\u017e\u0148ovali r\u00fdchle tasenie, m\u00f4\u017eu sl\u00fa\u017ei\u0165 ako \u0161ikovn\u00e1 u\u017eito\u010dn\u00e1 alebo t\u00e1born\u00edcka \u010depe\u013e, ka\u017edodenn\u00e9 nosenie no\u017ea alebo z\u00e1chrann\u00e9ho n\u00e1stroja. Ka\u017ed\u00fd Mini Tac m\u00e1 tenk\u00e9, vysoko kvalitn\u00e9 text\u00farovan\u00e9 rukov\u00e4te Griv-Ex. T\u00e1to vlastnos\u0165 im umo\u017e\u0148uje le\u017ea\u0165 naplocho a tesne pri tele a pritom st\u00e1le poskytova\u0165 pozit\u00edvny povrch na uchopenie. Ke\u010f s\u00fa tieto v\u00e1hy skombinovan\u00e9 s integr\u00e1lnym \u00edlcom, d\u00e1vaj\u00fa prstom ruky neuverite\u013en\u00fd n\u00e1kup a umo\u017e\u0148uj\u00fa pozoruhodne bezpe\u010dn\u00fd \u00fachop, ktor\u00fd odol\u00e1va rolovaniu alebo kr\u00fateniu.<\/p>\n<p>PARAMETRE PRODUKTU<br \/>\n Materi\u00e1l rukov\u00e4te: Long G-10 Styled Griv-Ex\u2122<br \/>\n D\u013a\u017eka \u010depele: 95 mm<br \/>\n Hmotnos\u0165: 76,54 g<br \/>\n Oce\u013e: Japanese AUS 8A Stainless<br \/>\n Celkov\u00e1 ve\u013ekos\u0165: 171 mm<br \/>\n Materi\u00e1l puzdra: Secure-Ex\u00ae Neck Sheath with Bead Chain Lanyard<br \/>\n Farba: \u010cierna<br \/>\n D\u013a\u017eka rukov\u00e4te: 76,2 mm<br \/>\n Hr\u00fabka \u010depele: 2,5 mm<\/p>\n","protected":false},"excerpt":{"rendered":"<p>Mini Tac Neck Knives zna\u010dky Cold Steel s\u00fa tak\u00e9 tenk\u00e9 a \u013eahk\u00e9, \u017ee ich mo\u017eno pohodlne nosi\u0165 prakticky 24 hod\u00edn denne!<\/p>\n","protected":false},"featured_media":229003,"comment_status":"open","ping_status":"closed","template":"","meta":[],"pwb-brand":[3598],"product_brand":[],"product_cat":[3187,3186],"product_tag":[],"class_list":{"0":"post-343699","1":"product","2":"type-product","3":"status-publish","4":"has-post-thumbnail","6":"pwb-brand-cold-steel-sk","7":"product_cat-pevne-noze-sk","8":"product_cat-noze-sk","10":"first","11":"instock","12":"taxable","13":"shipping-taxable","14":"purchasable","15":"product-type-simple"},"brands":[{"id":3598,"name":"Cold Steel","slug":"cold-steel-sk"}],"_links":{"self":[{"href":"https:\/\/www.moskito.cz\/sk\/wp-json\/wp\/v2\/product\/343699","targetHints":{"allow":["GET"]}}],"collection":[{"href":"https:\/\/www.moskito.cz\/sk\/wp-json\/wp\/v2\/product"}],"about":[{"href":"https:\/\/www.moskito.cz\/sk\/wp-json\/wp\/v2\/types\/product"}],"replies":[{"embeddable":true,"href":"https:\/\/www.moskito.cz\/sk\/wp-json\/wp\/v2\/comments?post=343699"}],"wp:featuredmedia":[{"embeddable":true,"href":"https:\/\/www.moskito.cz\/sk\/wp-json\/wp\/v2\/media\/229003"}],"wp:attachment":[{"href":"https:\/\/www.moskito.cz\/sk\/wp-json\/wp\/v2\/media?parent=343699"}],"wp:term":[{"taxonomy":"pwb-brand","embeddable":true,"href":"https:\/\/www.moskito.cz\/sk\/wp-json\/wp\/v2\/pwb-brand?post=343699"},{"taxonomy":"product_brand","embeddable":true,"href":"https:\/\/www.moskito.cz\/sk\/wp-json\/wp\/v2\/product_brand?post=343699"},{"taxonomy":"product_cat","embeddable":true,"href":"https:\/\/www.moskito.cz\/sk\/wp-json\/wp\/v2\/product_cat?post=343699"},{"taxonomy":"product_tag","embeddable":true,"href":"https:\/\/www.moskito.cz\/sk\/wp-json\/wp\/v2\/product_tag?post=343699"}],"curies":[{"name":"wp","href":"https:\/\/api.w.org\/{rel}","templated":true}]}}