{"id":343718,"date":"2021-07-21T18:46:39","date_gmt":"2024-06-12T11:07:31","guid":{"rendered":"https:\/\/www.moskito.cz\/produkt\/tlacna-dyka-cold-steel-chaos-push-knife\/"},"modified":"2025-05-07T11:16:46","modified_gmt":"2025-05-07T10:16:46","slug":"tlacna-dyka-cold-steel-chaos-push-knife","status":"publish","type":"product","link":"https:\/\/www.moskito.cz\/sk\/produkt\/tlacna-dyka-cold-steel-chaos-push-knife\/","title":{"rendered":"Tla\u010dn\u00e1 D\u00fdka Cold Steel CHAOS PUSH KNIFE"},"content":{"rendered":"<p>Tla\u010dn\u00e1 D\u00fdka <strong>Cold Steel<\/strong> CHAOS PUSH KNIFE.<\/p>\n<p>A kone\u010dne, n\u00f4\u017e D-guard navrhnut\u00fd od z\u00e1kladu, aby sa mu darilo v najn\u00e1ro\u010dnej\u0161\u00edch podmienkach vojensk\u00fdch a \u0161peci\u00e1lnych oper\u00e1ci\u00ed. Vyroben\u00e9 so \u0161irokou \u010depe\u013eou s dvojit\u00fdm ostr\u00edm, ktor\u00e1 je vylep\u0161en\u00e1 tak, aby bola ostr\u00e1 ako britva, reza, sek\u00e1 a tla\u010d\u00ed ako motorov\u00e1 p\u00edla na steroidy. Ale pr\u00e1ve rukov\u00e4\u0165 D-guard ju rob\u00ed naozaj jedine\u010dnou, preto\u017ee pon\u00faka bezprecedentn\u00fa ochranu pre va\u0161u ruku a prsty. Rukov\u00e4\u0165 je vstrekovan\u00e1 do formy Griv-Ex\u2122 s presn\u00fdmi formami Kray-Ex\u2122 pre pohodlie a odolnos\u0165 proti n\u00e1razom. Umo\u017e\u0148uje viacsmern\u00e9 \u00fadery perkusi\u00ed v\u010faka dvojit\u00fdm drvi\u010dom lebky, ktor\u00e9 s\u00fa odn\u00edmate\u013en\u00e9. Puzdro Secure-Ex\u00ae je vysoko funk\u010dn\u00e9 a je dod\u00e1van\u00e9 s p\u00fatkom na opasok Cordura, tak\u017ee n\u00f4\u017e Chaos Push m\u00f4\u017eete nosi\u0165 v\u017edy po boku.<\/p>\n<p>Oce\u013e: SK-5 high carbon<br \/>\nD\u013a\u017eka \u010depele: 127 mm<br \/>\nD\u013a\u017eka no\u017ea: 203 mm<br \/>\nD\u013a\u017eka rukov\u00e4te: 76 mm<br \/>\nHr\u00fabka \u010depele: 5 mm<br \/>\nOchrann\u00fd r\u00e1m rukov\u00e4te z pevnostn\u00e9ho hlin\u00edka 6061<br \/>\nDemontovate\u013en\u00e9 nerezov\u00e9 hroty na oboch koncoch rukov\u00e4te<br \/>\nS\u00fa\u010das\u0165ou balenia po\u0161va Secure-Ex v kombin\u00e1cii nylonu a polym\u00e9ru<\/p>\n<p><strong>Cold Steel<\/strong> je spolo\u010dnos\u0165 zaoberaj\u00faca sa v\u00fdrobou najsilnej\u0161\u00edch a najostrej\u0161\u00edch no\u017eov na svete. Za posledn\u00e9 tri desa\u0165ro\u010dia bola spolo\u010dnos\u0165 Cold Steel na \u010dele mnoh\u00fdch inov\u00e1ci\u00ed, ktor\u00e9 pomohli definova\u0165 no\u017eiarsky priemysel. Postupn\u00e9 \u00faspechy, vr\u00e1tane zavedenia skontrolovan\u00fdch rukov\u00e4t\u00ed Kraton\u00ae, a \u0161t\u00fdly \u010depel\u00ed tant point, sa od zvedavo zauj\u00edmav\u00fdch funkci\u00ed dostali k priemyseln\u00fdm znakom kvality a prepracovanosti. Nov\u00fd smer bol tie\u017e zlomen\u00fd zaveden\u00edm jedine\u010dn\u00fdch nov\u00fdch oce\u013eov\u00fdch \u010depel\u00ed, ako je San Mai III a Tri-Ad \u2122 Lock &amp; zais\u0165ovac\u00ed mechanizmus pre skladacie no\u017ee. Napr\u00edklad Tri-Ad\u2122 Lock sa nikdy nevyrovnal \u017eiadnemu z konkurentov Cold Steel a nebolo preuk\u00e1zan\u00e9, \u017ee by ni\u010d z toho, \u010do doteraz vyrobili, prekonalo. Cold Steel sa samozrejme v\u017edy bude pozera\u0165 do bud\u00facnosti a bude sa neust\u00e1le sna\u017ei\u0165 vyr\u00e1ba\u0165 najsilnej\u0161ie a najostrej\u0161ie no\u017ee na svete. Tento cie\u013e, rovnako nepolapite\u013en\u00fd a \u0165a\u017eko dosiahnute\u013en\u00fd, je za posledn\u00fdch \u0161tyridsa\u0165 rokov rovnak\u00fd. Cold Steel Inc. je spolo\u010dnos\u0165 zameran\u00e1 na v\u00fdrobu najsilnej\u0161\u00edch a najostrej\u0161\u00edch no\u017eov, me\u010dov, tomahawkov, ma\u010det, pr\u00edborov a n\u00e1strojov pre ka\u017edodenn\u00e9 nosenie: EDC. Spolo\u010dnos\u0165 Cold Steel, ktor\u00e1 bola r\u00fdchlo prijat\u00e1 vojakmi, \u0161peci\u00e1lnymi jednotkami pre vym\u00e1hanie pr\u00e1va, pracovn\u00edkmi pohotovostn\u00fdch slu\u017eieb, odborn\u00edkmi na sebaobranu i \u010dlenmi komunity bojov\u00fdch umen\u00ed, sa r\u00fdchlo presl\u00e1vila kvalitou, silou, spo\u013eahlivos\u0165ou a spo\u013eahlivos\u0165ou pri ka\u017edodennom nosen\u00ed (EDC). Na\u0161a r\u00f4znorod\u00e1 a rozmanit\u00e1 zostava sa r\u00fdchlo rozr\u00e1stla a zah\u0155\u0148ala nielen mas\u00edvny v\u00fdber skladac\u00edch no\u017eov (od men\u0161\u00edch \u010depel\u00ed \u201eEDC\u201c a\u017e po na\u0161e ikonick\u00e9 obrie \u201emega-zlo\u017eky\u201c), ale aj pevn\u00e9 \u010depele, me\u010de, \u0161able, pali\u010dky a halapartne, rovnako ako loveck\u00e9 potreby, kopije, pu\u0161ky, sekery, ma\u010dety, tomahawky a n\u00e1stroje! V priebehu desa\u0165ro\u010d\u00ed spolo\u010dnos\u0165 Cold Steel predstavila priekopn\u00edcke nov\u00e9 materi\u00e1ly a designy, ktor\u00e9 pomohli utv\u00e1ra\u0165 svet modern\u00fdch no\u017eov, ostr\u00fdch zbran\u00ed a n\u00e1strojov. Od zavedenia kockovan\u00fdch rukov\u00e4t\u00ed Kraton\u00ae a \u201eamerikanizovanej\u201c \u010depele Tanto a\u017e po zaradenie nov\u00fdch inovat\u00edvnych ocel\u00ed \u010depele ako San Mai III\u00ae a uzamykac\u00edch mechanizmov meniacich hru (ako je n\u00e1\u0161 Tri-Ad\u2122 Lock). Ke\u010f sa pozer\u00e1me do bud\u00facnosti, spolo\u010dnos\u0165 Cold Steel na\u010falej prin\u00e1\u0161a na trh nov\u00e9 \u00farovne sily, bezpe\u010dnosti a v\u00fdkonu a poskytuje osved\u010den\u00e9 produkty, na ktor\u00e9 sa m\u00f4\u017eete spo\u013eahn\u00fa\u0165 \u2013 kedyko\u013evek a kdeko\u013evek!<\/p>\n<p>Nakoniec, a D-guard push n\u00f4\u017e designovan\u00fd zo zeme a\u017e k trimu v tvrdej vojenskej a \u0161peci\u00e1lnej opera\u010dn\u00fdch environments. Vyroben\u00e9 s broad, double edged blade that&#8217;s honed to razor sharpness, to roztomil\u00e9, slashes and thrusts ako chainsaw on steroids. Ale to je D-guard rukov\u00e4\u0165, ktor\u00e1 skuto\u010dne rob\u00ed, \u017ee je unik\u00e1tna, a to offers unprecedented protection pre va\u0161e ruky a prsty. Handle je injekcia molded form Griv-Ex \u2122 s Kray-Ex \u2122 over-molds pre komfort a \u0161ock resistance. Je to mo\u017en\u00e9 pre multi-directional percussion flows to ich dvojit\u00fd skull crusher pommels, ktor\u00e9 s\u00fa removable. Secure-Ex\u00ae sheath je vysoko funk\u010dn\u00fd a prich\u00e1dza s Cordura belt loop, s chaos Push n\u00f4\u017e m\u00f4\u017ee by\u0165 vytla\u010den\u00fd na svoju stranu pri v\u0161etk\u00fdch \u010dasoch.<br \/>\nWeight: 5 oz Knife Type: Fixed Product Family: Chaos Steel Family: High Carbon Steels<\/p>\n<p>&nbsp;<\/p>\n","protected":false},"excerpt":{"rendered":"<p>Chaos Push Knife je pevn\u00fd n\u00f4\u017e s hladk\u00fdm ostr\u00edm. No\u017ei dominuje &#8222;D&#8220; chr\u00e1ni\u010d ruky vyroben\u00fd z pevnostn\u00e9ho hlin\u00edka 6061.<\/p>\n","protected":false},"featured_media":200984,"comment_status":"open","ping_status":"closed","template":"","meta":[],"pwb-brand":[3598],"product_brand":[],"product_cat":[3186,3187],"product_tag":[],"class_list":{"0":"post-343718","1":"product","2":"type-product","3":"status-publish","4":"has-post-thumbnail","6":"pwb-brand-cold-steel-sk","7":"product_cat-noze-sk","8":"product_cat-pevne-noze-sk","10":"first","11":"instock","12":"taxable","13":"shipping-taxable","14":"purchasable","15":"product-type-simple"},"brands":[{"id":3598,"name":"Cold Steel","slug":"cold-steel-sk"}],"_links":{"self":[{"href":"https:\/\/www.moskito.cz\/sk\/wp-json\/wp\/v2\/product\/343718","targetHints":{"allow":["GET"]}}],"collection":[{"href":"https:\/\/www.moskito.cz\/sk\/wp-json\/wp\/v2\/product"}],"about":[{"href":"https:\/\/www.moskito.cz\/sk\/wp-json\/wp\/v2\/types\/product"}],"replies":[{"embeddable":true,"href":"https:\/\/www.moskito.cz\/sk\/wp-json\/wp\/v2\/comments?post=343718"}],"wp:featuredmedia":[{"embeddable":true,"href":"https:\/\/www.moskito.cz\/sk\/wp-json\/wp\/v2\/media\/200984"}],"wp:attachment":[{"href":"https:\/\/www.moskito.cz\/sk\/wp-json\/wp\/v2\/media?parent=343718"}],"wp:term":[{"taxonomy":"pwb-brand","embeddable":true,"href":"https:\/\/www.moskito.cz\/sk\/wp-json\/wp\/v2\/pwb-brand?post=343718"},{"taxonomy":"product_brand","embeddable":true,"href":"https:\/\/www.moskito.cz\/sk\/wp-json\/wp\/v2\/product_brand?post=343718"},{"taxonomy":"product_cat","embeddable":true,"href":"https:\/\/www.moskito.cz\/sk\/wp-json\/wp\/v2\/product_cat?post=343718"},{"taxonomy":"product_tag","embeddable":true,"href":"https:\/\/www.moskito.cz\/sk\/wp-json\/wp\/v2\/product_tag?post=343718"}],"curies":[{"name":"wp","href":"https:\/\/api.w.org\/{rel}","templated":true}]}}