{"id":343730,"date":"2022-11-06T22:17:11","date_gmt":"2022-11-06T21:17:11","guid":{"rendered":"https:\/\/www.moskito.cz\/produkt\/pevny-noz-cold-steel-double-agent-ii\/"},"modified":"2024-06-12T12:10:30","modified_gmt":"2024-06-12T11:10:30","slug":"pevny-noz-cold-steel-double-agent-ii","status":"publish","type":"product","link":"https:\/\/www.moskito.cz\/sk\/produkt\/pevny-noz-cold-steel-double-agent-ii\/","title":{"rendered":"Pevn\u00fd N\u00f4\u017e Cold Steel DOUBLE AGENT II"},"content":{"rendered":"<p>Pevn\u00fd N\u00f4\u017e Cold Steel DOUBLE AGENT II.<\/p>\n<p>No\u017ee Double Agent od spolo\u010dnosti Cold, navrhnut\u00e9 z\u00e1kazkov\u00fdm v\u00fdrobcom no\u017eov Zachom Whitsonom, s\u00fa k dispoz\u00edcii s \u010depe\u013eou Karambit alebo Clip Point. Tenk\u00e9, ploch\u00e9 a super \u013eahk\u00e9 (nie\u010do m\u00e1lo cez 3 unce vr\u00e1tane bezpe\u010dn\u00e9ho puzdra!), ktor\u00e9 sa \u013eahko skr\u00fdvaj\u00fa a ve\u013emi pohodlne sa nosia. Ich najpozoruhodnej\u0161\u00edm a najp\u00fatavej\u0161\u00edm prvkom je v\u0161ak dizajn rukov\u00e4te s dvojit\u00fdm prstencom. Pretiahnite ukazov\u00e1k a mal\u00ed\u010dek integr\u00e1lnymi oce\u013eov\u00fdmi kr\u00fa\u017ekami a zovrite p\u00e4s\u0165 pre pohodln\u00e9 a bezpe\u010dn\u00e9 uchopenie.<\/p>\n<p>PARAMETRE PRODUKTU<br \/>\nFarba: \u010cierna\/Strieborn\u00e1<br \/>\nMateri\u00e1l puzdra: Secure-Ex\u00ae Sheath<br \/>\nOce\u013e: Japanese AUS 8A Stainless<br \/>\nCelkov\u00e1 ve\u013ekos\u0165: 193 mm<br \/>\nMateri\u00e1l rukov\u00e4te: Long with Griv-Ex Grip<br \/>\nHr\u00fabka \u010depele: 2,3 mm<br \/>\nHmotnos\u0165: 68,03 g<br \/>\nD\u013a\u017eka rukov\u00e4te: 117 mm<\/p>\n","protected":false},"excerpt":{"rendered":"<p>Double Agent II od firmy COLD STEEL je n\u00f4\u017e s pevnou Clip Point \u010depe\u013eou a hladk\u00fdm ostr\u00edm.<\/p>\n","protected":false},"featured_media":229559,"comment_status":"open","ping_status":"closed","template":"","meta":[],"pwb-brand":[3598],"product_brand":[],"product_cat":[3187,3186],"product_tag":[],"class_list":{"0":"post-343730","1":"product","2":"type-product","3":"status-publish","4":"has-post-thumbnail","6":"pwb-brand-cold-steel-sk","7":"product_cat-pevne-noze-sk","8":"product_cat-noze-sk","10":"first","11":"outofstock","12":"taxable","13":"shipping-taxable","14":"purchasable","15":"product-type-simple"},"brands":[{"id":3598,"name":"Cold Steel","slug":"cold-steel-sk"}],"_links":{"self":[{"href":"https:\/\/www.moskito.cz\/sk\/wp-json\/wp\/v2\/product\/343730","targetHints":{"allow":["GET"]}}],"collection":[{"href":"https:\/\/www.moskito.cz\/sk\/wp-json\/wp\/v2\/product"}],"about":[{"href":"https:\/\/www.moskito.cz\/sk\/wp-json\/wp\/v2\/types\/product"}],"replies":[{"embeddable":true,"href":"https:\/\/www.moskito.cz\/sk\/wp-json\/wp\/v2\/comments?post=343730"}],"wp:featuredmedia":[{"embeddable":true,"href":"https:\/\/www.moskito.cz\/sk\/wp-json\/wp\/v2\/media\/229559"}],"wp:attachment":[{"href":"https:\/\/www.moskito.cz\/sk\/wp-json\/wp\/v2\/media?parent=343730"}],"wp:term":[{"taxonomy":"pwb-brand","embeddable":true,"href":"https:\/\/www.moskito.cz\/sk\/wp-json\/wp\/v2\/pwb-brand?post=343730"},{"taxonomy":"product_brand","embeddable":true,"href":"https:\/\/www.moskito.cz\/sk\/wp-json\/wp\/v2\/product_brand?post=343730"},{"taxonomy":"product_cat","embeddable":true,"href":"https:\/\/www.moskito.cz\/sk\/wp-json\/wp\/v2\/product_cat?post=343730"},{"taxonomy":"product_tag","embeddable":true,"href":"https:\/\/www.moskito.cz\/sk\/wp-json\/wp\/v2\/product_tag?post=343730"}],"curies":[{"name":"wp","href":"https:\/\/api.w.org\/{rel}","templated":true}]}}