{"id":343771,"date":"2022-10-31T21:44:05","date_gmt":"2024-06-12T11:24:54","guid":{"rendered":"https:\/\/www.moskito.cz\/produkt\/zatvaraci-noz-cold-steel-kudu\/"},"modified":"2025-05-07T11:16:48","modified_gmt":"2025-05-07T10:16:48","slug":"zatvaraci-noz-cold-steel-kudu","status":"publish","type":"product","link":"https:\/\/www.moskito.cz\/sk\/produkt\/zatvaraci-noz-cold-steel-kudu\/","title":{"rendered":"Zatv\u00e1rac\u00ed N\u00f4\u017e Cold Steel KUDU"},"content":{"rendered":"<p>Zatv\u00e1rac\u00ed N\u00f4\u017e <strong>Cold Steel<\/strong> KUDU.<\/p>\n<p>Cold Steel Kudu \u010derp\u00e1 in\u0161pir\u00e1ciu z klasick\u00fdch zatv\u00e1rac\u00edch no\u017eov s prstencov\u00fdm z\u00e1mkom z Afriky. Tieto vysoko funk\u010dn\u00e9 \u010depele vlastnia a nosia \u013eudia zo v\u0161etk\u00fdch spolo\u010densk\u00fdch vrstiev a s\u00fa ka\u017edodenn\u00fdm n\u00e1strojom vo\u013eby pre takmer ka\u017ed\u00fa myslite\u013en\u00fa \u00falohu. Obst\u00e1li v sk\u00fa\u0161ke \u010dasu a boli nepretr\u017eite pou\u017e\u00edvan\u00e9 po st\u00e1ro\u010dia &#8211; a maj\u00fa dobr\u00fd d\u00f4vod &#8211; funguj\u00fa! Na\u0161a Kudu sa vyzna\u010duje vysoko odolnou a kr\u00e1sne zrkadlovo le\u0161tenou \u010depe\u013eou z nerezovej ocele, ktor\u00e1 je odborne tepelne spracovan\u00e1, aby pon\u00fakla vynikaj\u00facu rovnov\u00e1hu medzi dr\u017ean\u00edm ostrie a \u013eahk\u00fdm preostren\u00edm. Rukov\u00e4\u0165 je vyroben\u00e1 z odoln\u00e9ho Zy-Ex vystu\u017een\u00e9ho sklom a m\u00e1 atrakt\u00edvnu text\u00faru dreva a le\u0161ten\u00e9 strieborn\u00e9 ozdoby. Kudu je \u00fa\u017easne \u013eahk\u00fd, v\u0161estrann\u00fd a funk\u010dn\u00fd a cenovo dostupn\u00fd pre takmer ka\u017ed\u00fd rozpo\u010det.<\/p>\n<p>PARAMETRE PRODUKTU<br \/>\nOce\u013e: 5Cr15MoV<br \/>\nD\u013a\u017eka \u010depele: 107 mm<br \/>\nMateri\u00e1l rukov\u00e4te: Long Zy-Ex\u2122<br \/>\nHr\u00fabka \u010depele: 2 mm<br \/>\nFarba: \u010cierna\/Strieborn\u00e1<br \/>\nHmotnos\u0165: 76 g<br \/>\nD\u013a\u017eka rukov\u00e4te: 146 mm<br \/>\nCelkov\u00e1 ve\u013ekos\u0165: 254 mm<br \/>\nDruh poistky: kr\u00fa\u017ekov\u00e1 poistka<\/p>\n","protected":false},"excerpt":{"rendered":"<p>Cold Steel Kudu \u010derp\u00e1 in\u0161pir\u00e1ciu z klasick\u00fdch zatv\u00e1rac\u00edch no\u017eov s prstencov\u00fdm z\u00e1mkom z Afriky.<\/p>\n","protected":false},"featured_media":229025,"comment_status":"open","ping_status":"closed","template":"","meta":[],"pwb-brand":[3598],"product_brand":[],"product_cat":[3186,3233],"product_tag":[],"class_list":{"0":"post-343771","1":"product","2":"type-product","3":"status-publish","4":"has-post-thumbnail","6":"pwb-brand-cold-steel-sk","7":"product_cat-noze-sk","8":"product_cat-zatvaracie-noze","10":"first","11":"instock","12":"taxable","13":"shipping-taxable","14":"purchasable","15":"product-type-simple"},"brands":[{"id":3598,"name":"Cold Steel","slug":"cold-steel-sk"}],"_links":{"self":[{"href":"https:\/\/www.moskito.cz\/sk\/wp-json\/wp\/v2\/product\/343771","targetHints":{"allow":["GET"]}}],"collection":[{"href":"https:\/\/www.moskito.cz\/sk\/wp-json\/wp\/v2\/product"}],"about":[{"href":"https:\/\/www.moskito.cz\/sk\/wp-json\/wp\/v2\/types\/product"}],"replies":[{"embeddable":true,"href":"https:\/\/www.moskito.cz\/sk\/wp-json\/wp\/v2\/comments?post=343771"}],"wp:featuredmedia":[{"embeddable":true,"href":"https:\/\/www.moskito.cz\/sk\/wp-json\/wp\/v2\/media\/229025"}],"wp:attachment":[{"href":"https:\/\/www.moskito.cz\/sk\/wp-json\/wp\/v2\/media?parent=343771"}],"wp:term":[{"taxonomy":"pwb-brand","embeddable":true,"href":"https:\/\/www.moskito.cz\/sk\/wp-json\/wp\/v2\/pwb-brand?post=343771"},{"taxonomy":"product_brand","embeddable":true,"href":"https:\/\/www.moskito.cz\/sk\/wp-json\/wp\/v2\/product_brand?post=343771"},{"taxonomy":"product_cat","embeddable":true,"href":"https:\/\/www.moskito.cz\/sk\/wp-json\/wp\/v2\/product_cat?post=343771"},{"taxonomy":"product_tag","embeddable":true,"href":"https:\/\/www.moskito.cz\/sk\/wp-json\/wp\/v2\/product_tag?post=343771"}],"curies":[{"name":"wp","href":"https:\/\/api.w.org\/{rel}","templated":true}]}}