{"id":343803,"date":"2022-04-17T21:36:27","date_gmt":"2022-04-17T20:36:27","guid":{"rendered":"https:\/\/www.moskito.cz\/produkt\/zatvaraci-noz-cold-steel-sr1\/"},"modified":"2025-05-07T11:16:49","modified_gmt":"2025-05-07T10:16:49","slug":"zatvaraci-noz-cold-steel-sr1","status":"publish","type":"product","link":"https:\/\/www.moskito.cz\/sk\/produkt\/zatvaraci-noz-cold-steel-sr1\/","title":{"rendered":"Zatv\u00e1rac\u00ed N\u00f4\u017e Cold Steel SR1"},"content":{"rendered":"<p>Zatv\u00e1rac\u00ed N\u00f4\u017e <strong>Cold Steel<\/strong> SR1.<\/p>\n<p><strong>Cold Steel SRK<\/strong> (Survival Rescue Knife) je hrdou vlajkovou lo\u010fou n\u00e1\u0161ho radu u\u017e viac ako 25 rokov. N\u00f4\u017e, ktor\u00fd si zvolilo mnoho na\u0161ich bratov a sestier v arm\u00e1de, dodnes zost\u00e1va \u0161tandardnou pevnou \u010depe\u013eou jednotiek Navy SEAL po\u010das v\u00fdcviku BUDS. Nie je teda divu, \u017ee ke\u010f sme zadali z\u00e1kazkov\u00e9mu v\u00fdrobcovi no\u017eov Andrewovi Demkovi v\u00fdvoj nov\u00e9ho \u0161pi\u010dkov\u00e9ho taktick\u00e9ho zatv\u00e1racieho no\u017ea na vojensk\u00e9 pou\u017eitie, in\u0161piroval sa legend\u00e1rnym SRK! SR1 sa vyzna\u010duje charakteristick\u00fdm minimalistick\u00fdm \u0161t\u00fdlom Andrews, bez zbyto\u010dn\u00fdch ozd\u00f4b alebo ozd\u00f4b, iba \u010disto funk\u010dn\u00fdm, praktick\u00fdm dizajnom. \u010cepe\u013e SR1 pre \u0165a\u017ek\u00fa \u200b\u200bprev\u00e1dzku je vyroben\u00e1 pre pr\u00e1cu. Vyroben\u00e9 z 5 mm hrubej americkej pr\u00e9miovej pr\u00e1\u0161kovej ocele CPM-S35VN, je to \u0165a\u017ek\u00e1 pracovn\u00fd k\u00f4\u0148, navrhnut\u00e1 pre najdrsnej\u0161ie a ne\u013e\u00fatostnej\u0161ie prostredie. Dobr\u00e1 \u010depe\u013e potrebuje dobr\u00fa rukov\u00e4\u0165, tak\u017ee rukov\u00e4\u0165 SR1 je vyroben\u00e1 z pr\u00e9miov\u00e9ho G-10 s tepelne spracovan\u00fdmi vlo\u017ekami z ocele. S integrovan\u00fdm otvorom pre \u0161n\u00farku a povrchom s hrubou text\u00farou pre bezpe\u010dn\u00e9 uchopenie aj v chladn\u00fdch a vlhk\u00fdch podmienkach a odborne tvarovan\u00e9 pre pohodln\u00e9 a bezpe\u010dn\u00e9 uchopenie aj v \u0165a\u017ek\u00fdch rukaviciach. Pre v\u00e4\u010d\u0161iu spo\u013eahlivos\u0165 a pokoj na du\u0161i sme SR1 vybavili na\u0161\u00edm svetozn\u00e1mym uzamykac\u00edm mechanizmom Tri-Ad \u2013 znova a znova osved\u010den\u00fdm, aby pre\u010dkal aj to najhor\u0161ie zneu\u017eitie, s bezkonkuren\u010dnou odolnos\u0165ou proti n\u00e1razom a n\u00e1razom \u2013 v\u010faka \u010domu je tento n\u00f4\u017e ide\u00e1lnou vo\u013ebou pre z\u00e1chrann\u00fa \u010depe\u013e ur\u010den\u00e1 pre vojnov\u00fa elitu na\u0161ich n\u00e1rodov! mokr\u00fdch podmienkach a odborne tvarovan\u00e9, aby umo\u017e\u0148ovali pohodln\u00fd a bezpe\u010dn\u00fd \u00fachop aj v \u0165a\u017ek\u00fdch rukaviciach. Pre v\u00e4\u010d\u0161iu spo\u013eahlivos\u0165 a pokoj na du\u0161i sme SR1 vybavili na\u0161\u00edm svetozn\u00e1mym uzamykac\u00edm mechanizmom Tri-Ad \u2013 znova a znova osved\u010den\u00fdm, aby pre\u010dkal aj to najhor\u0161ie zneu\u017eitie, s bezkonkuren\u010dnou odolnos\u0165ou proti n\u00e1razom a n\u00e1razom \u2013 v\u010faka \u010domu je tento n\u00f4\u017e ide\u00e1lnou vo\u013ebou pre z\u00e1chrann\u00fa \u010depe\u013e ur\u010den\u00e1 pre vojnov\u00fa elitu na\u0161ich n\u00e1rodov! mokr\u00fdch podmienkach a odborne tvarovan\u00e9, aby umo\u017e\u0148ovali pohodln\u00fd a bezpe\u010dn\u00fd \u00fachop aj v \u0165a\u017ek\u00fdch rukaviciach. Pre v\u00e4\u010d\u0161iu spo\u013eahlivos\u0165 a pokoj na du\u0161i sme SR1 vybavili na\u0161\u00edm svetozn\u00e1mym uzamykac\u00edm mechanizmom Tri-Ad \u2013 znova a znova osved\u010den\u00fdm, aby pre\u010dkal aj to najhor\u0161ie zneu\u017eitie, s bezkonkuren\u010dnou odolnos\u0165ou proti n\u00e1razom a n\u00e1razom \u2013 v\u010faka \u010domu je tento n\u00f4\u017e ide\u00e1lnou vo\u013ebou pre z\u00e1chrann\u00fa \u010depe\u013e ur\u010den\u00e1 pre vojnov\u00fa elitu na\u0161ich n\u00e1rodov!<\/p>\n<p>PARAMETRE PRODUKTU<br \/>\nD\u013a\u017eka \u010depele: 101 mm<br \/>\nCelkov\u00e1 ve\u013ekos\u0165: 238 mm<br \/>\nOce\u013e : CPM-S35VN<br \/>\nHmotnos\u0165 : 198,44 g<br \/>\nHr\u00fabka \u010depele: 4,8 mm<br \/>\nDruh poistky: Tri-Ad Lock<br \/>\nMateri\u00e1l rukov\u00e4te : Long OD Green G10<br \/>\nFarba : Zelen\u00e1\/Strieborn\u00e1<br \/>\nMateri\u00e1l puzdra : Ambidextrous Pocket \/ Belt Clip<br \/>\nD\u013a\u017eka rukov\u00e4te: 137 mm<\/p>\n<p>The Cold Steel SRK (Survival Rescue Knife) m\u00e1 been a pr\u00fad flagship blade v na\u0161ej line-up pre 25 rokov. n\u00f4\u017e v\u00fdberu pre mnoh\u00fdch na\u0161ich bratov a sestry vo vojenskej, to remains \u0161tandardu fixuje blade of Navy SEALs po\u010das BUDS tr\u00e9nova\u0165 tento de\u0148. Jej mal\u00e1 v\u00f4\u0148a je, \u017ee ke\u010f sme tasked custom n\u00f4\u017e makier Andrew Demko s rozvojom nov\u00fdch high-end taktickej zv\u00e4zok n\u00f4\u017e pre vojensk\u00fa aplik\u00e1ciu, ktor\u00e1 je to in\u0161pir\u00e1cia z legend\u00e1rnej SRK! The SR1 features Andrews signat\u00fara minimalist \u0161t\u00fdlu, s nie unnecessary flourishes alebo embellishments, just pure functional, no-nonsense, pracuj\u00faci dizajn. The SR1s heavy duty blade je vyroben\u00fd do pr\u00e1ce. Crafted from 5mm thick American CPM-S35VN premium powdered steel, jeho a heavy duty pracovn\u00fd k\u00f4\u0148, dizajnovan\u00fd pre harshest a most unforgiving environments. A dobr\u00e9 blade needs a dobr\u00e9 handle, so SR1s handle je vyroben\u00fd z premium G-10 s hlavou treated nested steel liners. S integrovanou lanyard palicou a coarse-textured surface pre secure grip even in cold, wet conditions, and expertly contoured to allow for comfortable and safe grip even while wearing heavy gloves. Pre adekv\u00e1tnu reliability a mieru m\u00ednu, sme nain\u0161talovali SR1 s na\u0161imi svetov\u00fdmi-famous Tri-Ad locking mechanizmus &#8211; proven time and time again to weather even the worst abuse, with unparalleled shock and impact resistance &#8211; making this n\u00f4\u017e the ideal choice for a survival rescue blade intended for na\u0161imi n\u00e1rodmi warrior elite!<\/p>\n<p>Weight: 7oz Blade Thickness: 4.8mm Blade Length: 4in Blade Steel: S35VN Handle Length\/Material: 5-3\/8in G-10 (OD Green) Overall Length: 9-3\/8in Additional Features: Ambidextrous Pocket \/ Belt Clip Kni Typ: Folder Blade Length Range: 3-5 in Steel Family: CPM Blade Shape: Clip Point Product Family: SR1 Locking Mechanizmus: Tri-Ad Lock<\/p>\n","protected":false},"excerpt":{"rendered":"<p>SR1 od firmy <strong>COLD STEEL<\/strong> je zatv\u00e1rac\u00ed n\u00f4\u017e s hladk\u00fdm ostr\u00edm. SR1 je \u0165a\u017ek\u00fd pracovn\u00fd n\u00f4\u017e ur\u010den\u00fd na pou\u017e\u00edvanie v najn\u00e1ro\u010dnej\u0161\u00edch podmienkach.<\/p>\n","protected":false},"featured_media":214963,"comment_status":"open","ping_status":"closed","template":"","meta":[],"pwb-brand":[3598],"product_brand":[],"product_cat":[3233,3186],"product_tag":[],"class_list":{"0":"post-343803","1":"product","2":"type-product","3":"status-publish","4":"has-post-thumbnail","6":"pwb-brand-cold-steel-sk","7":"product_cat-zatvaracie-noze","8":"product_cat-noze-sk","10":"first","11":"instock","12":"taxable","13":"shipping-taxable","14":"purchasable","15":"product-type-simple"},"brands":[{"id":3598,"name":"Cold Steel","slug":"cold-steel-sk"}],"_links":{"self":[{"href":"https:\/\/www.moskito.cz\/sk\/wp-json\/wp\/v2\/product\/343803","targetHints":{"allow":["GET"]}}],"collection":[{"href":"https:\/\/www.moskito.cz\/sk\/wp-json\/wp\/v2\/product"}],"about":[{"href":"https:\/\/www.moskito.cz\/sk\/wp-json\/wp\/v2\/types\/product"}],"replies":[{"embeddable":true,"href":"https:\/\/www.moskito.cz\/sk\/wp-json\/wp\/v2\/comments?post=343803"}],"wp:featuredmedia":[{"embeddable":true,"href":"https:\/\/www.moskito.cz\/sk\/wp-json\/wp\/v2\/media\/214963"}],"wp:attachment":[{"href":"https:\/\/www.moskito.cz\/sk\/wp-json\/wp\/v2\/media?parent=343803"}],"wp:term":[{"taxonomy":"pwb-brand","embeddable":true,"href":"https:\/\/www.moskito.cz\/sk\/wp-json\/wp\/v2\/pwb-brand?post=343803"},{"taxonomy":"product_brand","embeddable":true,"href":"https:\/\/www.moskito.cz\/sk\/wp-json\/wp\/v2\/product_brand?post=343803"},{"taxonomy":"product_cat","embeddable":true,"href":"https:\/\/www.moskito.cz\/sk\/wp-json\/wp\/v2\/product_cat?post=343803"},{"taxonomy":"product_tag","embeddable":true,"href":"https:\/\/www.moskito.cz\/sk\/wp-json\/wp\/v2\/product_tag?post=343803"}],"curies":[{"name":"wp","href":"https:\/\/api.w.org\/{rel}","templated":true}]}}