{"id":343829,"date":"2022-11-01T19:13:41","date_gmt":"2022-11-01T18:13:41","guid":{"rendered":"https:\/\/www.moskito.cz\/produkt\/zatvaraci-noz-cold-steel-mini-tuff-lite-plain-edge-black\/"},"modified":"2025-12-24T10:06:28","modified_gmt":"2025-12-24T09:06:28","slug":"zatvaraci-noz-cold-steel-mini-tuff-lite-plain-edge-black","status":"publish","type":"product","link":"https:\/\/www.moskito.cz\/sk\/produkt\/zatvaraci-noz-cold-steel-mini-tuff-lite-plain-edge-black\/","title":{"rendered":"Zatv\u00e1rac\u00ed N\u00f4\u017e Cold Steel MINI TUFF LITE PLAIN EDGE &#8211; BLACK"},"content":{"rendered":"<p>Zatv\u00e1rac\u00ed N\u00f4\u017e <strong>Cold Steel<\/strong> MINI TUFF LITE PLAIN EDGE &#8211; BLACK.<\/p>\n<p>Zlo\u017eky Tuff Lite od Cold Steel s\u00fa dostato\u010dne pevn\u00e9 na to, aby to zvl\u00e1dli a dostato\u010dne \u013eahk\u00e9, aby boli po ruke, ke\u010f ich potrebujete. Dokonal\u00e1 ve\u013ekos\u0165, aby sa zmestila do ka\u017ed\u00e9ho vrecka, pripla si ju k p\u00e1su alebo ju nosila na krku na \u0161n\u00farke. V\u010faka \u0161irok\u00fdm, dut\u00fdm, br\u00fasen\u00fdm \u010depeliam s\u00fa nemilosrdne ostr\u00e9 a dok\u00e1\u017eu prereza\u0165 aj tie najodolnej\u0161ie materi\u00e1ly s ne\u010dakanou \u013eahkos\u0165ou. A v\u010faka ich \u0161ikm\u00fdm hrotom pon\u00fakaj\u00fa hlbok\u00fd prienik a potenci\u00e1l presn\u00e9ho rezania bez toho, aby p\u00f4sobili dostato\u010dne agres\u00edvne, aby pri\u0165ahovali ne\u017eiaducu pozornos\u0165. Verzie \u0161tandardnej ve\u013ekosti i verzie mini s\u00fa vy\u0161\u013eachten\u00e9 pre pr\u00e1cu a pon\u00fakaj\u00fa prekvapivo dobr\u00fd \u00fachop v\u010faka svojim skvele navrhnut\u00fdm rukov\u00e4tiam Griv Ex\u2122, ktor\u00e9 pon\u00fakaj\u00fa ohromn\u00fd pomer pevnosti k hmotnosti a s\u00fa vybaven\u00e9 na\u0161\u00edm najmodernej\u0161\u00edm z\u00e1mkom Tri-Ad, ktor\u00fd poskytuje ohromuj\u00face svaly na svoju ve\u013ekos\u0165.<\/p>\n<p>PARAMETRE V\u00ddROBKU<br \/>\nHmotnos\u0165: 45 g<br \/>\nCelkov\u00e1 ve\u013ekos\u0165: 127 mm<br \/>\nHr\u00fabka \u010depele: 2,5 mm<br \/>\nD\u013a\u017eka \u010depele: 51 mm<br \/>\nD\u013a\u017eka rukov\u00e4te: 76 mm<br \/>\nMateri\u00e1l rukov\u00e4te: Long Griv-Ex\u2122<br \/>\nFarba: \u010dierna\/strieborn\u00e1<br \/>\nOce\u013e: Materi\u00e1l: japonsk\u00e1 4034SS<\/p>\n","protected":false},"excerpt":{"rendered":"<p>Cold Steel Mini Tuff Lite je mal\u00fd zatv\u00e1rac\u00ed n\u00f4\u017e s hladk\u00fdm rovn\u00fdm ostr\u00edm.<\/p>\n","protected":false},"featured_media":229139,"comment_status":"open","ping_status":"closed","template":"","meta":[],"pwb-brand":[3598],"product_brand":[],"product_cat":[3233,3186],"product_tag":[],"class_list":{"0":"post-343829","1":"product","2":"type-product","3":"status-publish","4":"has-post-thumbnail","6":"pwb-brand-cold-steel-sk","7":"product_cat-zatvaracie-noze","8":"product_cat-noze-sk","10":"first","11":"outofstock","12":"taxable","13":"shipping-taxable","14":"purchasable","15":"product-type-simple"},"brands":[{"id":3598,"name":"Cold Steel","slug":"cold-steel-sk"}],"_links":{"self":[{"href":"https:\/\/www.moskito.cz\/sk\/wp-json\/wp\/v2\/product\/343829","targetHints":{"allow":["GET"]}}],"collection":[{"href":"https:\/\/www.moskito.cz\/sk\/wp-json\/wp\/v2\/product"}],"about":[{"href":"https:\/\/www.moskito.cz\/sk\/wp-json\/wp\/v2\/types\/product"}],"replies":[{"embeddable":true,"href":"https:\/\/www.moskito.cz\/sk\/wp-json\/wp\/v2\/comments?post=343829"}],"wp:featuredmedia":[{"embeddable":true,"href":"https:\/\/www.moskito.cz\/sk\/wp-json\/wp\/v2\/media\/229139"}],"wp:attachment":[{"href":"https:\/\/www.moskito.cz\/sk\/wp-json\/wp\/v2\/media?parent=343829"}],"wp:term":[{"taxonomy":"pwb-brand","embeddable":true,"href":"https:\/\/www.moskito.cz\/sk\/wp-json\/wp\/v2\/pwb-brand?post=343829"},{"taxonomy":"product_brand","embeddable":true,"href":"https:\/\/www.moskito.cz\/sk\/wp-json\/wp\/v2\/product_brand?post=343829"},{"taxonomy":"product_cat","embeddable":true,"href":"https:\/\/www.moskito.cz\/sk\/wp-json\/wp\/v2\/product_cat?post=343829"},{"taxonomy":"product_tag","embeddable":true,"href":"https:\/\/www.moskito.cz\/sk\/wp-json\/wp\/v2\/product_tag?post=343829"}],"curies":[{"name":"wp","href":"https:\/\/api.w.org\/{rel}","templated":true}]}}