{"id":343858,"date":"2022-04-20T21:12:36","date_gmt":"2022-04-20T20:12:36","guid":{"rendered":"https:\/\/www.moskito.cz\/produkt\/tlacna-dyka-cold-steel-urban-edge-double-serrated-edge\/"},"modified":"2024-06-12T12:34:46","modified_gmt":"2024-06-12T11:34:46","slug":"tlacna-dyka-cold-steel-urban-edge-double-serrated-edge","status":"publish","type":"product","link":"https:\/\/www.moskito.cz\/sk\/produkt\/tlacna-dyka-cold-steel-urban-edge-double-serrated-edge\/","title":{"rendered":"Tla\u010dn\u00e1 D\u00fdka Cold Steel URBAN EDGE DOUBLE SERRATED EDGE"},"content":{"rendered":"<p>Tla\u010dn\u00e1 D\u00fdka <strong>Cold Steel<\/strong> URBAN EDGE DOUBLE SERRATED EDGE.<\/p>\n<p>N\u00e1\u0161 Urban Edge je prekvapivo v\u0161estrann\u00fd a u\u017eito\u010dn\u00fd ka\u017edodenn\u00fd n\u00e1stroj. Jeho bezpe\u010dn\u00e9 uchopenie umo\u017e\u0148uje pou\u017e\u00edvate\u013eovi otvori\u0165 ruku a pritom ma\u0165 st\u00e1le pln\u00fa kontrolu nad no\u017eom. Mnoho zamestnancov spolo\u010dnosti Cold Steel ich pou\u017e\u00edva pravidelne \u2013 otv\u00e1ra krabice, zastavuje sa pri podpisovan\u00ed dod\u00e1vok alebo p\u00ed\u0161e na po\u010d\u00edta\u010doch alebo tabletoch \u2013 to v\u0161etko bez toho, aby im n\u00f4\u017e opustil ruku! Dostato\u010dne \u013eahk\u00e9 na to, aby sa dali nosi\u0165 ako n\u00e1kr\u010dn\u00edk alebo zavesi\u0165 na kr\u00fa\u017eok na k\u013e\u00fa\u010de, ale st\u00e1le obsahuje dostatok rezn\u00e9ho v\u00fdkonu, aby zvl\u00e1dol \u00falohy, ktor\u00e9 by boli v\u00fdzvou aj pre niektor\u00e9 v\u00e4\u010d\u0161ie no\u017ee; Urban Edge je tie\u017e impozantn\u00fdm n\u00e1strojom sebaobrany poslednej in\u0161tancie.<\/p>\n<p>PARAMETRE PRODUKTU<br \/>\nMateri\u00e1l rukov\u00e4te : Long Kray-Ex\u2122<br \/>\nD\u013a\u017eka \u010depele: 63,5 mm<br \/>\nFarba : \u010cierna\/Strieborn\u00e1<br \/>\nOce\u013e: Japanese AUS 8A Stainless<br \/>\nD\u013a\u017eka rukov\u00e4te: 38,1 mm<br \/>\nCelkov\u00e1 ve\u013ekos\u0165: 101 mm<br \/>\nHmotnos\u0165 : 53,86 g<br \/>\nHr\u00fabka \u010depele: 3 mm<br \/>\nMateri\u00e1l puzdra : Secure-Ex\u00ae Sheath<\/p>\n<p>Na\u0161e Urban Edge rob\u00ed a surprisingly versatile and useful everyday utility tool. Jej secure grip umo\u017e\u0148uje pou\u017e\u00edvate\u013eovi otvori\u0165 svoje ruky, zatia\u013e \u010do st\u00e1le m\u00e1 \u00fapln\u00fa kontrolu nad n\u00f4\u017e. Mnoh\u00e9 z Cold Steel&#8217;s employees use them regularly &#8211; otvorenie boxy, pausing to znamenie pre deliveries alebo typu na po\u010d\u00edta\u010doch alebo tabletoch &#8211; v\u0161etky bez n\u00f4\u017e ever leaving ich hands! still packing enough cutting power to handle tasks that would challenge even some larger knives; the Urban Edge also makes a formidable last resort self-defense tool.<br \/>\nHmotnos\u0165: 1.9oz Blade Thickness: 3mm Blade Length: 2-1\/2&#8243; Blade Steel: Japonsko AUS8A Stainless Handle Length\/Material: 1-1\/2&#8243; Kray-Ex \u2122 Additional Features: Secure-Ex\u00ae Sheath Knife Type: Fixed Blade Length Range: 1-3 in Steel Family: AUS Blade Shape: Spear Point Product Family: Urban Edge<\/p>\n","protected":false},"excerpt":{"rendered":"<p>Urban Edge Double Serrated Edge od firmy COLD STEEL je tla\u010dn\u00e1 d\u00fdka s obojstrann\u00fdm zubat\u00fdm ostr\u00edm. Urban Edge je d\u00fdka na EDC a ka\u017edodenn\u00e9 pre\u017eitie v mestskej d\u017eungli. Je v\u00fdborn\u00e1 na skryt\u00e9 nosenie alebo zavesenie na krk.<\/p>\n","protected":false},"featured_media":215141,"comment_status":"open","ping_status":"closed","template":"","meta":[],"pwb-brand":[3598],"product_brand":[],"product_cat":[3187,3186],"product_tag":[],"class_list":{"0":"post-343858","1":"product","2":"type-product","3":"status-publish","4":"has-post-thumbnail","6":"pwb-brand-cold-steel-sk","7":"product_cat-pevne-noze-sk","8":"product_cat-noze-sk","10":"first","11":"instock","12":"taxable","13":"shipping-taxable","14":"purchasable","15":"product-type-simple"},"brands":[{"id":3598,"name":"Cold Steel","slug":"cold-steel-sk"}],"_links":{"self":[{"href":"https:\/\/www.moskito.cz\/sk\/wp-json\/wp\/v2\/product\/343858","targetHints":{"allow":["GET"]}}],"collection":[{"href":"https:\/\/www.moskito.cz\/sk\/wp-json\/wp\/v2\/product"}],"about":[{"href":"https:\/\/www.moskito.cz\/sk\/wp-json\/wp\/v2\/types\/product"}],"replies":[{"embeddable":true,"href":"https:\/\/www.moskito.cz\/sk\/wp-json\/wp\/v2\/comments?post=343858"}],"wp:featuredmedia":[{"embeddable":true,"href":"https:\/\/www.moskito.cz\/sk\/wp-json\/wp\/v2\/media\/215141"}],"wp:attachment":[{"href":"https:\/\/www.moskito.cz\/sk\/wp-json\/wp\/v2\/media?parent=343858"}],"wp:term":[{"taxonomy":"pwb-brand","embeddable":true,"href":"https:\/\/www.moskito.cz\/sk\/wp-json\/wp\/v2\/pwb-brand?post=343858"},{"taxonomy":"product_brand","embeddable":true,"href":"https:\/\/www.moskito.cz\/sk\/wp-json\/wp\/v2\/product_brand?post=343858"},{"taxonomy":"product_cat","embeddable":true,"href":"https:\/\/www.moskito.cz\/sk\/wp-json\/wp\/v2\/product_cat?post=343858"},{"taxonomy":"product_tag","embeddable":true,"href":"https:\/\/www.moskito.cz\/sk\/wp-json\/wp\/v2\/product_tag?post=343858"}],"curies":[{"name":"wp","href":"https:\/\/api.w.org\/{rel}","templated":true}]}}