{"id":343881,"date":"2020-04-30T10:20:11","date_gmt":"2024-06-12T11:50:03","guid":{"rendered":"https:\/\/www.moskito.cz\/produkt\/pevny-noz-cold-steel-true-flight-thrower-cs80tftc\/"},"modified":"2025-07-11T07:51:16","modified_gmt":"2025-07-11T06:51:16","slug":"pevny-noz-cold-steel-true-flight-thrower-cs80tftc","status":"publish","type":"product","link":"https:\/\/www.moskito.cz\/sk\/produkt\/pevny-noz-cold-steel-true-flight-thrower-cs80tftc\/","title":{"rendered":"Pevn\u00fd N\u00f4\u017e Cold Steel True Flight Thrower CS80TFTC"},"content":{"rendered":"<p>Pevn\u00fd N\u00f4\u017e Cold Steel True Flight Thrower CS80TFTC.<\/p>\n<p>Americk\u00e1 firma Cold Steel spoch\u00e1dza z Ventury v Kalifornii. Zna\u010dka bola zalo\u017een\u00e1 v roku 1980 so zameran\u00edm na v\u00fdrobu najsilnej\u0161\u00edch a najostrej\u0161\u00edch no\u017eov na svete. V priebehu posledn\u00fdch troch desa\u0165ro\u010d\u00ed bola spolo\u010dnos\u0165 Cold Steel na \u010dele mnoh\u00fdch inov\u00e1ci\u00ed, ktor\u00e9 pomohli definova\u0165 komer\u010dn\u00fd n\u00f4\u017e ako celok. V\u00fdrobca udr\u017euje vysok\u00fa kvalitu spracovania a neust\u00e1le pracuje na tom, aby si plnil svoj cie\u013e, pon\u00faka\u0165 najsilnej\u0161ie a najostrej\u0161ie no\u017ee na svete. Rozsiahly sortiment taktick\u00fdch \u010di loveck\u00fdch no\u017eov zais\u0165uje \u0161irok\u00fa z\u00e1klad\u0148u u\u017e\u00edvate\u013eov a vern\u00fdch fan\u00fa\u0161ikov.<\/p>\n<p>Celkov\u00e1 d\u013a\u017eka: 30,5 cm<br \/>\n D\u013a\u017eka \u010depele: 17 cm<br \/>\n Oce\u013e: 1055 uhl\u00edkov\u00e1<br \/>\n Rukov\u00e4\u0165: omotan\u00e1 paracord \u0161n\u00farou<\/p>\n<p>&nbsp;<\/p>\n","protected":false},"excerpt":{"rendered":"<p>Pevn\u00fd n\u00f4\u017e s puzdrom.<\/p>\n","protected":false},"featured_media":168015,"comment_status":"open","ping_status":"closed","template":"","meta":[],"pwb-brand":[3598],"product_brand":[],"product_cat":[3187,3186],"product_tag":[],"class_list":{"0":"post-343881","1":"product","2":"type-product","3":"status-publish","4":"has-post-thumbnail","6":"pwb-brand-cold-steel-sk","7":"product_cat-pevne-noze-sk","8":"product_cat-noze-sk","10":"first","11":"instock","12":"taxable","13":"shipping-taxable","14":"purchasable","15":"product-type-simple"},"brands":[{"id":3598,"name":"Cold Steel","slug":"cold-steel-sk"}],"_links":{"self":[{"href":"https:\/\/www.moskito.cz\/sk\/wp-json\/wp\/v2\/product\/343881","targetHints":{"allow":["GET"]}}],"collection":[{"href":"https:\/\/www.moskito.cz\/sk\/wp-json\/wp\/v2\/product"}],"about":[{"href":"https:\/\/www.moskito.cz\/sk\/wp-json\/wp\/v2\/types\/product"}],"replies":[{"embeddable":true,"href":"https:\/\/www.moskito.cz\/sk\/wp-json\/wp\/v2\/comments?post=343881"}],"wp:featuredmedia":[{"embeddable":true,"href":"https:\/\/www.moskito.cz\/sk\/wp-json\/wp\/v2\/media\/168015"}],"wp:attachment":[{"href":"https:\/\/www.moskito.cz\/sk\/wp-json\/wp\/v2\/media?parent=343881"}],"wp:term":[{"taxonomy":"pwb-brand","embeddable":true,"href":"https:\/\/www.moskito.cz\/sk\/wp-json\/wp\/v2\/pwb-brand?post=343881"},{"taxonomy":"product_brand","embeddable":true,"href":"https:\/\/www.moskito.cz\/sk\/wp-json\/wp\/v2\/product_brand?post=343881"},{"taxonomy":"product_cat","embeddable":true,"href":"https:\/\/www.moskito.cz\/sk\/wp-json\/wp\/v2\/product_cat?post=343881"},{"taxonomy":"product_tag","embeddable":true,"href":"https:\/\/www.moskito.cz\/sk\/wp-json\/wp\/v2\/product_tag?post=343881"}],"curies":[{"name":"wp","href":"https:\/\/api.w.org\/{rel}","templated":true}]}}