{"id":343912,"date":"2022-04-17T22:02:03","date_gmt":"2024-06-12T12:05:55","guid":{"rendered":"https:\/\/www.moskito.cz\/produkt\/zatvaraci-noz-cold-steel-silver-eye-elite-spear-point\/"},"modified":"2025-05-07T11:16:55","modified_gmt":"2025-05-07T10:16:55","slug":"zatvaraci-noz-cold-steel-silver-eye-elite-spear-point","status":"publish","type":"product","link":"https:\/\/www.moskito.cz\/sk\/produkt\/zatvaraci-noz-cold-steel-silver-eye-elite-spear-point\/","title":{"rendered":"Zatv\u00e1rac\u00ed N\u00f4\u017e Cold Steel SILVER EYE ELITE SPEAR POINT"},"content":{"rendered":"<p>Zatv\u00e1rac\u00ed N\u00f4\u017e <strong>Cold Steel<\/strong> SILVER EYE ELITE SPEAR POINT.<\/p>\n<p>Silver Eye je vynikaj\u00faca vo\u013eba, ak h\u013ead\u00e1te luxusn\u00fd n\u00f4\u017e na ka\u017edodenn\u00e9 nosenie (EDC). \u010cepe\u013e no\u017ea je vyroben\u00e1 z no\u017eiarskej nerezovej ocele CPM S35VN. \u010cepe\u013e je tie\u017e vybaven\u00e1 inovovan\u00fdm o\u010dkom na otv\u00e1ranie s patentom HTR\u2122, navrhnut\u00fdm Andrewom Demkom. Toto tvarovan\u00e9 o\u010dko umo\u017e\u0148uje bezpe\u010dn\u00e9 uchopenie \u010depele a spr\u00e1vne rozlo\u017eenie tlaku palca pri otv\u00e1ran\u00ed a je prisp\u00f4soben\u00e9 pre prav\u00e1kov aj \u013eav\u00e1kov. Luxusn\u00fd vzh\u013ead no\u017eu dod\u00e1va &#8222;strieborn\u00e9&#8220; o\u010dko na syst\u00e9me otv\u00e1rania a le\u0161ten\u00fd &#8222;zlat\u00fd&#8220; klips. Skvel\u00fd n\u00f4\u017e na pou\u017eitie v kostole, na svadbe alebo kdeko\u013evek, kde budete potrebova\u0165 n\u00f4\u017e s ve\u013ekou eleganciou a leskom. \ud83d\ude42 V\u00fdnimo\u010dn\u00e1 americk\u00e1 oce\u013e je nielen ve\u013emi tuh\u00e1 a odoln\u00e1, ale mo\u017eno na nej dosiahnu\u0165 vynikaj\u00facu ostros\u0165 no\u017ea a ostrie m\u00e1 potom dlh\u00fa trvanlivos\u0165. Ve\u013emi jemne zrnit\u00e1 pr\u00e1\u0161kov\u00e1 oce\u013e s jednotnou mikro\u0161trukt\u00farou pon\u00faka ve\u013emi stabiln\u00e9 vlastnosti. Je odoln\u00e1 aj pri ve\u013emi jemnej fazete ostrie, spo\u013eahliv\u00e1, vysoko nehrdzavej\u00faca. Je to dobr\u00e1 vo\u013eba pre vysoko kvalitn\u00e9 z\u00e1kazkov\u00e9 no\u017ee a n\u00e1stroje. Proces CPM (pseudopr\u00e1\u0161kov\u00e1 metalurgia) je z\u00e1rukou ve\u013emi homog\u00e9nnej, vysoko kvalitnej \u0161trukt\u00fary ocele, rozmerovou stabilitou, dobrou br\u00fasite\u013enos\u0165ou a pevnos\u0165ou v porovnan\u00ed s oce\u013eami vyroben\u00fdmi klasick\u00fdmi konven\u010dn\u00fdmi met\u00f3dami. Napriek ni\u017e\u0161iemu obsahu chr\u00f3mu vykazuje t\u00e1to oce\u013e v oblasti odolnosti proti kor\u00f3zii ve\u013emi dobr\u00e9 v\u00fdsledky. Rukov\u00e4\u0165 je vyroben\u00e1 z le\u0161ten\u00e9ho karb\u00f3nov\u00e9ho vl\u00e1kna, ktor\u00e9 je ve\u013emi \u013eahk\u00e9, ale z\u00e1rove\u0148 dostato\u010dne pevn\u00e9 a odoln\u00e9. Golden Eye je vybaven\u00e1 unik\u00e1tnym patentom Cold Steel Tri-Ad Lock. Poistka zabra\u0148uje samo\u010dinn\u00e9mu alebo nechcen\u00e9mu zatvoreniu no\u017ea aj po prirodzenom opotrebovan\u00ed v priebehu \u010dasu.<\/p>\n<p>D\u013a\u017eka rukov\u00e4te: 124 mm<br \/>\nHmotnos\u0165 : 113 g<br \/>\nOce\u013e : S35VN Steel<br \/>\nD\u013a\u017eka \u010depele: 89 mm<br \/>\nCelkov\u00e1 ve\u013ekos\u0165: 213 mm<br \/>\nMateri\u00e1l rukov\u00e4te : Long Carbon Fiber Handle<br \/>\nHr\u00fabka \u010depele: 3,5 mm<br \/>\nFarba : \u010cierna<br \/>\nDruh poistky: Tri-Ad Lock<br \/>\nOce\u013eov\u00fd kvapkac\u00ed klip<\/p>\n<p>&nbsp;<\/p>\n<p>&nbsp;<\/p>\n","protected":false},"excerpt":{"rendered":"<p>Golden Silver Elite je luxusn\u00e9 prevedenie zatv\u00e1racieho no\u017ea, ktor\u00fd sa hod\u00ed ako doplnok k spolo\u010densk\u00e9mu obleku alebo pracovn\u00e9mu dresscodu.<\/p>\n","protected":false},"featured_media":214969,"comment_status":"open","ping_status":"closed","template":"","meta":[],"pwb-brand":[3598],"product_brand":[],"product_cat":[3186,3233],"product_tag":[],"class_list":{"0":"post-343912","1":"product","2":"type-product","3":"status-publish","4":"has-post-thumbnail","6":"pwb-brand-cold-steel-sk","7":"product_cat-noze-sk","8":"product_cat-zatvaracie-noze","10":"first","11":"instock","12":"taxable","13":"shipping-taxable","14":"purchasable","15":"product-type-simple"},"brands":[{"id":3598,"name":"Cold Steel","slug":"cold-steel-sk"}],"_links":{"self":[{"href":"https:\/\/www.moskito.cz\/sk\/wp-json\/wp\/v2\/product\/343912","targetHints":{"allow":["GET"]}}],"collection":[{"href":"https:\/\/www.moskito.cz\/sk\/wp-json\/wp\/v2\/product"}],"about":[{"href":"https:\/\/www.moskito.cz\/sk\/wp-json\/wp\/v2\/types\/product"}],"replies":[{"embeddable":true,"href":"https:\/\/www.moskito.cz\/sk\/wp-json\/wp\/v2\/comments?post=343912"}],"wp:featuredmedia":[{"embeddable":true,"href":"https:\/\/www.moskito.cz\/sk\/wp-json\/wp\/v2\/media\/214969"}],"wp:attachment":[{"href":"https:\/\/www.moskito.cz\/sk\/wp-json\/wp\/v2\/media?parent=343912"}],"wp:term":[{"taxonomy":"pwb-brand","embeddable":true,"href":"https:\/\/www.moskito.cz\/sk\/wp-json\/wp\/v2\/pwb-brand?post=343912"},{"taxonomy":"product_brand","embeddable":true,"href":"https:\/\/www.moskito.cz\/sk\/wp-json\/wp\/v2\/product_brand?post=343912"},{"taxonomy":"product_cat","embeddable":true,"href":"https:\/\/www.moskito.cz\/sk\/wp-json\/wp\/v2\/product_cat?post=343912"},{"taxonomy":"product_tag","embeddable":true,"href":"https:\/\/www.moskito.cz\/sk\/wp-json\/wp\/v2\/product_tag?post=343912"}],"curies":[{"name":"wp","href":"https:\/\/api.w.org\/{rel}","templated":true}]}}