{"id":344380,"date":"2024-06-14T08:31:49","date_gmt":"2024-06-14T07:32:58","guid":{"rendered":"https:\/\/www.moskito.cz\/produkt\/vrhaci-noz-cold-steel-mini-flight-sport\/"},"modified":"2025-05-07T11:17:08","modified_gmt":"2025-05-07T10:17:08","slug":"vrhaci-noz-cold-steel-mini-flight-sport","status":"publish","type":"product","link":"https:\/\/www.moskito.cz\/sk\/produkt\/vrhaci-noz-cold-steel-mini-flight-sport\/","title":{"rendered":"Vrhac\u00ed N\u00f4\u017e Cold Steel MINI FLIGHT SPORT"},"content":{"rendered":"<p>Vrhac\u00ed N\u00f4\u017e <strong>Cold Steel<\/strong> MINI FLIGHT SPORT.<\/p>\n<p>U\u017e mnoho rokov pon\u00fakame jedny z najlep\u0161\u00edch pr\u00e9miov\u00fdch profesion\u00e1lnych vrhac\u00edch no\u017eov. Na\u0161i vrha\u010di sa stali oporou vo vrha\u010dskej komunite a pravidelne sa z\u00fa\u010dast\u0148uj\u00fa najvy\u0161\u0161\u00edch vrha\u010dsk\u00fdch s\u00fa\u0165a\u017e\u00ed po celom svete. Teraz, kv\u00f4li popul\u00e1rnemu dopytu, sme hrd\u00ed na to, \u017ee m\u00f4\u017eeme predstavi\u0165 nov\u00fd rad lacn\u00fdch \u0161portov\u00fdch vrha\u010dov strednej triedy. Tieto \u0161portov\u00e9 modely s\u00fa vyroben\u00e9 pod\u013ea rovnak\u00fdch pr\u00edsnych \u0161tandardov as rovnak\u00fdm tvrd\u00fdm temperovan\u00edm ako pri na\u0161ich vy\u0161\u0161\u00edch modeloch, s\u00fa o nie\u010do ten\u0161ie a \u013eah\u0161ie, ale maj\u00fa rovnak\u00fa odolnos\u0165 a vyv\u00e1\u017eenos\u0165, ak\u00fa na\u0161i z\u00e1kazn\u00edci o\u010dak\u00e1vaj\u00fa. S\u00fa vhodn\u00e9 pre ak\u00fako\u013evek \u00farove\u0148 zru\u010dnost\u00ed. s\u00fa v\u00fdrazne lacnej\u0161ie ako na\u0161e p\u00f4vodn\u00e9 profesion\u00e1lne modely a u\u013eah\u010duj\u00fa ako inokedy t\u00fato pr\u00edjemn\u00fa a obohacuj\u00facu z\u00e1bavu.<\/p>\n<p>Farba: \u010cierna<br \/>\nHmotnos\u0165: 181,43 g<br \/>\nCelkov\u00e1 ve\u013ekos\u0165: 25.4 cm<br \/>\nHr\u00fabka \u010depele: 0.35 cm<br \/>\nOce\u013e: 1055 Carbon Steel<\/p>\n","protected":false},"excerpt":{"rendered":"<p><strong>Predstavujeme mno\u017estvo \u0161portov\u00fdch vrhac\u00edch no\u017eov Flight Sport, ktor\u00e9 s\u00fa vyroben\u00e9 v troch ve\u013ekostiach.<\/strong><\/p>\n<p><strong>Mini Flight Sport od firmy Cold Steel je mal\u00fd (181g) vrhac\u00ed n\u00f4\u017e.<\/strong><\/p>\n","protected":false},"featured_media":344377,"comment_status":"open","ping_status":"closed","template":"","meta":[],"pwb-brand":[3598],"product_brand":[],"product_cat":[3186,3541],"product_tag":[3668],"class_list":{"0":"post-344380","1":"product","2":"type-product","3":"status-publish","4":"has-post-thumbnail","6":"pwb-brand-cold-steel-sk","7":"product_cat-noze-sk","8":"product_cat-vrhacie-noze","9":"product_tag-b2b-sk","11":"first","12":"outofstock","13":"taxable","14":"shipping-taxable","15":"purchasable","16":"product-type-simple"},"brands":[{"id":3598,"name":"Cold Steel","slug":"cold-steel-sk"}],"_links":{"self":[{"href":"https:\/\/www.moskito.cz\/sk\/wp-json\/wp\/v2\/product\/344380","targetHints":{"allow":["GET"]}}],"collection":[{"href":"https:\/\/www.moskito.cz\/sk\/wp-json\/wp\/v2\/product"}],"about":[{"href":"https:\/\/www.moskito.cz\/sk\/wp-json\/wp\/v2\/types\/product"}],"replies":[{"embeddable":true,"href":"https:\/\/www.moskito.cz\/sk\/wp-json\/wp\/v2\/comments?post=344380"}],"wp:featuredmedia":[{"embeddable":true,"href":"https:\/\/www.moskito.cz\/sk\/wp-json\/wp\/v2\/media\/344377"}],"wp:attachment":[{"href":"https:\/\/www.moskito.cz\/sk\/wp-json\/wp\/v2\/media?parent=344380"}],"wp:term":[{"taxonomy":"pwb-brand","embeddable":true,"href":"https:\/\/www.moskito.cz\/sk\/wp-json\/wp\/v2\/pwb-brand?post=344380"},{"taxonomy":"product_brand","embeddable":true,"href":"https:\/\/www.moskito.cz\/sk\/wp-json\/wp\/v2\/product_brand?post=344380"},{"taxonomy":"product_cat","embeddable":true,"href":"https:\/\/www.moskito.cz\/sk\/wp-json\/wp\/v2\/product_cat?post=344380"},{"taxonomy":"product_tag","embeddable":true,"href":"https:\/\/www.moskito.cz\/sk\/wp-json\/wp\/v2\/product_tag?post=344380"}],"curies":[{"name":"wp","href":"https:\/\/api.w.org\/{rel}","templated":true}]}}