{"id":344447,"date":"2024-06-14T09:34:44","date_gmt":"2024-06-14T08:34:44","guid":{"rendered":"https:\/\/www.moskito.cz\/produkt\/vrhacia-hviezdica-cold-steel-heavy-sure-strike-3-pack\/"},"modified":"2025-05-07T11:17:12","modified_gmt":"2025-05-07T10:17:12","slug":"vrhacia-hviezdica-cold-steel-heavy-sure-strike-3-pack","status":"publish","type":"product","link":"https:\/\/www.moskito.cz\/sk\/produkt\/vrhacia-hviezdica-cold-steel-heavy-sure-strike-3-pack\/","title":{"rendered":"Vrhacia Hviezdica Cold Steel HEAVY SURE STRIKE (3 PACK)"},"content":{"rendered":"<p>Vrhacia Hviezdica <strong>Cold Steel<\/strong> HEAVY SURE STRIKE (3 PACK).<\/p>\n<p>The Sure Strike je na\u0161a interpret\u00e1cia klasick\u00e9ho Shurikenu alebo vrhacej hviezdy. Vrhacia hviezda, pou\u017e\u00edvan\u00e1 po st\u00e1ro\u010dia v \u010c\u00edne a Japonsku, pozost\u00e1va z dobre vyv\u00e1\u017een\u00e9ho kusu splo\u0161tenej ocele s 3 alebo viacer\u00fdmi ostr\u00fdmi hrotmi. Ke\u010f sa h\u00e1d\u017ee cez hlavu ako baseball, postrann\u00e9 pa\u017ee, podpazu\u0161ie alebo zadn\u00e1 ruka ako lietaj\u00faci tanier, zaka\u017ed\u00fdm zasiahne aspo\u0148 jeden bod. Na\u0161e Sure Strikes nie s\u00fa ako lacn\u00e9, chatrn\u00e9 vrhacie hviezdy, ktor\u00e9 vid\u00edte na bl\u0161\u00edch trhoch, v\u00fdstav\u00e1ch so zbra\u0148ami av \u010dasopisoch o bojov\u00fdch umeniach. S\u00fa prec\u00edzne vyrezan\u00e9 laserom z ocele s vysok\u00fdm obsahom uhl\u00edka a pred ostren\u00edm tepelne spracovan\u00e9 na odoln\u00fa pru\u017einu. Potom s\u00fa o\u0161etren\u00e9 \u010diernym vypa\u013eovan\u00fdm epoxidov\u00fdm lakom, ktor\u00fd ich chr\u00e1ni pred nepriaz\u0148ou po\u010dasia a opakovan\u00fdm h\u00e1dzan\u00edm. K dispoz\u00edcii v troch hmotnostn\u00fdch variantoch &#8211; Light, Medium a Heavy.<\/p>\n<p>Hmotnos\u0165: 181 g<\/p>\n<p>Hr\u00fabka \u010depele: 0.6 cm<\/p>\n<p>Oce\u013eov\u00e9 \u010depele: 1055 uhl\u00edk<\/p>\n<p>Celkov\u00e1 d\u013a\u017eka: 14.6 cm<\/p>\n<p>Rodina ocele: Vysoko uhl\u00edkovej ocele<\/p>\n<p>&nbsp;<\/p>\n<p>&nbsp;<\/p>\n","protected":false},"excerpt":{"rendered":"<p><strong>Sure Strike je na\u0161a interpret\u00e1cia klasick\u00e9ho Shurikenu alebo vrhacej hviezdice.<\/strong><\/p>\n","protected":false},"featured_media":344441,"comment_status":"open","ping_status":"closed","template":"","meta":[],"pwb-brand":[3598],"product_brand":[],"product_cat":[3541,3186],"product_tag":[3668],"class_list":{"0":"post-344447","1":"product","2":"type-product","3":"status-publish","4":"has-post-thumbnail","6":"pwb-brand-cold-steel-sk","7":"product_cat-vrhacie-noze","8":"product_cat-noze-sk","9":"product_tag-b2b-sk","11":"first","12":"instock","13":"taxable","14":"shipping-taxable","15":"purchasable","16":"product-type-simple"},"brands":[{"id":3598,"name":"Cold Steel","slug":"cold-steel-sk"}],"_links":{"self":[{"href":"https:\/\/www.moskito.cz\/sk\/wp-json\/wp\/v2\/product\/344447","targetHints":{"allow":["GET"]}}],"collection":[{"href":"https:\/\/www.moskito.cz\/sk\/wp-json\/wp\/v2\/product"}],"about":[{"href":"https:\/\/www.moskito.cz\/sk\/wp-json\/wp\/v2\/types\/product"}],"replies":[{"embeddable":true,"href":"https:\/\/www.moskito.cz\/sk\/wp-json\/wp\/v2\/comments?post=344447"}],"wp:featuredmedia":[{"embeddable":true,"href":"https:\/\/www.moskito.cz\/sk\/wp-json\/wp\/v2\/media\/344441"}],"wp:attachment":[{"href":"https:\/\/www.moskito.cz\/sk\/wp-json\/wp\/v2\/media?parent=344447"}],"wp:term":[{"taxonomy":"pwb-brand","embeddable":true,"href":"https:\/\/www.moskito.cz\/sk\/wp-json\/wp\/v2\/pwb-brand?post=344447"},{"taxonomy":"product_brand","embeddable":true,"href":"https:\/\/www.moskito.cz\/sk\/wp-json\/wp\/v2\/product_brand?post=344447"},{"taxonomy":"product_cat","embeddable":true,"href":"https:\/\/www.moskito.cz\/sk\/wp-json\/wp\/v2\/product_cat?post=344447"},{"taxonomy":"product_tag","embeddable":true,"href":"https:\/\/www.moskito.cz\/sk\/wp-json\/wp\/v2\/product_tag?post=344447"}],"curies":[{"name":"wp","href":"https:\/\/api.w.org\/{rel}","templated":true}]}}