{"id":344462,"date":"2024-06-14T09:51:53","date_gmt":"2024-06-14T08:55:06","guid":{"rendered":"https:\/\/www.moskito.cz\/produkt\/vrhacie-cold-steel-templar-x\/"},"modified":"2025-05-07T11:17:13","modified_gmt":"2025-05-07T10:17:13","slug":"vrhacie-cold-steel-templar-x","status":"publish","type":"product","link":"https:\/\/www.moskito.cz\/sk\/produkt\/vrhacie-cold-steel-templar-x\/","title":{"rendered":"Vrhacie Cold Steel TEMPLAR X"},"content":{"rendered":"<p>Vrhacie <strong>Cold Steel<\/strong> TEMPLAR X.<\/p>\n<p><strong>Cold Steel Templar<\/strong> je \u0161pecializovan\u00fd vrhac\u00ed n\u00e1stroj vyroben\u00fd pre modern\u00e9 \u0161portov\u00e9 alebo s\u00fa\u0165a\u017en\u00e9 vrhanie. Templ\u00e1r, navrhnut\u00fd z\u00e1kazkov\u00fdm \u010depe\u013eou Daveom Bakerom, je in\u0161pirovan\u00fd starod\u00e1vnou historickou vrhacou sekerou zn\u00e1mou ako Hurlbat. Templ\u00e1r je vyroben\u00fd z jedn\u00e9ho pevn\u00e9ho kusu h\u00fa\u017eevnatej pru\u017einovej tvrdenej uhl\u00edkovej ocele a je z\u00e1bavn\u00e9 h\u00e1dza\u0165 a \u013eahko sa pou\u017e\u00edva. Pokia\u013e ide o \u201euchopenie\u201c potenci\u00e1lu, je to \u010fal\u0161ia najlep\u0161ia vec po shurikenu alebo vrhacej hviezde, prist\u00e1vaj\u00faca s uspokojiv\u00fdm \u201ethunk\u201c znova a znova! S hlavou v \u0161t\u00fdle sekery, horn\u00fdm a zadn\u00fdm hrotom a skosenou rukov\u00e4\u0165ou s hrotmi tvrdo zasiahne takmer na ak\u00fako\u013evek vzdialenos\u0165 a rot\u00e1ciu a v\u010faka vyv\u00e1\u017eeniu, ktor\u00e9 je \u0165a\u017ek\u00e9 na hlavu, je mo\u017en\u00e9 h\u00e1dza\u0165 aj na dlh\u0161ie vzdialenosti.<\/p>\n<p>Hmotnos\u0165: 16,9 oz<\/p>\n<p>Hr\u00fabka \u010depele: 0.5 cm<\/p>\n<p>Oce\u013eov\u00e9 \u010depele: 1065 s vysok\u00fdm obsahom uhl\u00edka<\/p>\n<p>\u0160t\u00fdl: Sekera<\/p>\n<p>Rodina ocele: Vysoko uhl\u00edkovej ocele<\/p>\n<div class=\"detaillist-row\">\n<div class=\"detaillist-row-name\">Celkov\u00e1 ve\u013ekos\u0165. 37 cm<\/div>\n<\/div>\n<p>&nbsp;<\/p>\n<p>&nbsp;<\/p>\n","protected":false},"excerpt":{"rendered":"<p><strong>Cold Steel Templar je \u0161pecializovan\u00fd vrhac\u00ed n\u00e1stroj vyroben\u00fd pre modern\u00e9 \u0161portov\u00e9 alebo s\u00fa\u0165a\u017en\u00e9 vrhanie.<\/strong><\/p>\n","protected":false},"featured_media":344457,"comment_status":"open","ping_status":"closed","template":"","meta":[],"pwb-brand":[3598],"product_brand":[],"product_cat":[3186,3541],"product_tag":[3668],"class_list":{"0":"post-344462","1":"product","2":"type-product","3":"status-publish","4":"has-post-thumbnail","6":"pwb-brand-cold-steel-sk","7":"product_cat-noze-sk","8":"product_cat-vrhacie-noze","9":"product_tag-b2b-sk","11":"first","12":"outofstock","13":"taxable","14":"shipping-taxable","15":"purchasable","16":"product-type-simple"},"brands":[{"id":3598,"name":"Cold Steel","slug":"cold-steel-sk"}],"_links":{"self":[{"href":"https:\/\/www.moskito.cz\/sk\/wp-json\/wp\/v2\/product\/344462","targetHints":{"allow":["GET"]}}],"collection":[{"href":"https:\/\/www.moskito.cz\/sk\/wp-json\/wp\/v2\/product"}],"about":[{"href":"https:\/\/www.moskito.cz\/sk\/wp-json\/wp\/v2\/types\/product"}],"replies":[{"embeddable":true,"href":"https:\/\/www.moskito.cz\/sk\/wp-json\/wp\/v2\/comments?post=344462"}],"wp:featuredmedia":[{"embeddable":true,"href":"https:\/\/www.moskito.cz\/sk\/wp-json\/wp\/v2\/media\/344457"}],"wp:attachment":[{"href":"https:\/\/www.moskito.cz\/sk\/wp-json\/wp\/v2\/media?parent=344462"}],"wp:term":[{"taxonomy":"pwb-brand","embeddable":true,"href":"https:\/\/www.moskito.cz\/sk\/wp-json\/wp\/v2\/pwb-brand?post=344462"},{"taxonomy":"product_brand","embeddable":true,"href":"https:\/\/www.moskito.cz\/sk\/wp-json\/wp\/v2\/product_brand?post=344462"},{"taxonomy":"product_cat","embeddable":true,"href":"https:\/\/www.moskito.cz\/sk\/wp-json\/wp\/v2\/product_cat?post=344462"},{"taxonomy":"product_tag","embeddable":true,"href":"https:\/\/www.moskito.cz\/sk\/wp-json\/wp\/v2\/product_tag?post=344462"}],"curies":[{"name":"wp","href":"https:\/\/api.w.org\/{rel}","templated":true}]}}