{"id":344514,"date":"2022-11-04T21:37:12","date_gmt":"2022-11-04T20:37:12","guid":{"rendered":"https:\/\/www.moskito.cz\/produkt\/pevny-noz-cold-steel-bowie-blade-bushman\/"},"modified":"2025-05-07T11:17:16","modified_gmt":"2025-05-07T10:17:16","slug":"pevny-noz-cold-steel-bowie-blade-bushman","status":"publish","type":"product","link":"https:\/\/www.moskito.cz\/sk\/produkt\/pevny-noz-cold-steel-bowie-blade-bushman\/","title":{"rendered":"Pevn\u00fd N\u00f4\u017e Cold Steel BOWIE BLADE BUSHMAN"},"content":{"rendered":"<p>Pevn\u00fd N\u00f4\u017e <strong>Cold Steel<\/strong> BOWIE BLADE BUSHMAN.<\/p>\n<p>Za tie peniaze je \u0165a\u017ek\u00e9 porazi\u0165 s\u00e9riu no\u017eov na pre\u017eitie Bushman! Na rozdiel od v\u00e4\u010d\u0161iny no\u017eov s dutou rukov\u00e4\u0165ou nie je medzi \u010depe\u013eou a rukov\u00e4\u0165ou \u017eiadny spoj alebo \u0161ev, namiesto toho s\u00fa \u010depe\u013e a rukov\u00e4te Bushmans vykovan\u00e9 za studena z jedn\u00e9ho kusa vysoko uhl\u00edkovej ocele SK-5! V\u00fdsledn\u00e9 no\u017ee s\u00fa odborne tepelne spracovan\u00e9 a temperovan\u00e9 na RC54 a pri na\u0161ich testoch vydr\u017eali viac ako dve tony tlaku na prechod \u010depe\u013e\/rukov\u00e4\u0165! Ka\u017ed\u00fd Bushman bol starostlivo obr\u00fasen\u00fd na extra tenk\u00fa hranu a potom ru\u010dne br\u00fasen\u00fd a le\u0161ten\u00fd do ostr\u00e9ho britva. Ich dut\u00e9 rukov\u00e4te pojm\u00fa z\u00e1soby na pre\u017eitie alebo r\u00f4zne n\u00e1stavce rukov\u00e4te, ktor\u00e9 m\u00f4\u017eu maximalizova\u0165 dosah, p\u00e1ku alebo \u013eahk\u00e9 h\u00e1dzanie. K dispoz\u00edcii v dvoch \u0161t\u00fdloch \u010depel\u00ed (Standard a Bowie point), obe maj\u00fa zakriven\u00e9 \u010depele, ktor\u00e9 s\u00fa ide\u00e1lne na s\u0165ahovanie ko\u017ee a mno\u017estvo bushcraftov\u00fdch pr\u00e1c. Oba s\u00fa dod\u00e1van\u00e9 s pl\u00e1\u0161\u0165om Secure-Ex, ktor\u00fd obsahuje vysoko kvalitn\u00fa oce\u013e Ferrocerium Fire Steel.<\/p>\n<p>PARAMETRE PRODUKTU<br \/>\nOce\u013e: SK-5 High Carbon<br \/>\nFarba: \u010cierna<br \/>\nHr\u00fabka \u010depele: 2,5 mm<br \/>\nMateri\u00e1l puzdra: Secure-Ex \u2122 Sheath with Ferrocerium Fire Steel<br \/>\nCelkov\u00e1 ve\u013ekos\u0165: 311 mm<br \/>\nMateri\u00e1l rukov\u00e4te: Hollow Handle<br \/>\nD\u013a\u017eka \u010depele: 177 mm<br \/>\nD\u013a\u017eka rukov\u00e4te: 133 mm<br \/>\nHmotnos\u0165: 286,33 g<\/p>\n","protected":false},"excerpt":{"rendered":"<p>Bushman a Bowie Bushman s\u00fa no\u017ee na pre\u017eitie v extr\u00e9mnych podmienkach. Ocenia ich predov\u0161etk\u00fdm vyzn\u00e1va\u010di Oudoor a Bushcraft aktiv\u00edt.<\/p>\n","protected":false},"featured_media":229444,"comment_status":"open","ping_status":"closed","template":"","meta":[],"pwb-brand":[3598],"product_brand":[],"product_cat":[3187,3186],"product_tag":[],"class_list":{"0":"post-344514","1":"product","2":"type-product","3":"status-publish","4":"has-post-thumbnail","6":"pwb-brand-cold-steel-sk","7":"product_cat-pevne-noze-sk","8":"product_cat-noze-sk","10":"first","11":"instock","12":"taxable","13":"shipping-taxable","14":"purchasable","15":"product-type-simple"},"brands":[{"id":3598,"name":"Cold Steel","slug":"cold-steel-sk"}],"_links":{"self":[{"href":"https:\/\/www.moskito.cz\/sk\/wp-json\/wp\/v2\/product\/344514","targetHints":{"allow":["GET"]}}],"collection":[{"href":"https:\/\/www.moskito.cz\/sk\/wp-json\/wp\/v2\/product"}],"about":[{"href":"https:\/\/www.moskito.cz\/sk\/wp-json\/wp\/v2\/types\/product"}],"replies":[{"embeddable":true,"href":"https:\/\/www.moskito.cz\/sk\/wp-json\/wp\/v2\/comments?post=344514"}],"wp:featuredmedia":[{"embeddable":true,"href":"https:\/\/www.moskito.cz\/sk\/wp-json\/wp\/v2\/media\/229444"}],"wp:attachment":[{"href":"https:\/\/www.moskito.cz\/sk\/wp-json\/wp\/v2\/media?parent=344514"}],"wp:term":[{"taxonomy":"pwb-brand","embeddable":true,"href":"https:\/\/www.moskito.cz\/sk\/wp-json\/wp\/v2\/pwb-brand?post=344514"},{"taxonomy":"product_brand","embeddable":true,"href":"https:\/\/www.moskito.cz\/sk\/wp-json\/wp\/v2\/product_brand?post=344514"},{"taxonomy":"product_cat","embeddable":true,"href":"https:\/\/www.moskito.cz\/sk\/wp-json\/wp\/v2\/product_cat?post=344514"},{"taxonomy":"product_tag","embeddable":true,"href":"https:\/\/www.moskito.cz\/sk\/wp-json\/wp\/v2\/product_tag?post=344514"}],"curies":[{"name":"wp","href":"https:\/\/api.w.org\/{rel}","templated":true}]}}