{"id":344587,"date":"2024-06-14T10:34:52","date_gmt":"2024-06-14T09:34:52","guid":{"rendered":"https:\/\/www.moskito.cz\/produkt\/vrhacia-hviezdica-cold-steel-throwing-stars-3-pack-with-pouch\/"},"modified":"2025-05-07T11:17:17","modified_gmt":"2025-05-07T10:17:17","slug":"vrhacia-hviezdica-cold-steel-throwing-stars-3-pack-with-pouch","status":"publish","type":"product","link":"https:\/\/www.moskito.cz\/sk\/produkt\/vrhacia-hviezdica-cold-steel-throwing-stars-3-pack-with-pouch\/","title":{"rendered":"Vrhacia Hviezdica Cold Steel THROWING STARS 3 PACK WITH POUCH"},"content":{"rendered":"<p>Vrhacia Hviezdica <strong>Cold Steel<\/strong> THROWING STARS 3 PACK WITH POUCH.<\/p>\n<p>Tieto vrhacie hviezdy s\u00fa modernou interpret\u00e1ciou klasick\u00e9ho Shurikenu. Vrhacia hviezda, pou\u017e\u00edvan\u00e1 po st\u00e1ro\u010dia v \u010c\u00edne a Japonsku, pozost\u00e1va z dobre vyv\u00e1\u017een\u00e9ho kusu splo\u0161tenej ocele s 3 alebo viacer\u00fdmi ostr\u00fdmi hrotmi. Ke\u010f sa h\u00e1d\u017ee cez hlavu ako baseball, postrann\u00e9 pa\u017ee, podpazu\u0161ie alebo zadn\u00e1 ruka ako lietaj\u00faci tanier, zaka\u017ed\u00fdm zasiahne aspo\u0148 jeden bod. T\u00e1to sada troch vrhac\u00edch hviezd je vyroben\u00e1 z vysoko kvalitnej ocele 420SS s odoln\u00fdm \u010diernym oxidov\u00fdm povlakom a s\u00fa ulo\u017een\u00e9 v praktickom nylonovom p\u00fazdre.<\/p>\n<p>Farba: \u010cierna<br \/>\nHmotnos\u0165: 43 g<br \/>\nCelkov\u00e1 ve\u013ekos\u0165: 9.9 cm<br \/>\nD\u013a\u017eka \u010depele: 3.8 cm<br \/>\nHr\u00fabka \u010depele: 0.3 mm<br \/>\nOce\u013e: 420SS<br \/>\nMateri\u00e1l puzdra: Nylon<\/p>\n","protected":false},"excerpt":{"rendered":"<p><strong>Tieto vrhacie hviezdy s\u00fa modernou interpret\u00e1ciou klasick\u00e9ho Shurikenu.<\/strong><\/p>\n","protected":false},"featured_media":344526,"comment_status":"open","ping_status":"closed","template":"","meta":[],"pwb-brand":[3598],"product_brand":[],"product_cat":[3541,3186],"product_tag":[3668],"class_list":{"0":"post-344587","1":"product","2":"type-product","3":"status-publish","4":"has-post-thumbnail","6":"pwb-brand-cold-steel-sk","7":"product_cat-vrhacie-noze","8":"product_cat-noze-sk","9":"product_tag-b2b-sk","11":"first","12":"instock","13":"taxable","14":"shipping-taxable","15":"purchasable","16":"product-type-simple"},"brands":[{"id":3598,"name":"Cold Steel","slug":"cold-steel-sk"}],"_links":{"self":[{"href":"https:\/\/www.moskito.cz\/sk\/wp-json\/wp\/v2\/product\/344587","targetHints":{"allow":["GET"]}}],"collection":[{"href":"https:\/\/www.moskito.cz\/sk\/wp-json\/wp\/v2\/product"}],"about":[{"href":"https:\/\/www.moskito.cz\/sk\/wp-json\/wp\/v2\/types\/product"}],"replies":[{"embeddable":true,"href":"https:\/\/www.moskito.cz\/sk\/wp-json\/wp\/v2\/comments?post=344587"}],"wp:featuredmedia":[{"embeddable":true,"href":"https:\/\/www.moskito.cz\/sk\/wp-json\/wp\/v2\/media\/344526"}],"wp:attachment":[{"href":"https:\/\/www.moskito.cz\/sk\/wp-json\/wp\/v2\/media?parent=344587"}],"wp:term":[{"taxonomy":"pwb-brand","embeddable":true,"href":"https:\/\/www.moskito.cz\/sk\/wp-json\/wp\/v2\/pwb-brand?post=344587"},{"taxonomy":"product_brand","embeddable":true,"href":"https:\/\/www.moskito.cz\/sk\/wp-json\/wp\/v2\/product_brand?post=344587"},{"taxonomy":"product_cat","embeddable":true,"href":"https:\/\/www.moskito.cz\/sk\/wp-json\/wp\/v2\/product_cat?post=344587"},{"taxonomy":"product_tag","embeddable":true,"href":"https:\/\/www.moskito.cz\/sk\/wp-json\/wp\/v2\/product_tag?post=344587"}],"curies":[{"name":"wp","href":"https:\/\/api.w.org\/{rel}","templated":true}]}}