{"id":344635,"date":"2024-06-14T10:48:35","date_gmt":"2024-06-14T09:48:35","guid":{"rendered":"https:\/\/www.moskito.cz\/produkt\/zatvaraci-noz-cold-steel-micro-recon-1-tanto-stonewashed\/"},"modified":"2025-05-07T11:17:20","modified_gmt":"2025-05-07T10:17:20","slug":"zatvaraci-noz-cold-steel-micro-recon-1-tanto-stonewashed","status":"publish","type":"product","link":"https:\/\/www.moskito.cz\/sk\/produkt\/zatvaraci-noz-cold-steel-micro-recon-1-tanto-stonewashed\/","title":{"rendered":"Zatv\u00e1rac\u00ed N\u00f4\u017e Cold Steel MICRO RECON 1 TANTO STONEWASHED"},"content":{"rendered":"<p>Zatv\u00e1rac\u00ed N\u00f4\u017e <strong>Cold Steel<\/strong> MICRO RECON 1 TANTO STONEWASHED.<\/p>\n<p>N\u00e1\u0161 rad <strong>Recon 1<\/strong> je ob\u013e\u00faben\u00fdm no\u017eom u vojensk\u00fdch a policajn\u00fdch zlo\u017eiek, hasi\u010dsk\u00fdch a z\u00e1chran\u00e1rskych pos\u00e1dok i civilistov a na\u010falej ur\u010duje \u0161tandard pre taktick\u00e9 zatv\u00e1racie no\u017ee. Tieto spo\u013eahliv\u00e9 no\u017ee maj\u00fa \u0165a\u017eko z\u00edskan\u00fa poves\u0165 pre spo\u013eahlivos\u0165 a silu. Rad Recon 1 je k dispoz\u00edcii s \u010depe\u013eami 2, 3, 4 a 5 \u00bd palca a ka\u017ed\u00fd aspekt ich kon\u0161trukcie bol prepracovan\u00fd tak, aby boli \u010do najodolnej\u0161ie a najefekt\u00edvnej\u0161ie. Ka\u017ed\u00fd model v tomto rozmanitom rade je vybaven\u00fd na\u0161\u00edm svetovo presl\u00e1ven\u00fdm z\u00e1mkom Tri-Ad, ktor\u00fd chr\u00e1ni va\u0161e vz\u00e1cne prsty pred po\u0161koden\u00edm pri pou\u017e\u00edvan\u00ed no\u017ea aj v t\u00fdch najn\u00e1ro\u010dnej\u0161\u00edch podmienkach. Od robustn\u00e9ho mal\u00e9ho pracanta, ktor\u00fdm je n\u00e1\u0161 rad Micro, a\u017e po brut\u00e1lny rezn\u00fd v\u00fdkon n\u00e1\u0161ho radu XL Recon 1 a v\u0161etky no\u017ee medzi t\u00fdm \u2013 nech u\u017e je va\u0161e poslanie ak\u00e9ko\u013evek, Recon 1 je tu pre v\u00e1s!<\/p>\n<p>Farba: \u010cierna<br \/>\nHmotnos\u0165: 31,18 g<br \/>\nCelkov\u00e1 ve\u013ekos\u0165: 11.1 cm<br \/>\nD\u013a\u017eka \u010depele: 5 cm<br \/>\nHr\u00fabka \u010depele: 0.25 cm<br \/>\nOce\u013e: 4034SS<br \/>\nD\u013a\u017eka rukov\u00e4te: 6 cm<br \/>\nMateri\u00e1l rukov\u00e4te: Long G-10 Styled Griv-Ex\u2122<\/p>\n","protected":false},"excerpt":{"rendered":"<p><strong>Zatv\u00e1rac\u00ed n\u00f4\u017e Micro Recon 1 Tanto Point je pre svoju ve\u013ekos\u0165 aj v\u00e1hu ide\u00e1lny na ka\u017edodenn\u00e9 nosenie.<\/strong><\/p>\n","protected":false},"featured_media":344629,"comment_status":"open","ping_status":"closed","template":"","meta":[],"pwb-brand":[3598],"product_brand":[],"product_cat":[3233,3186],"product_tag":[3668],"class_list":{"0":"post-344635","1":"product","2":"type-product","3":"status-publish","4":"has-post-thumbnail","6":"pwb-brand-cold-steel-sk","7":"product_cat-zatvaracie-noze","8":"product_cat-noze-sk","9":"product_tag-b2b-sk","11":"first","12":"instock","13":"taxable","14":"shipping-taxable","15":"purchasable","16":"product-type-simple"},"brands":[{"id":3598,"name":"Cold Steel","slug":"cold-steel-sk"}],"_links":{"self":[{"href":"https:\/\/www.moskito.cz\/sk\/wp-json\/wp\/v2\/product\/344635","targetHints":{"allow":["GET"]}}],"collection":[{"href":"https:\/\/www.moskito.cz\/sk\/wp-json\/wp\/v2\/product"}],"about":[{"href":"https:\/\/www.moskito.cz\/sk\/wp-json\/wp\/v2\/types\/product"}],"replies":[{"embeddable":true,"href":"https:\/\/www.moskito.cz\/sk\/wp-json\/wp\/v2\/comments?post=344635"}],"wp:featuredmedia":[{"embeddable":true,"href":"https:\/\/www.moskito.cz\/sk\/wp-json\/wp\/v2\/media\/344629"}],"wp:attachment":[{"href":"https:\/\/www.moskito.cz\/sk\/wp-json\/wp\/v2\/media?parent=344635"}],"wp:term":[{"taxonomy":"pwb-brand","embeddable":true,"href":"https:\/\/www.moskito.cz\/sk\/wp-json\/wp\/v2\/pwb-brand?post=344635"},{"taxonomy":"product_brand","embeddable":true,"href":"https:\/\/www.moskito.cz\/sk\/wp-json\/wp\/v2\/product_brand?post=344635"},{"taxonomy":"product_cat","embeddable":true,"href":"https:\/\/www.moskito.cz\/sk\/wp-json\/wp\/v2\/product_cat?post=344635"},{"taxonomy":"product_tag","embeddable":true,"href":"https:\/\/www.moskito.cz\/sk\/wp-json\/wp\/v2\/product_tag?post=344635"}],"curies":[{"name":"wp","href":"https:\/\/api.w.org\/{rel}","templated":true}]}}