{"id":344744,"date":"2024-06-14T14:15:19","date_gmt":"2024-06-14T13:23:33","guid":{"rendered":"https:\/\/www.moskito.cz\/produkt\/zatvaraci-noz-cold-steel-engage\/"},"modified":"2025-05-07T11:17:23","modified_gmt":"2025-05-07T10:17:23","slug":"zatvaraci-noz-cold-steel-engage","status":"publish","type":"product","link":"https:\/\/www.moskito.cz\/sk\/produkt\/zatvaraci-noz-cold-steel-engage\/","title":{"rendered":"Zatv\u00e1rac\u00ed N\u00f4\u017e Cold Steel Engage"},"content":{"rendered":"<p>Zatv\u00e1rac\u00ed N\u00f4\u017e <strong>Cold Steel<\/strong> Engage.<\/p>\n<p>Zapojte 3&#8243; palec &#8211; S35VN<\/p>\n<p>Engage, vytvoren\u00fd na ka\u017edodenn\u00e9 nosenie, je zlo\u017eka pre \u013eahk\u00e9 pren\u00e1\u0161anie s ve\u013ekou 3-palcovou \u010depe\u013eou z nerezovej ocele S35VN pre vynikaj\u00facu h\u00fa\u017eevnatos\u0165 a zachovanie ostria. V\u010faka patentovan\u00e9mu klzn\u00e9mu z\u00e1mku Atlas\u2122 Lock spolo\u010dnosti Cold Steel, ktor\u00fd zaru\u010duje konzistentn\u00e9, trvanliv\u00e9 a spo\u013eahliv\u00e9 zamykanie, je \u00faplne obojstrann\u00fd a plne schopn\u00fd splni\u0165 ak\u00fako\u013evek \u00falohu. \u013dahko uchopite\u013en\u00e1 rukov\u00e4\u0165 G10 je prestavan\u00e1, aby bola pru\u017en\u00e1, a sat\u00e9nov\u00e1 \u010depe\u013e s klipom umo\u017e\u0148uje detailn\u00e9 a presn\u00e9 rezanie.<\/p>\n<p>Nov\u00e9 no\u017ee Engage od Cold Steel s\u00fa k dispoz\u00edcii v \u0161irokej \u0161k\u00e1le \u010depel\u00ed a tvarov &#8211; av r\u00f4znych cenov\u00fdch hladin\u00e1ch &#8211; s\u00fa predur\u010den\u00e9 na to, aby sa stali hviezdami ka\u017edodenn\u00e9ho nosenia. Tieto pr\u00e9miov\u00e9 EDC no\u017ee s\u00fa plne obojstrann\u00e9 a s\u00fa navrhnut\u00e9 tak, aby si s istotou poradili s ka\u017edou pr\u00edle\u017eitos\u0165ou, s patentovan\u00fdm posuvn\u00fdm z\u00e1mkom Atlas \u2122 Lock, ktor\u00fd pon\u00faka odoln\u00e9, siln\u00e9 a spo\u013eahliv\u00e9 zamykanie.<\/p>\n<p>Hmotnos\u0165: 97 g<br \/>\nCelkov\u00e1 ve\u013ekos\u0165: 18.5 cm<br \/>\nD\u013a\u017eka \u010depele: 7.9 cm<br \/>\nHr\u00fabka \u010depele: 0.25 cm<br \/>\nOce\u013e: CPM-S35VN<br \/>\nD\u013a\u017eka rukov\u00e4te: 10.6 cm<br \/>\nMateri\u00e1l rukov\u00e4te: G-10<\/p>\n<p><iframe title=\"Cold Steel&#039;s Atlas Lock Test featuring the  new Engage 3.5&quot;\" width=\"800\" height=\"450\" src=\"https:\/\/www.youtube.com\/embed\/nh_7tHY8Ypw?feature=oembed\" frameborder=\"0\" allow=\"accelerometer; autoplay; clipboard-write; encrypted-media; gyroscope; picture-in-picture; web-share\" referrerpolicy=\"strict-origin-when-cross-origin\" allowfullscreen><\/iframe><\/p>\n<p>&nbsp;<\/p>\n","protected":false},"excerpt":{"rendered":"<p><strong>Nov\u00e9 no\u017ee Engage od Cold Steel s\u00fa k dispoz\u00edcii v \u0161irokej \u0161k\u00e1le \u010depel\u00ed a tvarov &#8211; av r\u00f4znych cenov\u00fdch hladin\u00e1ch &#8211; s\u00fa predur\u010den\u00e9 na to, aby sa stali hviezdami ka\u017edodenn\u00e9ho nosenia.<\/strong><\/p>\n<p><strong>Doprava zadarmo.<\/strong><\/p>\n","protected":false},"featured_media":344730,"comment_status":"open","ping_status":"closed","template":"","meta":[],"pwb-brand":[3598],"product_brand":[],"product_cat":[3186,3233],"product_tag":[3668],"class_list":{"0":"post-344744","1":"product","2":"type-product","3":"status-publish","4":"has-post-thumbnail","6":"pwb-brand-cold-steel-sk","7":"product_cat-noze-sk","8":"product_cat-zatvaracie-noze","9":"product_tag-b2b-sk","11":"first","12":"instock","13":"taxable","14":"shipping-taxable","15":"purchasable","16":"product-type-simple"},"brands":[{"id":3598,"name":"Cold Steel","slug":"cold-steel-sk"}],"_links":{"self":[{"href":"https:\/\/www.moskito.cz\/sk\/wp-json\/wp\/v2\/product\/344744","targetHints":{"allow":["GET"]}}],"collection":[{"href":"https:\/\/www.moskito.cz\/sk\/wp-json\/wp\/v2\/product"}],"about":[{"href":"https:\/\/www.moskito.cz\/sk\/wp-json\/wp\/v2\/types\/product"}],"replies":[{"embeddable":true,"href":"https:\/\/www.moskito.cz\/sk\/wp-json\/wp\/v2\/comments?post=344744"}],"wp:featuredmedia":[{"embeddable":true,"href":"https:\/\/www.moskito.cz\/sk\/wp-json\/wp\/v2\/media\/344730"}],"wp:attachment":[{"href":"https:\/\/www.moskito.cz\/sk\/wp-json\/wp\/v2\/media?parent=344744"}],"wp:term":[{"taxonomy":"pwb-brand","embeddable":true,"href":"https:\/\/www.moskito.cz\/sk\/wp-json\/wp\/v2\/pwb-brand?post=344744"},{"taxonomy":"product_brand","embeddable":true,"href":"https:\/\/www.moskito.cz\/sk\/wp-json\/wp\/v2\/product_brand?post=344744"},{"taxonomy":"product_cat","embeddable":true,"href":"https:\/\/www.moskito.cz\/sk\/wp-json\/wp\/v2\/product_cat?post=344744"},{"taxonomy":"product_tag","embeddable":true,"href":"https:\/\/www.moskito.cz\/sk\/wp-json\/wp\/v2\/product_tag?post=344744"}],"curies":[{"name":"wp","href":"https:\/\/api.w.org\/{rel}","templated":true}]}}