{"id":344807,"date":"2024-06-14T14:41:28","date_gmt":"2024-06-14T13:42:38","guid":{"rendered":"https:\/\/www.moskito.cz\/produkt\/pevny-noz-cold-steel-lynn-thompson-signature-kobun\/"},"modified":"2025-05-07T11:17:24","modified_gmt":"2025-05-07T10:17:24","slug":"pevny-noz-cold-steel-lynn-thompson-signature-kobun","status":"publish","type":"product","link":"https:\/\/www.moskito.cz\/sk\/produkt\/pevny-noz-cold-steel-lynn-thompson-signature-kobun\/","title":{"rendered":"Pevn\u00fd N\u00f4\u017e Cold Steel LYNN THOMPSON SIGNATURE KOBUN"},"content":{"rendered":"<p>Pevn\u00fd N\u00f4\u017e <strong>Cold Steel<\/strong> LYNN THOMPSON SIGNATURE KOBUN.<\/p>\n<p>To je v\u00e1\u017eny sen zberate\u013eov no\u017eov. Obmedzen\u00e9 na 3000 kusov po celom svete, ka\u017ed\u00fd n\u00f4\u017e je vyryt\u00fd Lynnov\u00fdm podpisom a jedine\u010dn\u00fdm s\u00e9riov\u00fdm \u010d\u00edslom. Ka\u017ed\u00e1 \u0161katu\u013ea je podp\u00edsan\u00e1 Lynn!<\/p>\n<p>Chcete pozdvihn\u00fa\u0165 svoju zbierku taktick\u00e9ho vybavenia? Neh\u013eadajte \u010falej. Vytvorili sme presne to, \u010do h\u013ead\u00e1te, s Lynn Thompson Signature Cold Steel Kobun, skuto\u010dn\u00fdm stelesnen\u00edm \u0161pi\u010dkov\u00e9ho v\u00fdkonu a \u0161t\u00fdlu, ktor\u00fd bol navrhnut\u00fd s oh\u013eadom na n\u00e1ro\u010dn\u00fdch u\u017e\u00edvate\u013eov. Tento \u013eahk\u00fd n\u00f4\u017e s pevnou \u010depe\u013eou, vytvoren\u00fd v spolupr\u00e1ci s Lynn Thompson, presl\u00e1venou priekopn\u00ed\u010dkou v no\u017eiarskom priemysle, ktorej odbornos\u0165 a v\u00e1\u0161e\u0148 pre \u010depele presvit\u00e1 v ka\u017edom detaile, sa m\u00f4\u017ee pochv\u00e1li\u0165 \u0161pi\u010dkovou \u010depe\u013eou z nerezovej ocele S35VN, ktor\u00e1 je ostr\u00e1 ako koroz\u00edvne. -odoln\u00fd.<\/p>\n<p>K 5,5-palcovej \u010depeli je pripevnen\u00e1 odoln\u00e1, ergonomick\u00e1 rukov\u00e4\u0165 Kray-Ex, ktor\u00e1 poskytuje bezpe\u010dn\u00fd a pohodln\u00fd \u00fachop aj za nepriazniv\u00fdch podmienok, preto\u017ee jej text\u00farovan\u00fd povrch zais\u0165uje nek\u013azav\u00e9 dr\u017eanie pre presn\u00e9 ovl\u00e1danie za mokra. Kobun s uhloprie\u010dkou necel\u00fdch 10 palcov predstavuje dokonal\u00fa rovnov\u00e1hu medzi prenosite\u013enos\u0165ou a funk\u010dnos\u0165ou \u2013 je dostato\u010dne kompaktn\u00fd, aby ho bolo mo\u017en\u00e9 nosi\u0165 ka\u017ed\u00fd de\u0148, a napriek tomu dostato\u010dne robustn\u00fd, aby \u013eahko zvl\u00e1dol n\u00e1ro\u010dn\u00e9 \u00falohy pri rezan\u00ed vonku. Pridajte k tomu diskr\u00e9tny profil no\u017ea, ktor\u00fd bol individu\u00e1lne s\u00e9riovo o\u010d\u00edslovan\u00fd, aby ste ozna\u010dili jeho status skuto\u010dn\u00e9ho zberate\u013esk\u00e9ho predmetu, a ste pripraven\u00ed urobi\u0165 v\u00e1\u017ene vyhl\u00e1senie, pokia\u013e ide o to, \u010do si na presnom reznom n\u00e1stroji cen\u00edte \u2013 a na \u010do sa spoliehate.<\/p>\n<p>Vytvoren\u00e9 pre Cold Steel v spolupr\u00e1ci s odborn\u00edkom na no\u017ee Lynn Thompson<br \/>\nKa\u017ed\u00fd z nich je individu\u00e1lne s\u00e9riovo o\u010d\u00edslovan\u00fd, aby ozna\u010doval stav zberate\u013eskej ed\u00edcie<br \/>\n5,5-palcov\u00e1 \u010depe\u013e z nerezovej ocele S35VN si zachov\u00e1va svoje ostrie aj pri n\u00e1ro\u010dn\u00fdch \u00faloh\u00e1ch<br \/>\nRukov\u00e4\u0165 Kray-Ex zais\u0165uje proti\u0161mykov\u00fd \u00fachop aj vo vlhk\u00fdch podmienkach<br \/>\n\u013dahk\u00e1, 10-palcov\u00e1 d\u013a\u017eka s diskr\u00e9tnym profilom je ide\u00e1lna pre EDC.<\/p>\n<p>Hmotnos\u0165: 129 g<br \/>\nCelkov\u00e1 ve\u013ekos\u0165: 25 cm<br \/>\nD\u013a\u017eka \u010depele: 13.7 cm<br \/>\nHr\u00fabka \u010depele: 0.3 cm<br \/>\nOce\u013e: CPM-S35VN<br \/>\nD\u013a\u017eka rukov\u00e4te: 11.3 cm<br \/>\nMateri\u00e1l rukov\u00e4te: Long Kray-Ex\u2122<br \/>\nMateri\u00e1l puzdra: Secure-Ex\u00ae Sheath<\/p>\n<p><iframe title=\"Lynn Thompson&#039;s Signature Series Kobun\" width=\"800\" height=\"450\" src=\"https:\/\/www.youtube.com\/embed\/d3Mt5i6CYmE?feature=oembed\" frameborder=\"0\" allow=\"accelerometer; autoplay; clipboard-write; encrypted-media; gyroscope; picture-in-picture; web-share\" referrerpolicy=\"strict-origin-when-cross-origin\" allowfullscreen><\/iframe><\/p>\n<p>&nbsp;<\/p>\n<p>&nbsp;<\/p>\n","protected":false},"excerpt":{"rendered":"<p><strong>To je v\u00e1\u017eny sen zberate\u013eov no\u017eov. Obmedzen\u00e9 na 3000 kusov po celom svete, ka\u017ed\u00fd n\u00f4\u017e je vyryt\u00fd Lynnov\u00fdm podpisom a jedine\u010dn\u00fdm s\u00e9riov\u00fdm \u010d\u00edslom. Ka\u017ed\u00e1 \u0161katu\u013ea je podp\u00edsan\u00e1 Lynn!<\/strong><\/p>\n<p><strong>Doprava zadarmo.<\/strong><\/p>\n","protected":false},"featured_media":344762,"comment_status":"open","ping_status":"closed","template":"","meta":[],"pwb-brand":[3598],"product_brand":[],"product_cat":[3186,3187],"product_tag":[3668],"class_list":{"0":"post-344807","1":"product","2":"type-product","3":"status-publish","4":"has-post-thumbnail","6":"pwb-brand-cold-steel-sk","7":"product_cat-noze-sk","8":"product_cat-pevne-noze-sk","9":"product_tag-b2b-sk","11":"first","12":"outofstock","13":"taxable","14":"shipping-taxable","15":"purchasable","16":"product-type-simple"},"brands":[{"id":3598,"name":"Cold Steel","slug":"cold-steel-sk"}],"_links":{"self":[{"href":"https:\/\/www.moskito.cz\/sk\/wp-json\/wp\/v2\/product\/344807","targetHints":{"allow":["GET"]}}],"collection":[{"href":"https:\/\/www.moskito.cz\/sk\/wp-json\/wp\/v2\/product"}],"about":[{"href":"https:\/\/www.moskito.cz\/sk\/wp-json\/wp\/v2\/types\/product"}],"replies":[{"embeddable":true,"href":"https:\/\/www.moskito.cz\/sk\/wp-json\/wp\/v2\/comments?post=344807"}],"wp:featuredmedia":[{"embeddable":true,"href":"https:\/\/www.moskito.cz\/sk\/wp-json\/wp\/v2\/media\/344762"}],"wp:attachment":[{"href":"https:\/\/www.moskito.cz\/sk\/wp-json\/wp\/v2\/media?parent=344807"}],"wp:term":[{"taxonomy":"pwb-brand","embeddable":true,"href":"https:\/\/www.moskito.cz\/sk\/wp-json\/wp\/v2\/pwb-brand?post=344807"},{"taxonomy":"product_brand","embeddable":true,"href":"https:\/\/www.moskito.cz\/sk\/wp-json\/wp\/v2\/product_brand?post=344807"},{"taxonomy":"product_cat","embeddable":true,"href":"https:\/\/www.moskito.cz\/sk\/wp-json\/wp\/v2\/product_cat?post=344807"},{"taxonomy":"product_tag","embeddable":true,"href":"https:\/\/www.moskito.cz\/sk\/wp-json\/wp\/v2\/product_tag?post=344807"}],"curies":[{"name":"wp","href":"https:\/\/api.w.org\/{rel}","templated":true}]}}