{"id":344834,"date":"2024-06-14T14:50:27","date_gmt":"2024-06-14T13:50:27","guid":{"rendered":"https:\/\/www.moskito.cz\/produkt\/vrhacie-torpedo-cold-steel\/"},"modified":"2025-05-07T11:17:26","modified_gmt":"2025-05-07T10:17:26","slug":"vrhacie-torpedo-cold-steel","status":"publish","type":"product","link":"https:\/\/www.moskito.cz\/sk\/produkt\/vrhacie-torpedo-cold-steel\/","title":{"rendered":"Vrhacie TORPEDO Cold Steel"},"content":{"rendered":"<p>Vrhacie <strong>TORPEDO Cold Steel.<\/strong><\/p>\n<p>Cold Steel Torpedo je ve\u013emi z\u00e1bavn\u00e9 pre h\u00e1dzanie na cie\u013e. Dvojit\u00e9 skosen\u00e9 hroty bez n\u00e1mahy sk\u013aznu z ruky pre dokonal\u00e9 uvo\u013enenie a pon\u00fakaj\u00fa dvojn\u00e1sobn\u00fd potenci\u00e1l pri\u013enavosti ako konven\u010dn\u00fd vrhac\u00ed n\u00f4\u017e. A \u010do viac, \u0165a\u017ek\u00e1 2 lb. z\u00e1va\u017eie v\u00e1m umo\u017en\u00ed st\u00e1\u0165 \u010faleko od cie\u013ea (15 yardov alebo viac) a h\u00e1dza\u0165 ich s prekvapivou silou. Torpedo, ob\u013e\u00faben\u00e9 medzi \u0161portov\u00fdmi vrha\u010dmi a fan\u00fa\u0161ikmi, zostalo popul\u00e1rnou ed\u00edciou n\u00e1\u0161ho radu po mnoho rokov a m\u00e1 to dobr\u00fd d\u00f4vod!<\/p>\n<p>Hmotnos\u0165: 907,18 g<br \/>\nCelkov\u00e1 ve\u013ekos\u0165: 38 cm<br \/>\nHr\u00fabka: 2.55 cm<br \/>\nOce\u013e: 1055 Carbon Steel<\/p>\n<p><iframe title=\"COLD STEEL&#039;S TORPEDO\" width=\"800\" height=\"450\" src=\"https:\/\/www.youtube.com\/embed\/EXYMN448_60?feature=oembed\" frameborder=\"0\" allow=\"accelerometer; autoplay; clipboard-write; encrypted-media; gyroscope; picture-in-picture; web-share\" referrerpolicy=\"strict-origin-when-cross-origin\" allowfullscreen><\/iframe><\/p>\n<p>&nbsp;<\/p>\n<p>&nbsp;<\/p>\n<p>&nbsp;<\/p>\n","protected":false},"excerpt":{"rendered":"<p><strong>Torpedo od firmy Cold Steel je v\u00fdhradne vrhacia zbra\u0148.<\/strong><\/p>\n","protected":false},"featured_media":344819,"comment_status":"open","ping_status":"closed","template":"","meta":[],"pwb-brand":[3598],"product_brand":[],"product_cat":[3541,3186],"product_tag":[3668],"class_list":{"0":"post-344834","1":"product","2":"type-product","3":"status-publish","4":"has-post-thumbnail","6":"pwb-brand-cold-steel-sk","7":"product_cat-vrhacie-noze","8":"product_cat-noze-sk","9":"product_tag-b2b-sk","11":"first","12":"instock","13":"taxable","14":"shipping-taxable","15":"purchasable","16":"product-type-simple"},"brands":[{"id":3598,"name":"Cold Steel","slug":"cold-steel-sk"}],"_links":{"self":[{"href":"https:\/\/www.moskito.cz\/sk\/wp-json\/wp\/v2\/product\/344834","targetHints":{"allow":["GET"]}}],"collection":[{"href":"https:\/\/www.moskito.cz\/sk\/wp-json\/wp\/v2\/product"}],"about":[{"href":"https:\/\/www.moskito.cz\/sk\/wp-json\/wp\/v2\/types\/product"}],"replies":[{"embeddable":true,"href":"https:\/\/www.moskito.cz\/sk\/wp-json\/wp\/v2\/comments?post=344834"}],"wp:featuredmedia":[{"embeddable":true,"href":"https:\/\/www.moskito.cz\/sk\/wp-json\/wp\/v2\/media\/344819"}],"wp:attachment":[{"href":"https:\/\/www.moskito.cz\/sk\/wp-json\/wp\/v2\/media?parent=344834"}],"wp:term":[{"taxonomy":"pwb-brand","embeddable":true,"href":"https:\/\/www.moskito.cz\/sk\/wp-json\/wp\/v2\/pwb-brand?post=344834"},{"taxonomy":"product_brand","embeddable":true,"href":"https:\/\/www.moskito.cz\/sk\/wp-json\/wp\/v2\/product_brand?post=344834"},{"taxonomy":"product_cat","embeddable":true,"href":"https:\/\/www.moskito.cz\/sk\/wp-json\/wp\/v2\/product_cat?post=344834"},{"taxonomy":"product_tag","embeddable":true,"href":"https:\/\/www.moskito.cz\/sk\/wp-json\/wp\/v2\/product_tag?post=344834"}],"curies":[{"name":"wp","href":"https:\/\/api.w.org\/{rel}","templated":true}]}}