{"id":344905,"date":"2024-06-14T15:12:32","date_gmt":"2024-06-14T14:12:32","guid":{"rendered":"https:\/\/www.moskito.cz\/produkt\/vrhacia-sada-seker-cold-steel-throwing-axes-3-pack-with-sheath\/"},"modified":"2025-12-17T11:40:23","modified_gmt":"2025-12-17T10:40:23","slug":"vrhacia-sada-seker-cold-steel-throwing-axes-3-pack-with-sheath","status":"publish","type":"product","link":"https:\/\/www.moskito.cz\/sk\/produkt\/vrhacia-sada-seker-cold-steel-throwing-axes-3-pack-with-sheath\/","title":{"rendered":"Vrhacia Sada Seker Cold Steel THROWING AXES-3 PACK WITH SHEATH"},"content":{"rendered":"<p>Vrhacia Sada Seker <strong>Cold Stee<\/strong> THROWING AXES-3 PACK WITH SHEATH.<\/p>\n<p>Posu\u0148te h\u00e1dzanie na cie\u013e na \u010fal\u0161iu \u00farove\u0148 s touto sadou troch bal\u00ed\u010dkov vrhac\u00edch sekier. Tieto jednodielne oce\u013eov\u00e9 sekery s\u00fa navrhnut\u00e9 \u0161peci\u00e1lne na h\u00e1dzanie na cie\u013e. Vyroben\u00e9 zo silnej ocele 420SS a povrchovo upraven\u00e9 odoln\u00fdm \u010diernym oxidov\u00fdm povlakom odoln\u00fdm proti po\u0161kriabaniu. M\u00f4\u017eu by\u0165 ulo\u017een\u00e9 v pohodlnom nylonovom puzdre. Vyzvite svojich priate\u013eov o nadvl\u00e1du nad dvorom!<\/p>\n<p>Hmotnos\u0165: 238 g<br \/>\nCelkov\u00e1 ve\u013ekos\u0165: 27 cm<br \/>\nD\u013a\u017eka \u010depele: 4,4 cm<br \/>\nHr\u00fabka \u010depele: 0,39 cm<br \/>\nOce\u013e: 420SS<br \/>\nD\u013a\u017eka rukov\u00e4te: 13 cm<br \/>\nMateri\u00e1l pl\u00e1\u0161\u0165a: Materi\u00e1l: nylon<\/p>\n","protected":false},"excerpt":{"rendered":"<p><strong>Posu\u0148te h\u00e1dzanie na cie\u013e na \u010fal\u0161iu \u00farove\u0148 s touto sadou troch bal\u00ed\u010dkov vrhac\u00edch sekier.<\/strong><\/p>\n","protected":false},"featured_media":344874,"comment_status":"open","ping_status":"closed","template":"","meta":[],"pwb-brand":[3598],"product_brand":[],"product_cat":[3541,3186],"product_tag":[3668],"class_list":{"0":"post-344905","1":"product","2":"type-product","3":"status-publish","4":"has-post-thumbnail","6":"pwb-brand-cold-steel-sk","7":"product_cat-vrhacie-noze","8":"product_cat-noze-sk","9":"product_tag-b2b-sk","11":"first","12":"outofstock","13":"taxable","14":"shipping-taxable","15":"purchasable","16":"product-type-simple"},"brands":[{"id":3598,"name":"Cold Steel","slug":"cold-steel-sk"}],"_links":{"self":[{"href":"https:\/\/www.moskito.cz\/sk\/wp-json\/wp\/v2\/product\/344905","targetHints":{"allow":["GET"]}}],"collection":[{"href":"https:\/\/www.moskito.cz\/sk\/wp-json\/wp\/v2\/product"}],"about":[{"href":"https:\/\/www.moskito.cz\/sk\/wp-json\/wp\/v2\/types\/product"}],"replies":[{"embeddable":true,"href":"https:\/\/www.moskito.cz\/sk\/wp-json\/wp\/v2\/comments?post=344905"}],"wp:featuredmedia":[{"embeddable":true,"href":"https:\/\/www.moskito.cz\/sk\/wp-json\/wp\/v2\/media\/344874"}],"wp:attachment":[{"href":"https:\/\/www.moskito.cz\/sk\/wp-json\/wp\/v2\/media?parent=344905"}],"wp:term":[{"taxonomy":"pwb-brand","embeddable":true,"href":"https:\/\/www.moskito.cz\/sk\/wp-json\/wp\/v2\/pwb-brand?post=344905"},{"taxonomy":"product_brand","embeddable":true,"href":"https:\/\/www.moskito.cz\/sk\/wp-json\/wp\/v2\/product_brand?post=344905"},{"taxonomy":"product_cat","embeddable":true,"href":"https:\/\/www.moskito.cz\/sk\/wp-json\/wp\/v2\/product_cat?post=344905"},{"taxonomy":"product_tag","embeddable":true,"href":"https:\/\/www.moskito.cz\/sk\/wp-json\/wp\/v2\/product_tag?post=344905"}],"curies":[{"name":"wp","href":"https:\/\/api.w.org\/{rel}","templated":true}]}}