{"id":344926,"date":"2024-06-14T15:23:23","date_gmt":"2024-06-14T14:23:23","guid":{"rendered":"https:\/\/www.moskito.cz\/produkt\/zatvaraci-noz-cold-steel-talwar\/"},"modified":"2024-06-14T15:24:04","modified_gmt":"2024-06-14T14:24:04","slug":"zatvaraci-noz-cold-steel-talwar","status":"publish","type":"product","link":"https:\/\/www.moskito.cz\/sk\/produkt\/zatvaraci-noz-cold-steel-talwar\/","title":{"rendered":"Zatv\u00e1rac\u00ed N\u00f4\u017e Cold Steel TALWAR"},"content":{"rendered":"<p>Zatv\u00e1rac\u00ed N\u00f4\u017e <strong>Cold Steel TALWAR<\/strong> .<\/p>\n<p>N\u00e1\u0161 Talwar, navrhnut\u00fd sl\u00e1vnym z\u00e1kazkov\u00fdm v\u00fdrobcom no\u017eov Andrewom Demkom a prezidentom Cold Steel Lynn C Thompsonom, sa m\u00f4\u017ee pochv\u00e1li\u0165 2&#8243; \u0161irokou \u010depe\u013eou S35VN. Ploch\u00e9 br\u00fasenie, s plynule zakriven\u00fdm ostr\u00edm od \u0161pi\u010dky a\u017e po \u0161pi\u010dku, pon\u00faka rezn\u00fa a prepichovaciu silu, ktor\u00e1 doteraz nebola k dispoz\u00edcii v zatv\u00e1rac\u00ed n\u00f4\u017e.<\/p>\n<p>Aby sme doplnili brit a smrtiaci hrot Talwaru, vyvinuli sme skuto\u010dne v\u00fdnimo\u010dn\u00fa rukov\u00e4\u0165. Je vyroben\u00e1 z americk\u00e9ho G-10, jej text\u00farovan\u00e1 a tvarovan\u00e1 rukov\u00e4\u0165 pi\u0161to\u013eovej rukov\u00e4te m\u00e1 strategicky umiestnen\u00e9 dr\u00e1\u017eky pre prsty pre pohodlie a bezpe\u010dnos\u0165, a aby sme e\u0161te viac chr\u00e1nili va\u0161e vz\u00e1cne prsty pred touto impozantnou \u010depe\u013eou, vybavili sme Talwar na\u0161\u00edm \u0161pi\u010dkov\u00fdm Tri-Ad\u00ae. z\u00e1mok. Vysk\u00fa\u0161an\u00e9 a otestovan\u00e9, tento super bezpe\u010dn\u00fd uzamykac\u00ed mechanizmus preuk\u00e1zal, \u017ee sa nevyrovn\u00e1 \u017eiadnemu z\u00e1mku zatv\u00e1racieho no\u017ea v tomto odvetv\u00ed \u2013 za ka\u017ed\u00fa cenu!<\/p>\n<p>N\u00e1\u0161 Talwar je r\u00fdchlej\u0161\u00ed na tasenie ne\u017e ak\u00e1ko\u013evek vystre\u013eovacia \u010depe\u013e a je vybaven\u00fd revolu\u010dn\u00fdm obojstrann\u00fdm palcom od Andrewa Demka. Zatiahnut\u00edm no\u017ea do vrecka m\u00f4\u017eete ma\u0165 v ruke \u00fa\u017easn\u00fa silu Talwaru r\u00fdchlos\u0165ou blesku!<\/p>\n<p>Hmotnos\u0165: 142 g<br \/>\nCelkov\u00e1 ve\u013ekos\u0165: 23.5 cm<br \/>\nD\u013a\u017eka \u010depele: 10 cm<br \/>\nHr\u00fabka \u010depele: 0.38 cm<br \/>\nOce\u013e: CPM-S35VN<br \/>\nD\u013a\u017eka rukov\u00e4te: 13.4 cm<br \/>\nMateri\u00e1l rukov\u00e4te: Long G-10<\/p>\n","protected":false},"excerpt":{"rendered":"<p><strong>Predstavujeme V\u00e1m n\u00e1\u0161 Talwar, navrhnut\u00fd sl\u00e1vnym z\u00e1kazkov\u00fdm v\u00fdrobcom no\u017eov Andrewom Demkom a prezidentom Cold Steel Lynn C Thompsonom.<\/strong><\/p>\n<p><strong>Doprava zadarmo.<\/strong><\/p>\n","protected":false},"featured_media":344915,"comment_status":"open","ping_status":"closed","template":"","meta":[],"pwb-brand":[3598],"product_brand":[],"product_cat":[3233,3186],"product_tag":[3668],"class_list":{"0":"post-344926","1":"product","2":"type-product","3":"status-publish","4":"has-post-thumbnail","6":"pwb-brand-cold-steel-sk","7":"product_cat-zatvaracie-noze","8":"product_cat-noze-sk","9":"product_tag-b2b-sk","11":"first","12":"instock","13":"taxable","14":"shipping-taxable","15":"purchasable","16":"product-type-simple"},"brands":[{"id":3598,"name":"Cold Steel","slug":"cold-steel-sk"}],"_links":{"self":[{"href":"https:\/\/www.moskito.cz\/sk\/wp-json\/wp\/v2\/product\/344926","targetHints":{"allow":["GET"]}}],"collection":[{"href":"https:\/\/www.moskito.cz\/sk\/wp-json\/wp\/v2\/product"}],"about":[{"href":"https:\/\/www.moskito.cz\/sk\/wp-json\/wp\/v2\/types\/product"}],"replies":[{"embeddable":true,"href":"https:\/\/www.moskito.cz\/sk\/wp-json\/wp\/v2\/comments?post=344926"}],"wp:featuredmedia":[{"embeddable":true,"href":"https:\/\/www.moskito.cz\/sk\/wp-json\/wp\/v2\/media\/344915"}],"wp:attachment":[{"href":"https:\/\/www.moskito.cz\/sk\/wp-json\/wp\/v2\/media?parent=344926"}],"wp:term":[{"taxonomy":"pwb-brand","embeddable":true,"href":"https:\/\/www.moskito.cz\/sk\/wp-json\/wp\/v2\/pwb-brand?post=344926"},{"taxonomy":"product_brand","embeddable":true,"href":"https:\/\/www.moskito.cz\/sk\/wp-json\/wp\/v2\/product_brand?post=344926"},{"taxonomy":"product_cat","embeddable":true,"href":"https:\/\/www.moskito.cz\/sk\/wp-json\/wp\/v2\/product_cat?post=344926"},{"taxonomy":"product_tag","embeddable":true,"href":"https:\/\/www.moskito.cz\/sk\/wp-json\/wp\/v2\/product_tag?post=344926"}],"curies":[{"name":"wp","href":"https:\/\/api.w.org\/{rel}","templated":true}]}}