{"id":344978,"date":"2022-06-22T21:20:10","date_gmt":"2024-06-17T08:42:28","guid":{"rendered":"https:\/\/www.moskito.cz\/produkt\/vystrelovaci-noz-kershaw-launch-13\/"},"modified":"2025-05-07T11:17:30","modified_gmt":"2025-05-07T10:17:30","slug":"vystrelovaci-noz-kershaw-launch-13","status":"publish","type":"product","link":"https:\/\/www.moskito.cz\/sk\/produkt\/vystrelovaci-noz-kershaw-launch-13\/","title":{"rendered":"Vystre\u013eovac\u00ed N\u00f4\u017e KERSHAW LAUNCH 13"},"content":{"rendered":"<p>Vystre\u013eovac\u00ed N\u00f4\u017e <strong>KERSHAW<\/strong> LAUNCH 13<\/p>\n<p>Launch 13 kombinuje to najlep\u0161ie zo \u0161t\u00edhlosti a schopnosti rezania v plnej ve\u013ekosti. Jeho \u010depe\u013e Wharncliffe je perfektn\u00e1 pre jemn\u00fa pr\u00e1cu, napriek tomu je mierne zahnut\u00e1 pre v\u0161estrannej\u0161ie rezanie. \u00dazky profil a hlbok\u00e1 vreckov\u00e1 spona umo\u017e\u0148uj\u00fa Launch 13 \u013eahko vozi\u0165 vo vrecku. Dizajnov\u00e9 detaily zavr\u0161uj\u00fa balenie, vr\u00e1tane integrovan\u00e9ho otvoru pre \u0161n\u00farku, dvojfarebn\u00e9 \u010depele a vlastn\u00e9ho trojuholn\u00edkov\u00e9ho \u010dapu.<\/p>\n<p>Vyroben\u00e9 v USA<br \/>\n\u010cepe\u013eov\u00e1 oce\u013e CPM 154 z pr\u00e1\u0161kovej metalurgie m\u00e1 a dr\u017e\u00ed vynikaj\u00face ostrie, poskytuje odolnos\u0165 proti kor\u00f3zii, odolnos\u0165 proti opotrebeniu, h\u00fa\u017eevnatos\u0165<br \/>\n\u013dahk\u00e1, pevn\u00e1 rukov\u00e4\u0165 z eloxovan\u00e9ho hlin\u00edka je vysoko tvarovan\u00e1 a pri\u0165ahuje pozornos\u0165; integrovan\u00fd otvor pre \u0161n\u00farku<br \/>\nN\u00edzkoprofilov\u00e9 tla\u010didlo s\u0165a\u017euje nechcen\u00e9 rozvinutie \u010depele<br \/>\nTento automatick\u00fd n\u00f4\u017e sa pred\u00e1va iba prostredn\u00edctvom autorizovan\u00fdch predajcov Kershaw; webov\u00e1 str\u00e1nka sl\u00fa\u017ei iba pre inform\u00e1ciu<\/p>\n<p>UPOZOR\u0147UJEME, \u017dE STAR\u0160IE MODELY POU\u017d\u00cdVAJ\u00da \u010cIERNU \u00daPRAVU DLC. S\u00da\u010cASN\u00c9 V\u00ddROBN\u00c9 MODELY S\u00da VYROBEN\u00c9 S POVRCHOVOU \u010cEPELOU CERAKOTE.<\/p>\n<p>Pou\u017eitie ka\u017edodenn\u00e9, pracovn\u00e9, taktick\u00e9<br \/>\nTyp Automatick\u00fd N\u00f4\u017e<br \/>\n\u0160t\u00fdlov\u00fd vreckov\u00fd n\u00f4\u017e<br \/>\nDesigner Kershaw Originals<br \/>\n\u0160t\u00fdl \u010depele Wharncliffe<br \/>\nBlade Edge Plain<br \/>\nAutomatick\u00e1 akcia otvorenia<br \/>\nOtvor\u00ed sa tla\u010didlom<br \/>\nTyp z\u00e1mku Tla\u010didlov\u00fd z\u00e1mok<br \/>\nVreckov\u00e1 spona Obojstrann\u00e9 hlbok\u00e9 nosenie (prav\u00e1\/\u013eav\u00e1, skl\u00e1pacia)<br \/>\nFarba rukov\u00e4te \u010cierna<br \/>\nVyroben\u00e9 v USA \u00c1no<br \/>\nKrajina p\u00f4vodu USA<br \/>\nZ\u00e1ruka do\u017eivotn\u00e1 z\u00e1ruka<\/p>\n<p>Materi\u00e1l \u010depele: pr\u00e1\u0161kov\u00e1 oce\u013e CPM-154CM<br \/>\nD\u013a\u017eka \u010depele: 89 mm<br \/>\nhr\u00fabka \u010depele 3,1 mm<br \/>\nCelkov\u00e1 d\u013a\u017eka: 203 mm<br \/>\nHmotnos\u0165: 68 g<br \/>\nMateri\u00e1l \u010drienky: 6061-T6 leteck\u00fd dural<br \/>\nOtv\u00e1ranie: tla\u010didlo<br \/>\nKlip na nosenie vo vrecku alebo na opasku<br \/>\nPoistka: Button Lock<br \/>\nVyroben\u00e9 v USA<\/p>\n<p>&nbsp;<\/p>\n<p><iframe title=\"Kershaw Launch 13 - Model 7650\" width=\"800\" height=\"450\" src=\"https:\/\/www.youtube.com\/embed\/ijA4CaFSnp4?feature=oembed\" frameborder=\"0\" allow=\"accelerometer; autoplay; clipboard-write; encrypted-media; gyroscope; picture-in-picture; web-share\" referrerpolicy=\"strict-origin-when-cross-origin\" allowfullscreen><\/iframe><\/p>\n<p>&nbsp;<\/p>\n","protected":false},"excerpt":{"rendered":"<p>Zakladate\u013e spolo\u010dnosti Kershaw, Pete Kershaw, vedel, ak\u00e1 je d\u00f4le\u017eit\u00e1 zaru\u010den\u00e1 kvalita. Koncom roku 1974 sa rozhodol zalo\u017ei\u0165 vlastn\u00fa no\u017eiarsku spolo\u010dnos\u0165 v cement\u00e1rni v Lake Oswego v Oregone.<\/p>\n<p>V Japonsku sa gener\u00e1lny riadite\u013e Kai Koji Endo domnieval, \u017ee Kershaw m\u00e1 e\u0161te v\u00e4\u010d\u0161\u00ed potenci\u00e1l k rastu. V roku 1996 Endo investoval do americk\u00e9ho v\u00fdrobn\u00e9ho z\u00e1vodu na z\u00e1kladni Kai USA vo Wilsonville. Veril, \u017ee to Kershawovi pom\u00f4\u017ee dosiahnu\u0165 pln\u00fd potenci\u00e1l. A \u010doskoro Kai USA najal nov\u00fd produk\u010dn\u00fd t\u00edm pre t\u00fato pr\u00e1cu.<\/p>\n","protected":false},"featured_media":217473,"comment_status":"open","ping_status":"closed","template":"","meta":[],"pwb-brand":[3770],"product_brand":[],"product_cat":[3186,3197],"product_tag":[],"class_list":{"0":"post-344978","1":"product","2":"type-product","3":"status-publish","4":"has-post-thumbnail","6":"pwb-brand-kershaw-sk","7":"product_cat-noze-sk","8":"product_cat-vystrelovacie-noze-sk","10":"first","11":"outofstock","12":"taxable","13":"shipping-taxable","14":"purchasable","15":"product-type-simple"},"brands":[{"id":3770,"name":"Kershaw","slug":"kershaw-sk"}],"_links":{"self":[{"href":"https:\/\/www.moskito.cz\/sk\/wp-json\/wp\/v2\/product\/344978","targetHints":{"allow":["GET"]}}],"collection":[{"href":"https:\/\/www.moskito.cz\/sk\/wp-json\/wp\/v2\/product"}],"about":[{"href":"https:\/\/www.moskito.cz\/sk\/wp-json\/wp\/v2\/types\/product"}],"replies":[{"embeddable":true,"href":"https:\/\/www.moskito.cz\/sk\/wp-json\/wp\/v2\/comments?post=344978"}],"wp:featuredmedia":[{"embeddable":true,"href":"https:\/\/www.moskito.cz\/sk\/wp-json\/wp\/v2\/media\/217473"}],"wp:attachment":[{"href":"https:\/\/www.moskito.cz\/sk\/wp-json\/wp\/v2\/media?parent=344978"}],"wp:term":[{"taxonomy":"pwb-brand","embeddable":true,"href":"https:\/\/www.moskito.cz\/sk\/wp-json\/wp\/v2\/pwb-brand?post=344978"},{"taxonomy":"product_brand","embeddable":true,"href":"https:\/\/www.moskito.cz\/sk\/wp-json\/wp\/v2\/product_brand?post=344978"},{"taxonomy":"product_cat","embeddable":true,"href":"https:\/\/www.moskito.cz\/sk\/wp-json\/wp\/v2\/product_cat?post=344978"},{"taxonomy":"product_tag","embeddable":true,"href":"https:\/\/www.moskito.cz\/sk\/wp-json\/wp\/v2\/product_tag?post=344978"}],"curies":[{"name":"wp","href":"https:\/\/api.w.org\/{rel}","templated":true}]}}