{"id":345044,"date":"2024-06-17T15:53:04","date_gmt":"2024-06-17T14:53:04","guid":{"rendered":"https:\/\/www.moskito.cz\/produkt\/zatvaraci-noz-cold-steel-engage-black\/"},"modified":"2025-05-07T11:17:35","modified_gmt":"2025-05-07T10:17:35","slug":"zatvaraci-noz-cold-steel-engage-black","status":"publish","type":"product","link":"https:\/\/www.moskito.cz\/sk\/produkt\/zatvaraci-noz-cold-steel-engage-black\/","title":{"rendered":"Zatv\u00e1rac\u00ed N\u00f4\u017e Cold Steel ENGAGE BLACK"},"content":{"rendered":"<p>Zatv\u00e1rac\u00ed N\u00f4\u017e <strong>Cold Stee<\/strong> l ENGAGE BLACK.<\/p>\n<p>Engage je prvotriedna zlo\u017eka z 3-palcovej japonskej nerezovej ocele AUS-10, robustn\u00e1 mo\u017enos\u0165 ka\u017edodenn\u00e9ho nosenia, ktor\u00e1 je pevn\u00e1, \u013eahko sa ostrie a mimoriadne dobre dr\u017e\u00ed ostrie. V\u010faka patentovan\u00e9mu klzn\u00e9mu z\u00e1mku Atlas\u2122 od Cold Steel, ktor\u00fd zais\u0165uje odoln\u00e9 a konzistentn\u00e9 zamykanie, je \u00faplne obojstrann\u00fd a pripraven\u00fd splni\u0165 ak\u00fako\u013evek ka\u017edodenn\u00fa \u00falohu. K dispoz\u00edcii s\u00fa dve mo\u017enosti rukov\u00e4te: Robustn\u00fd GFN alebo variant G10. V\u0161estrann\u00e1 \u010depe\u013e typu clip point je jemn\u00e1 \u010dierna PVD kamenn\u00e1 voda.<\/p>\n<p>Nov\u00e9 no\u017ee Engage zna\u010dky Cold Steel s\u00fa k dispoz\u00edcii v \u0161irokej \u0161k\u00e1le \u010depe\u013eov\u00fdch ocel\u00ed a tvarov \u2013 av r\u00f4znych cenov\u00fdch hladin\u00e1ch \u2013 s\u00fa predur\u010den\u00e9 na to, aby sa stali hviezdami ka\u017edodenn\u00e9ho nosenia. Tieto pr\u00e9miov\u00e9 EDC no\u017ee s\u00fa plne obojstrann\u00e9 a s\u00fa navrhnut\u00e9 tak, aby si s istotou poradili s ka\u017edou pr\u00edle\u017eitos\u0165ou, s patentovan\u00fdm posuvn\u00fdm z\u00e1mkom Atlas \u2122 Lock, ktor\u00fd pon\u00faka odoln\u00e9, siln\u00e9 a spo\u013eahliv\u00e9 zamykanie.<\/p>\n<p>Hmotnos\u0165: 97 g<br \/>\nCelkov\u00e1 ve\u013ekos\u0165: 18.5 cm<br \/>\nD\u013a\u017eka \u010depele: 7.9 cm<br \/>\nHr\u00fabka \u010depele: 0.25 cm<br \/>\nOce\u013e: AUS 10A<br \/>\nD\u013a\u017eka rukov\u00e4te: 10.6 cm<br \/>\nMateri\u00e1l rukov\u00e4te: G-10<\/p>\n<p><iframe title=\"Cold Steel&#039;s Atlas Lock Test featuring the  new Engage 3.5&quot;\" width=\"800\" height=\"450\" src=\"https:\/\/www.youtube.com\/embed\/nh_7tHY8Ypw?feature=oembed\" frameborder=\"0\" allow=\"accelerometer; autoplay; clipboard-write; encrypted-media; gyroscope; picture-in-picture; web-share\" referrerpolicy=\"strict-origin-when-cross-origin\" allowfullscreen><\/iframe><\/p>\n<p>&nbsp;<\/p>\n","protected":false},"excerpt":{"rendered":"<p><strong>Nov\u00e9 no\u017ee Engage zna\u010dky Cold Steel s\u00fa k dispoz\u00edcii v \u0161irokej \u0161k\u00e1le \u010depe\u013eov\u00fdch ocel\u00ed a tvarov \u2013 av r\u00f4znych cenov\u00fdch hladin\u00e1ch \u2013 s\u00fa predur\u010den\u00e9 na to, aby sa stali hviezdami ka\u017edodenn\u00e9ho nosenia.<\/strong><\/p>\n","protected":false},"featured_media":432647,"comment_status":"open","ping_status":"closed","template":"","meta":[],"pwb-brand":[3598],"product_brand":[],"product_cat":[3233,3186],"product_tag":[3668],"class_list":{"0":"post-345044","1":"product","2":"type-product","3":"status-publish","4":"has-post-thumbnail","6":"pwb-brand-cold-steel-sk","7":"product_cat-zatvaracie-noze","8":"product_cat-noze-sk","9":"product_tag-b2b-sk","11":"first","12":"instock","13":"taxable","14":"shipping-taxable","15":"purchasable","16":"product-type-simple"},"brands":[{"id":3598,"name":"Cold Steel","slug":"cold-steel-sk"}],"_links":{"self":[{"href":"https:\/\/www.moskito.cz\/sk\/wp-json\/wp\/v2\/product\/345044","targetHints":{"allow":["GET"]}}],"collection":[{"href":"https:\/\/www.moskito.cz\/sk\/wp-json\/wp\/v2\/product"}],"about":[{"href":"https:\/\/www.moskito.cz\/sk\/wp-json\/wp\/v2\/types\/product"}],"replies":[{"embeddable":true,"href":"https:\/\/www.moskito.cz\/sk\/wp-json\/wp\/v2\/comments?post=345044"}],"wp:featuredmedia":[{"embeddable":true,"href":"https:\/\/www.moskito.cz\/sk\/wp-json\/wp\/v2\/media\/432647"}],"wp:attachment":[{"href":"https:\/\/www.moskito.cz\/sk\/wp-json\/wp\/v2\/media?parent=345044"}],"wp:term":[{"taxonomy":"pwb-brand","embeddable":true,"href":"https:\/\/www.moskito.cz\/sk\/wp-json\/wp\/v2\/pwb-brand?post=345044"},{"taxonomy":"product_brand","embeddable":true,"href":"https:\/\/www.moskito.cz\/sk\/wp-json\/wp\/v2\/product_brand?post=345044"},{"taxonomy":"product_cat","embeddable":true,"href":"https:\/\/www.moskito.cz\/sk\/wp-json\/wp\/v2\/product_cat?post=345044"},{"taxonomy":"product_tag","embeddable":true,"href":"https:\/\/www.moskito.cz\/sk\/wp-json\/wp\/v2\/product_tag?post=345044"}],"curies":[{"name":"wp","href":"https:\/\/api.w.org\/{rel}","templated":true}]}}