{"id":345094,"date":"2020-01-10T14:33:00","date_gmt":"2020-01-10T13:33:00","guid":{"rendered":"https:\/\/www.moskito.cz\/produkt\/rambo-noz-pevny-last-blood-heartstopper\/"},"modified":"2025-07-11T07:50:25","modified_gmt":"2025-07-11T06:50:25","slug":"rambo-noz-pevny-last-blood-heartstopper","status":"publish","type":"product","link":"https:\/\/www.moskito.cz\/sk\/produkt\/rambo-noz-pevny-last-blood-heartstopper\/","title":{"rendered":"Rambo n\u00f4\u017e pevn\u00fd Last Blood Heartstopper"},"content":{"rendered":"<p>Pevn\u00fd n\u00f4\u017e <strong>Rambo Last Blood<\/strong> Heartstopper.<\/p>\n<p><strong>Licencovan\u00e1 ed\u00edcia<\/strong> vytvoren\u00e1 pomocou skuto\u010dn\u00e9ho no\u017ea pou\u017eit\u00e9ho vo filme. S\u00fa\u010das\u0165ou je hned\u00e9 puzdro na n\u00f4\u017e z byvolej ko\u017ee a \u0161n\u00farkou.<br \/>\nCelkov\u00e1 d\u013a\u017eka no\u017ea je 37cm. D\u013a\u017eka le\u0161tenej sat\u00e9novej \u010depele je 22.5 cm.<\/p>\n<p><iframe title=\"The Rambo knives\" width=\"800\" height=\"450\" src=\"https:\/\/www.youtube.com\/embed\/GtN_772bV-o?feature=oembed\" frameborder=\"0\" allow=\"accelerometer; autoplay; clipboard-write; encrypted-media; gyroscope; picture-in-picture; web-share\" referrerpolicy=\"strict-origin-when-cross-origin\" allowfullscreen><\/iframe><\/p>\n<p>&nbsp;<\/p>\n","protected":false},"excerpt":{"rendered":"<p><strong>Licencovan\u00e1 red\u00edcia Rambo no\u017ea vytvoren\u00e1 pomocou skuto\u010dn\u00e9ho no\u017ea pou\u017eit\u00e9ho vo filme.<\/strong><br \/>\n<strong>Doprava zadarmo.<\/strong><\/p>\n","protected":false},"featured_media":176025,"comment_status":"open","ping_status":"closed","template":"","meta":[],"pwb-brand":[3558],"product_brand":[],"product_cat":[3187,3186],"product_tag":[3668],"class_list":{"0":"post-345094","1":"product","2":"type-product","3":"status-publish","4":"has-post-thumbnail","6":"pwb-brand-rambo-sk","7":"product_cat-pevne-noze-sk","8":"product_cat-noze-sk","9":"product_tag-b2b-sk","11":"first","12":"instock","13":"taxable","14":"shipping-taxable","15":"purchasable","16":"product-type-simple"},"brands":[{"id":3558,"name":"Rambo","slug":"rambo-sk"}],"_links":{"self":[{"href":"https:\/\/www.moskito.cz\/sk\/wp-json\/wp\/v2\/product\/345094","targetHints":{"allow":["GET"]}}],"collection":[{"href":"https:\/\/www.moskito.cz\/sk\/wp-json\/wp\/v2\/product"}],"about":[{"href":"https:\/\/www.moskito.cz\/sk\/wp-json\/wp\/v2\/types\/product"}],"replies":[{"embeddable":true,"href":"https:\/\/www.moskito.cz\/sk\/wp-json\/wp\/v2\/comments?post=345094"}],"wp:featuredmedia":[{"embeddable":true,"href":"https:\/\/www.moskito.cz\/sk\/wp-json\/wp\/v2\/media\/176025"}],"wp:attachment":[{"href":"https:\/\/www.moskito.cz\/sk\/wp-json\/wp\/v2\/media?parent=345094"}],"wp:term":[{"taxonomy":"pwb-brand","embeddable":true,"href":"https:\/\/www.moskito.cz\/sk\/wp-json\/wp\/v2\/pwb-brand?post=345094"},{"taxonomy":"product_brand","embeddable":true,"href":"https:\/\/www.moskito.cz\/sk\/wp-json\/wp\/v2\/product_brand?post=345094"},{"taxonomy":"product_cat","embeddable":true,"href":"https:\/\/www.moskito.cz\/sk\/wp-json\/wp\/v2\/product_cat?post=345094"},{"taxonomy":"product_tag","embeddable":true,"href":"https:\/\/www.moskito.cz\/sk\/wp-json\/wp\/v2\/product_tag?post=345094"}],"curies":[{"name":"wp","href":"https:\/\/api.w.org\/{rel}","templated":true}]}}