{"id":345117,"date":"2019-09-18T18:34:51","date_gmt":"2019-09-18T17:34:51","guid":{"rendered":"https:\/\/www.moskito.cz\/produkt\/rambo-iii-stallone-signature-rb9297\/"},"modified":"2025-08-11T07:26:33","modified_gmt":"2025-08-11T06:26:33","slug":"rambo-iii-stallone-signature-rb9297","status":"publish","type":"product","link":"https:\/\/www.moskito.cz\/sk\/produkt\/rambo-iii-stallone-signature-rb9297\/","title":{"rendered":"Rambo III Stallone Signature RB9297"},"content":{"rendered":"<p><strong>Rambo<\/strong> III Stallone Signature RB9297<\/p>\n<p>Ofici\u00e1lne licencovan\u00e1 \u00faplne autenticky spracovan\u00e1 replika legend\u00e1rneho no\u017ea Johna Ramba alias <strong>Sylvestera Stallone<\/strong> z filmu Rambo 3. Celkov\u00e1 d\u013a\u017eka no\u017ea je 46 cm, \u010depe\u013e je vyroben\u00e1 z nerezovej ocele 420. Rukov\u00e4\u0165 no\u017ea je vyroben\u00e1 z kvalitn\u00e9ho polaminovan\u00e9ho dreva. S\u00fa\u010das\u0165ou balenia je aj kvalitn\u00e9 ko\u017een\u00e9 puzdro.<\/p>\n<p>Edition. 18&#8243; overall. 13&#8243; custom large stainless bowie blade s anti-glare sighting slot. Laminated hardwood handles so stainless guard and pommel. Black cord lanyard. Top grain ko\u017ee sheath with leg tie. Officially licensed reproduction. Limited edition of 10,000.<\/p>\n<p><iframe title=\"The Rambo knives\" width=\"800\" height=\"450\" src=\"https:\/\/www.youtube.com\/embed\/GtN_772bV-o?feature=oembed\" frameborder=\"0\" allow=\"accelerometer; autoplay; clipboard-write; encrypted-media; gyroscope; picture-in-picture; web-share\" referrerpolicy=\"strict-origin-when-cross-origin\" allowfullscreen><\/iframe><\/p>\n<p>&nbsp;<\/p>\n<p>&nbsp;<\/p>\n","protected":false},"excerpt":{"rendered":"<p><strong>Rambo<\/strong> n\u00f4\u017e s puzdrom.<\/p>\n","protected":false},"featured_media":166435,"comment_status":"open","ping_status":"closed","template":"","meta":[],"pwb-brand":[3558],"product_brand":[],"product_cat":[3187,3186],"product_tag":[3668],"class_list":{"0":"post-345117","1":"product","2":"type-product","3":"status-publish","4":"has-post-thumbnail","6":"pwb-brand-rambo-sk","7":"product_cat-pevne-noze-sk","8":"product_cat-noze-sk","9":"product_tag-b2b-sk","11":"first","12":"outofstock","13":"taxable","14":"shipping-taxable","15":"purchasable","16":"product-type-simple"},"brands":[{"id":3558,"name":"Rambo","slug":"rambo-sk"}],"_links":{"self":[{"href":"https:\/\/www.moskito.cz\/sk\/wp-json\/wp\/v2\/product\/345117","targetHints":{"allow":["GET"]}}],"collection":[{"href":"https:\/\/www.moskito.cz\/sk\/wp-json\/wp\/v2\/product"}],"about":[{"href":"https:\/\/www.moskito.cz\/sk\/wp-json\/wp\/v2\/types\/product"}],"replies":[{"embeddable":true,"href":"https:\/\/www.moskito.cz\/sk\/wp-json\/wp\/v2\/comments?post=345117"}],"wp:featuredmedia":[{"embeddable":true,"href":"https:\/\/www.moskito.cz\/sk\/wp-json\/wp\/v2\/media\/166435"}],"wp:attachment":[{"href":"https:\/\/www.moskito.cz\/sk\/wp-json\/wp\/v2\/media?parent=345117"}],"wp:term":[{"taxonomy":"pwb-brand","embeddable":true,"href":"https:\/\/www.moskito.cz\/sk\/wp-json\/wp\/v2\/pwb-brand?post=345117"},{"taxonomy":"product_brand","embeddable":true,"href":"https:\/\/www.moskito.cz\/sk\/wp-json\/wp\/v2\/product_brand?post=345117"},{"taxonomy":"product_cat","embeddable":true,"href":"https:\/\/www.moskito.cz\/sk\/wp-json\/wp\/v2\/product_cat?post=345117"},{"taxonomy":"product_tag","embeddable":true,"href":"https:\/\/www.moskito.cz\/sk\/wp-json\/wp\/v2\/product_tag?post=345117"}],"curies":[{"name":"wp","href":"https:\/\/api.w.org\/{rel}","templated":true}]}}