{"id":345137,"date":"2024-06-18T10:21:10","date_gmt":"2024-06-18T09:43:51","guid":{"rendered":"https:\/\/www.moskito.cz\/produkt\/zatvaraci-noz-cold-steel-pre-lite-clip-point\/"},"modified":"2025-05-07T11:17:40","modified_gmt":"2025-05-07T10:17:40","slug":"zatvaraci-noz-cold-steel-pre-lite-clip-point","status":"publish","type":"product","link":"https:\/\/www.moskito.cz\/sk\/produkt\/zatvaraci-noz-cold-steel-pre-lite-clip-point\/","title":{"rendered":"Zatv\u00e1rac\u00ed N\u00f4\u017e Cold Steel PRE LITE CLIP POINT"},"content":{"rendered":"<p>Zatv\u00e1rac\u00ed N\u00f4\u017e <strong>Cold Steel<\/strong> PRE LITE CLIP POINT.<\/p>\n<p>Na\u0161\u00edm cie\u013eom pri vytv\u00e1ran\u00ed radu Pro Lite bolo poskytn\u00fa\u0165 odoln\u00fd zatv\u00e1rac\u00ed n\u00f4\u017e s o\u010dak\u00e1vanou vynikaj\u00facou pevnos\u0165ou a odolnos\u0165ou Cold Steel za dostupn\u00fa cenu. Pre Lite, navrhnut\u00fd sl\u00e1vnym no\u017eiarom Andrewom Demkom, m\u00e1 nemeck\u00fa nerezov\u00fa kryo kalen\u00fa \u010depe\u013e 4116 s odoln\u00fdm povrchom umyt\u00fdm kame\u0148om a klasick\u00fdm profilom klipu. N\u00e1\u0161 odoln\u00fd uzamykac\u00ed mechanizmus Tri-Ad zais\u0165uje pevn\u00e9 uzamknutie. Text\u00farovan\u00e1 rukov\u00e4\u0165 je vyroben\u00e1 z text\u00farovan\u00e9ho nylonu plnen\u00e9ho sklom a m\u00e1 vreckov\u00fa sponu z nerezovej ocele, ktor\u00fa je mo\u017en\u00e9 obojstranne nosi\u0165 sklopenou \u013eavou alebo pravou rukou.<\/p>\n<p>Hmotnos\u0165: 93 g<br \/>\nCelkov\u00e1 ve\u013ekos\u0165: 20.3 cm<br \/>\nD\u013a\u017eka \u010depele: 8.9 cm<br \/>\nHr\u00fabka \u010depele: 0.3 cm<br \/>\nOce\u013e: 4116SS<br \/>\nD\u013a\u017eka rukov\u00e4te: 11.4 cm<br \/>\nMateri\u00e1l rukov\u00e4te: Long GFN<\/p>\n","protected":false},"excerpt":{"rendered":"<p><strong>Mal\u00fd zatv\u00e1rac\u00ed n\u00f4\u017e Pro Lite je n\u00f4\u017e na ka\u017edodenn\u00e9 nosenie s vynikaj\u00facou odolnos\u0165ou a pevnos\u0165ou.<\/strong><\/p>\n","protected":false},"featured_media":345129,"comment_status":"open","ping_status":"closed","template":"","meta":[],"pwb-brand":[3598],"product_brand":[],"product_cat":[3186,3233],"product_tag":[3668],"class_list":{"0":"post-345137","1":"product","2":"type-product","3":"status-publish","4":"has-post-thumbnail","6":"pwb-brand-cold-steel-sk","7":"product_cat-noze-sk","8":"product_cat-zatvaracie-noze","9":"product_tag-b2b-sk","11":"first","12":"instock","13":"taxable","14":"shipping-taxable","15":"purchasable","16":"product-type-simple"},"brands":[{"id":3598,"name":"Cold Steel","slug":"cold-steel-sk"}],"_links":{"self":[{"href":"https:\/\/www.moskito.cz\/sk\/wp-json\/wp\/v2\/product\/345137","targetHints":{"allow":["GET"]}}],"collection":[{"href":"https:\/\/www.moskito.cz\/sk\/wp-json\/wp\/v2\/product"}],"about":[{"href":"https:\/\/www.moskito.cz\/sk\/wp-json\/wp\/v2\/types\/product"}],"replies":[{"embeddable":true,"href":"https:\/\/www.moskito.cz\/sk\/wp-json\/wp\/v2\/comments?post=345137"}],"wp:featuredmedia":[{"embeddable":true,"href":"https:\/\/www.moskito.cz\/sk\/wp-json\/wp\/v2\/media\/345129"}],"wp:attachment":[{"href":"https:\/\/www.moskito.cz\/sk\/wp-json\/wp\/v2\/media?parent=345137"}],"wp:term":[{"taxonomy":"pwb-brand","embeddable":true,"href":"https:\/\/www.moskito.cz\/sk\/wp-json\/wp\/v2\/pwb-brand?post=345137"},{"taxonomy":"product_brand","embeddable":true,"href":"https:\/\/www.moskito.cz\/sk\/wp-json\/wp\/v2\/product_brand?post=345137"},{"taxonomy":"product_cat","embeddable":true,"href":"https:\/\/www.moskito.cz\/sk\/wp-json\/wp\/v2\/product_cat?post=345137"},{"taxonomy":"product_tag","embeddable":true,"href":"https:\/\/www.moskito.cz\/sk\/wp-json\/wp\/v2\/product_tag?post=345137"}],"curies":[{"name":"wp","href":"https:\/\/api.w.org\/{rel}","templated":true}]}}