{"id":345158,"date":"2024-06-18T10:49:43","date_gmt":"2024-06-18T09:51:22","guid":{"rendered":"https:\/\/www.moskito.cz\/produkt\/vrhacie-mini-torpedo-cold-steel\/"},"modified":"2025-05-07T11:17:40","modified_gmt":"2025-05-07T10:17:40","slug":"vrhacie-mini-torpedo-cold-steel","status":"publish","type":"product","link":"https:\/\/www.moskito.cz\/sk\/produkt\/vrhacie-mini-torpedo-cold-steel\/","title":{"rendered":"Vrhacie MINI TORPEDO Cold Steel"},"content":{"rendered":"<p>Vrhacie MINI TORPEDO <strong>Cold Steel.<\/strong><\/p>\n<p>Torpedo, ob\u013e\u00faben\u00e9 medzi \u0161portov\u00fdmi vrha\u010dmi a fan\u00fa\u0161ikmi, zostalo ob\u013e\u00fabenou s\u00fa\u010das\u0165ou na\u0161ej zostavy po mnoho rokov a m\u00e1 to dobr\u00fd d\u00f4vod! Cold Steel torp\u00e9da s\u00fa ve\u013emi z\u00e1bavn\u00e9 pre h\u00e1dzanie na cie\u013e, lov a dokonca aj sebaobranu a teraz s\u00fa k dispoz\u00edcii v dvoch ve\u013ekostiach; p\u00f4vodn\u00e9 Torpedo a nov\u00e9 Mini Torpedo! Dvojit\u00e9 skosen\u00e9 hroty bez n\u00e1mahy sk\u013aznu z ruky pre dokonal\u00e9 uvo\u013enenie a pon\u00fakaj\u00fa dvojn\u00e1sobn\u00fd potenci\u00e1l pri\u013enavosti ako konven\u010dn\u00fd vrhac\u00ed n\u00f4\u017e. \u0164a\u017e\u0161ie, 2 lb. verzia v\u00e1m umo\u017en\u00ed st\u00e1\u0165 \u010faleko od cie\u013ea (15 yardov alebo viac) a h\u00e1dza\u0165 ho s prekvapivou silou, a men\u0161ie, \u013eah\u0161ia verzia m\u00f4\u017ee by\u0165 hoden\u00e1 e\u0161te \u010falej a je ove\u013ea jednoduch\u0161ie ju pren\u00e1\u0161a\u0165, preto\u017ee je polovi\u010dn\u00e1. hmotnos\u0165. Obaja zasahuj\u00fa desivou silou a s\u00fa ve\u013emi \u00fa\u010dinn\u00e9.<\/p>\n<p><iframe title=\"COLD STEEL&#039;S TORPEDO\" width=\"800\" height=\"450\" src=\"https:\/\/www.youtube.com\/embed\/EXYMN448_60?feature=oembed\" frameborder=\"0\" allow=\"accelerometer; autoplay; clipboard-write; encrypted-media; gyroscope; picture-in-picture; web-share\" referrerpolicy=\"strict-origin-when-cross-origin\" allowfullscreen><\/iframe><\/p>\n<p>&nbsp;<\/p>\n","protected":false},"excerpt":{"rendered":"<p><strong>Mini Torpedo od firmy Cold Steel je v\u00fdhradne vrhacia zbra\u0148.<\/strong><\/p>\n","protected":false},"featured_media":345145,"comment_status":"open","ping_status":"closed","template":"","meta":[],"pwb-brand":[3598],"product_brand":[],"product_cat":[3186,3541],"product_tag":[3668],"class_list":{"0":"post-345158","1":"product","2":"type-product","3":"status-publish","4":"has-post-thumbnail","6":"pwb-brand-cold-steel-sk","7":"product_cat-noze-sk","8":"product_cat-vrhacie-noze","9":"product_tag-b2b-sk","11":"first","12":"outofstock","13":"taxable","14":"shipping-taxable","15":"purchasable","16":"product-type-simple"},"brands":[{"id":3598,"name":"Cold Steel","slug":"cold-steel-sk"}],"_links":{"self":[{"href":"https:\/\/www.moskito.cz\/sk\/wp-json\/wp\/v2\/product\/345158","targetHints":{"allow":["GET"]}}],"collection":[{"href":"https:\/\/www.moskito.cz\/sk\/wp-json\/wp\/v2\/product"}],"about":[{"href":"https:\/\/www.moskito.cz\/sk\/wp-json\/wp\/v2\/types\/product"}],"replies":[{"embeddable":true,"href":"https:\/\/www.moskito.cz\/sk\/wp-json\/wp\/v2\/comments?post=345158"}],"wp:featuredmedia":[{"embeddable":true,"href":"https:\/\/www.moskito.cz\/sk\/wp-json\/wp\/v2\/media\/345145"}],"wp:attachment":[{"href":"https:\/\/www.moskito.cz\/sk\/wp-json\/wp\/v2\/media?parent=345158"}],"wp:term":[{"taxonomy":"pwb-brand","embeddable":true,"href":"https:\/\/www.moskito.cz\/sk\/wp-json\/wp\/v2\/pwb-brand?post=345158"},{"taxonomy":"product_brand","embeddable":true,"href":"https:\/\/www.moskito.cz\/sk\/wp-json\/wp\/v2\/product_brand?post=345158"},{"taxonomy":"product_cat","embeddable":true,"href":"https:\/\/www.moskito.cz\/sk\/wp-json\/wp\/v2\/product_cat?post=345158"},{"taxonomy":"product_tag","embeddable":true,"href":"https:\/\/www.moskito.cz\/sk\/wp-json\/wp\/v2\/product_tag?post=345158"}],"curies":[{"name":"wp","href":"https:\/\/api.w.org\/{rel}","templated":true}]}}