{"id":345201,"date":"2024-06-18T11:03:34","date_gmt":"2024-06-18T11:06:06","guid":{"rendered":"https:\/\/www.moskito.cz\/produkt\/zatvaraci-noz-cold-steel-stockman\/"},"modified":"2025-05-07T11:17:43","modified_gmt":"2025-05-07T10:17:43","slug":"zatvaraci-noz-cold-steel-stockman","status":"publish","type":"product","link":"https:\/\/www.moskito.cz\/sk\/produkt\/zatvaraci-noz-cold-steel-stockman\/","title":{"rendered":"Zatv\u00e1rac\u00ed N\u00f4\u017e Cold Steel STOCKMAN"},"content":{"rendered":"<p>Zatv\u00e1rac\u00ed N\u00f4\u017e <strong>Cold Steel<\/strong> STOCKMAN.<\/p>\n<p>Zatv\u00e1rac\u00ed n\u00f4\u017e <strong>Cold Steel Stockman<\/strong> je o nie\u010do v\u00e4\u010d\u0161ia a odolnej\u0161ia verzia Gentleman&#8217;s Stockman. S\u00e9ria Stockman je na\u0161ou vari\u00e1ciou na klasick\u00fd p\u00e1nsky n\u00f4\u017e. M\u00e1 rukov\u00e4te vyroben\u00e9 z pravej kosti a je zv\u00fdraznen\u00e1 le\u0161ten\u00fdmi kovov\u00fdmi podhlavn\u00edkmi. Robustn\u00e9 rukov\u00e4te s\u00fa podstatne dimenzovan\u00e9 pre \u0165a\u017ek\u00fa \u200b\u200bpr\u00e1cu, dokonca aj s rukami v rukaviciach. Je skon\u0161truovan\u00fd v tradi\u010dnom vzore Jack Knife s tromi le\u0161ten\u00fdmi \u010depe\u013eami z nerezovej ocele 8Cr13MoV: \u010depe\u013eou s klipom na prepichovanie a rezanie, \u010depe\u013eou na s\u0165ahovanie ko\u017ee a vypitvania a \u010depe\u013eou z ov\u010dej nohy, aby sa zabr\u00e1nilo prepichnutiu pri akejko\u013evek pr\u00e1ci na kr\u00e1jan\u00ed. Je to praktick\u00fd n\u00f4\u017e, ktor\u00fd je u\u017eito\u010dn\u00fd pre v\u0161etky druhy pr\u00e1c a dobre sa hod\u00ed takmer do ka\u017ed\u00e9ho prostredia od mesta po vidiek. Je to skvel\u00fd vreckov\u00fd n\u00f4\u017e, ktor\u00fd je ide\u00e1lny pre dom\u00e1ce projekty, vonkaj\u0161ie pou\u017eitie alebo ako po\u013eovn\u00fd n\u00f4\u017e.<\/p>\n<p>D\u013a\u017eka \u010depele 1: <span id=\"cwos\" class=\"qv3Wpe\">8.75<\/span> cm<\/p>\n<p>D\u013a\u017eka \u010depele 2: <span id=\"cwos\" class=\"qv3Wpe\">5.75<\/span> cm<br \/>\nD\u013a\u017eka \u010depele 3: 5 cm<br \/>\nRodina ocele: 8Cr13MoV Nerez<\/p>\n<p>Farba: Kos\u0165<\/p>\n<p>Produktov\u00fd rad: Stockman<\/p>\n<p>Uzamykac\u00ed mechanizmus: Klzn\u00fd k\u013ab<\/p>\n<p>&nbsp;<\/p>\n","protected":false},"excerpt":{"rendered":"<p><strong>Zatv\u00e1rac\u00ed n\u00f4\u017e Cold Steel Stockman je o nie\u010do v\u00e4\u010d\u0161ia a odolnej\u0161ia verzia Gentleman&#8217;s Stockman. S\u00e9ria Stockman je na\u0161ou vari\u00e1ciou na klasick\u00fd p\u00e1nsky n\u00f4\u017e.<\/strong><\/p>\n","protected":false},"featured_media":345169,"comment_status":"open","ping_status":"closed","template":"","meta":[],"pwb-brand":[3598],"product_brand":[],"product_cat":[3186,3233],"product_tag":[3668],"class_list":{"0":"post-345201","1":"product","2":"type-product","3":"status-publish","4":"has-post-thumbnail","6":"pwb-brand-cold-steel-sk","7":"product_cat-noze-sk","8":"product_cat-zatvaracie-noze","9":"product_tag-b2b-sk","11":"first","12":"outofstock","13":"taxable","14":"shipping-taxable","15":"purchasable","16":"product-type-simple"},"brands":[{"id":3598,"name":"Cold Steel","slug":"cold-steel-sk"}],"_links":{"self":[{"href":"https:\/\/www.moskito.cz\/sk\/wp-json\/wp\/v2\/product\/345201","targetHints":{"allow":["GET"]}}],"collection":[{"href":"https:\/\/www.moskito.cz\/sk\/wp-json\/wp\/v2\/product"}],"about":[{"href":"https:\/\/www.moskito.cz\/sk\/wp-json\/wp\/v2\/types\/product"}],"replies":[{"embeddable":true,"href":"https:\/\/www.moskito.cz\/sk\/wp-json\/wp\/v2\/comments?post=345201"}],"wp:featuredmedia":[{"embeddable":true,"href":"https:\/\/www.moskito.cz\/sk\/wp-json\/wp\/v2\/media\/345169"}],"wp:attachment":[{"href":"https:\/\/www.moskito.cz\/sk\/wp-json\/wp\/v2\/media?parent=345201"}],"wp:term":[{"taxonomy":"pwb-brand","embeddable":true,"href":"https:\/\/www.moskito.cz\/sk\/wp-json\/wp\/v2\/pwb-brand?post=345201"},{"taxonomy":"product_brand","embeddable":true,"href":"https:\/\/www.moskito.cz\/sk\/wp-json\/wp\/v2\/product_brand?post=345201"},{"taxonomy":"product_cat","embeddable":true,"href":"https:\/\/www.moskito.cz\/sk\/wp-json\/wp\/v2\/product_cat?post=345201"},{"taxonomy":"product_tag","embeddable":true,"href":"https:\/\/www.moskito.cz\/sk\/wp-json\/wp\/v2\/product_tag?post=345201"}],"curies":[{"name":"wp","href":"https:\/\/api.w.org\/{rel}","templated":true}]}}