{"id":345253,"date":"2024-06-18T12:20:23","date_gmt":"2024-06-18T11:20:23","guid":{"rendered":"https:\/\/www.moskito.cz\/produkt\/vrhacie-noze-cold-steel-throwing-knives-with-paracord-handle-3-pack-with-sheath\/"},"modified":"2025-05-07T11:17:45","modified_gmt":"2025-05-07T10:17:45","slug":"vrhacie-noze-cold-steel-throwing-knives-with-paracord-handle-3-pack-with-sheath","status":"publish","type":"product","link":"https:\/\/www.moskito.cz\/sk\/produkt\/vrhacie-noze-cold-steel-throwing-knives-with-paracord-handle-3-pack-with-sheath\/","title":{"rendered":"Vrhacie No\u017ee Cold Steel THROWING KNIVES WITH PARACORD HANDLE-3 PACK WITH SHEATH"},"content":{"rendered":"<p>Vrhacie No\u017ee <strong>Cold Steel<\/strong> THROWING KNIVES WITH PARACORD HANDLE-3 PACK WITH SHEATH.<\/p>\n<p>Vyroben\u00e9 z h\u00fa\u017eevnatej ocele 420SS a opatren\u00e9 \u010diernym ochrann\u00fdm povlakom odoln\u00fdm proti po\u0161kriabaniu. Tieto vrhacie no\u017ee s\u00fa kr\u00e1sne vyv\u00e1\u017een\u00e9 pre presnos\u0165 a odolnos\u0165 pre dlh\u00fa \u017eivotnos\u0165. Ich ostr\u00e9, funk\u010dn\u00e9 \u00fa\u017eitkov\u00e9 ostrie a rukov\u00e4te obalen\u00e9 paracordom im pom\u00e1haj\u00fa sl\u00fa\u017ei\u0165 aj ako vynikaj\u00faci bushcraft alebo survival no\u017ee. S\u00faprava troch sa \u013eahko ulo\u017e\u00ed do prilo\u017een\u00e9ho nylonov\u00e9ho puzdra.<\/p>\n<p>Hmotnos\u0165: 138 g<br \/>\nCelkov\u00e1 ve\u013ekos\u0165: 22.9 cm<br \/>\nD\u013a\u017eka \u010depele: 10.2 cm<br \/>\nHr\u00fabka \u010depele: 0.39 cm<br \/>\nOce\u013e: 420SS<br \/>\nD\u013a\u017eka rukov\u00e4te: 12.7 cm<br \/>\nMateri\u00e1l puzdra: Nylon<\/p>\n","protected":false},"excerpt":{"rendered":"<p><strong>Tieto vrhacie no\u017ee s\u00fa kr\u00e1sne vyv\u00e1\u017een\u00e9 pre presnos\u0165 a odolnos\u0165 pre dlh\u00fa \u017eivotnos\u0165. Ich ostr\u00e9, funk\u010dn\u00e9 \u00fa\u017eitkov\u00e9 ostrie a rukov\u00e4te obalen\u00e9 paracordom im pom\u00e1haj\u00fa sl\u00fa\u017ei\u0165 aj ako vynikaj\u00faci bushcraft alebo survival no\u017ee.<\/strong><\/p>\n","protected":false},"featured_media":345225,"comment_status":"open","ping_status":"closed","template":"","meta":[],"pwb-brand":[3598],"product_brand":[],"product_cat":[3541,3186],"product_tag":[3668],"class_list":{"0":"post-345253","1":"product","2":"type-product","3":"status-publish","4":"has-post-thumbnail","6":"pwb-brand-cold-steel-sk","7":"product_cat-vrhacie-noze","8":"product_cat-noze-sk","9":"product_tag-b2b-sk","11":"first","12":"instock","13":"sold-individually","14":"taxable","15":"shipping-taxable","16":"purchasable","17":"product-type-simple"},"brands":[{"id":3598,"name":"Cold Steel","slug":"cold-steel-sk"}],"_links":{"self":[{"href":"https:\/\/www.moskito.cz\/sk\/wp-json\/wp\/v2\/product\/345253","targetHints":{"allow":["GET"]}}],"collection":[{"href":"https:\/\/www.moskito.cz\/sk\/wp-json\/wp\/v2\/product"}],"about":[{"href":"https:\/\/www.moskito.cz\/sk\/wp-json\/wp\/v2\/types\/product"}],"replies":[{"embeddable":true,"href":"https:\/\/www.moskito.cz\/sk\/wp-json\/wp\/v2\/comments?post=345253"}],"wp:featuredmedia":[{"embeddable":true,"href":"https:\/\/www.moskito.cz\/sk\/wp-json\/wp\/v2\/media\/345225"}],"wp:attachment":[{"href":"https:\/\/www.moskito.cz\/sk\/wp-json\/wp\/v2\/media?parent=345253"}],"wp:term":[{"taxonomy":"pwb-brand","embeddable":true,"href":"https:\/\/www.moskito.cz\/sk\/wp-json\/wp\/v2\/pwb-brand?post=345253"},{"taxonomy":"product_brand","embeddable":true,"href":"https:\/\/www.moskito.cz\/sk\/wp-json\/wp\/v2\/product_brand?post=345253"},{"taxonomy":"product_cat","embeddable":true,"href":"https:\/\/www.moskito.cz\/sk\/wp-json\/wp\/v2\/product_cat?post=345253"},{"taxonomy":"product_tag","embeddable":true,"href":"https:\/\/www.moskito.cz\/sk\/wp-json\/wp\/v2\/product_tag?post=345253"}],"curies":[{"name":"wp","href":"https:\/\/api.w.org\/{rel}","templated":true}]}}