{"id":345319,"date":"2024-06-19T04:21:22","date_gmt":"2024-06-19T03:22:29","guid":{"rendered":"https:\/\/www.moskito.cz\/produkt\/zatvaraci-noz-emerson-apache-sf\/"},"modified":"2025-05-07T11:17:46","modified_gmt":"2025-05-07T10:17:46","slug":"zatvaraci-noz-emerson-apache-sf","status":"publish","type":"product","link":"https:\/\/www.moskito.cz\/sk\/produkt\/zatvaraci-noz-emerson-apache-sf\/","title":{"rendered":"Zatv\u00e1rac\u00ed N\u00f4\u017e Emerson Apache SF"},"content":{"rendered":"<p>Zatv\u00e1rac\u00ed N\u00f4\u017e <strong>Emerson<\/strong> Apache SF.<\/p>\n<p>Niektor\u00ed z najob\u00e1vanej\u0161\u00edch indi\u00e1nov americk\u00e9ho star\u00e9ho z\u00e1padu boli kmene Apa\u010dov. Najzn\u00e1mej\u0161ia z nich bola skupina bojovn\u00edkov veden\u00e1 Geronimom, p\u00f4vodn\u00fdm Apa\u010dom z kme\u0148a Bedonkohe.<\/p>\n<p>Geronimo bol jedn\u00fdm z posledn\u00fdch ve\u013ek\u00fdch bojovn\u00edkov indick\u00fdch vojen, ktor\u00fd bol nakoniec zajat\u00fd 4. septembra 1886. Bol zajat\u00fd pu\u0161kou Winchester, pi\u0161to\u013eou Colt a no\u017eom Bowie.<\/p>\n<p>Ke\u010f som navrhoval Emerson Apache, bolo nie\u010do na vzh\u013eade a dojme, na \u201evibe\u201c tohto no\u017ea, ktor\u00fd mi hovoril \u201eindick\u00fd\u201c. Bolo to primit\u00edvne, drsn\u00e9 a tvrd\u00e9. Pomenoval som to Apache. Nesk\u00f4r som zistil, \u017ee ke\u010f sa Geronimo kone\u010dne vzdal jedn\u00e9ho zo svojich posledn\u00fdch a najcennej\u0161\u00edch vec\u00ed, bol jeho n\u00f4\u017e Sheffield Bowie.<\/p>\n<p>Tento n\u00f4\u017e jednoducho mal by\u0165. Ke\u010f ho zdvihnete, takmer budete po\u010du\u0165 v\u0155zganie dobre opotrebovanej ko\u017ee av teplom v\u00e1nku uc\u00edtite \u0161alviu. A m\u00f4\u017eete c\u00edti\u0165 nezlomen\u00e9ho ducha toho, kto bude bojova\u0165 a\u017e do hork\u00e9ho konca.<\/p>\n<p>Rukov\u00e4\u0165: G-10<br \/>\n\u010cepe\u013e:154 cm<br \/>\nPovrchov\u00e1 \u00faprava \u010depele: Stone Washed<\/p>\n<p>Celkov\u00e1 d\u013a\u017eka: 22 cm<br \/>\nD\u013a\u017eka \u010depele: 9.25 cm<br \/>\nTvrdos\u0165 57-59RC<br \/>\nHmotnos\u0165 6,0 unca<\/p>\n<p>&nbsp;<\/p>\n","protected":false},"excerpt":{"rendered":"<p><strong>NO\u017dE EMERSON S\u00da VYH\u013dAD\u00c1VAN\u00c9 ELITN\u00ddMI VOJENSK\u00ddMI A DONUCOVAC\u00cdMI<\/strong><br \/>\n<strong>JEDNOTKAMI PO CELOM SVETE A NASTAVILI \u0160TANDARD, POD\u013dA KTOR\u00c9HO S\u00da POSUDZOVAN\u00c9 V\u0160ETKY OSTATN\u00c9 TAKTICK\u00c9 NO\u017dE.<\/strong><\/p>\n<p>Doprava zadarmo.<\/p>\n","protected":false},"featured_media":345293,"comment_status":"open","ping_status":"closed","template":"","meta":[],"pwb-brand":[3788],"product_brand":[],"product_cat":[3186,3233],"product_tag":[],"class_list":{"0":"post-345319","1":"product","2":"type-product","3":"status-publish","4":"has-post-thumbnail","6":"pwb-brand-emerson-sk","7":"product_cat-noze-sk","8":"product_cat-zatvaracie-noze","10":"first","11":"outofstock","12":"taxable","13":"shipping-taxable","14":"purchasable","15":"product-type-simple"},"brands":[{"id":3788,"name":"Emerson","slug":"emerson-sk"}],"_links":{"self":[{"href":"https:\/\/www.moskito.cz\/sk\/wp-json\/wp\/v2\/product\/345319","targetHints":{"allow":["GET"]}}],"collection":[{"href":"https:\/\/www.moskito.cz\/sk\/wp-json\/wp\/v2\/product"}],"about":[{"href":"https:\/\/www.moskito.cz\/sk\/wp-json\/wp\/v2\/types\/product"}],"replies":[{"embeddable":true,"href":"https:\/\/www.moskito.cz\/sk\/wp-json\/wp\/v2\/comments?post=345319"}],"wp:featuredmedia":[{"embeddable":true,"href":"https:\/\/www.moskito.cz\/sk\/wp-json\/wp\/v2\/media\/345293"}],"wp:attachment":[{"href":"https:\/\/www.moskito.cz\/sk\/wp-json\/wp\/v2\/media?parent=345319"}],"wp:term":[{"taxonomy":"pwb-brand","embeddable":true,"href":"https:\/\/www.moskito.cz\/sk\/wp-json\/wp\/v2\/pwb-brand?post=345319"},{"taxonomy":"product_brand","embeddable":true,"href":"https:\/\/www.moskito.cz\/sk\/wp-json\/wp\/v2\/product_brand?post=345319"},{"taxonomy":"product_cat","embeddable":true,"href":"https:\/\/www.moskito.cz\/sk\/wp-json\/wp\/v2\/product_cat?post=345319"},{"taxonomy":"product_tag","embeddable":true,"href":"https:\/\/www.moskito.cz\/sk\/wp-json\/wp\/v2\/product_tag?post=345319"}],"curies":[{"name":"wp","href":"https:\/\/api.w.org\/{rel}","templated":true}]}}