{"id":345381,"date":"2024-06-19T04:46:55","date_gmt":"2024-06-19T03:49:50","guid":{"rendered":"https:\/\/www.moskito.cz\/produkt\/zatvaraci-noz-emerson-hattin-sf\/"},"modified":"2025-05-07T11:17:48","modified_gmt":"2025-05-07T10:17:48","slug":"zatvaraci-noz-emerson-hattin-sf","status":"publish","type":"product","link":"https:\/\/www.moskito.cz\/sk\/produkt\/zatvaraci-noz-emerson-hattin-sf\/","title":{"rendered":"Zatv\u00e1rac\u00ed N\u00f4\u017e Emerson Hattin SF"},"content":{"rendered":"<p>Zatv\u00e1rac\u00ed N\u00f4\u017e <strong>Emerson<\/strong> Hattin SF.<\/p>\n<p>Ke\u010f sa eur\u00f3pski kri\u017eiaci prv\u00fdkr\u00e1t stretli s arm\u00e1dami islamu na Strednom v\u00fdchode, boli prekvapen\u00ed bojovou taktikou ich moslimsk\u00fdch nepriate\u013eov. Prv\u00fdkr\u00e1t eur\u00f3pske arm\u00e1dy \u010delili bleskovo r\u00fdchlym n\u00e1jazdom jazdnej \u013eahkej jazdy, ktor\u00e1 tie\u017e niesla bleskur\u00fdchly me\u010d, \u0161ab\u013eu. \u013dahk\u00e9, r\u00fdchle a smrtiace s\u00fa pravdepodobne tie najlep\u0161ie slov\u00e1, ktor\u00e9 by mohli by\u0165 pou\u017eit\u00e9 na opis tejto exotickej a impozantnej zbrane.<\/p>\n<p>Scimitar bola jednoru\u010dn\u00e1 zbra\u0148 s ve\u013emi ist\u00fdm \u00fachopom a jej l\u00ednie plynuli v p\u00f4vabnom sekacom obl\u00faku a\u017e do smrtiaceho bodu, \u010do viedlo k zbrani rovnako \u00fa\u010dinn\u00e9 ako pri bodan\u00ed, tak pri kosen\u00ed. <strong>Emerson Hattin<\/strong> je pomenovan\u00fd po bitke pri Hattine, ktor\u00e1 prebehla 4. j\u00fala 1187, historickej bitke zvedenej na vyprahnut\u00fdch pl\u00e1\u0148ach pod Hattinsk\u00fdmi rohmi, ktor\u00e1 vy\u00fastila v drviv\u00fa por\u00e1\u017eku kri\u017eiakov a Byzant\u00edncov arm\u00e1dou Sal Al A Dina (Saladin) najv\u00e4\u010d\u0161ou zo v\u0161etk\u00fdch islamsk\u00fdch bojovn\u00edkov a neskor\u0161\u00ed nepriate\u013e Richarda Coure de Leone (Richard Levie srdce).  <strong>Emerson Hattin<\/strong> m\u00e1 \u010depe\u013e v \u0161t\u00fdle scimitar a vyjadruje \u00faplne rovnak\u00fd v\u00fdznam t\u00fdchto troch slov, \u013eahk\u00fd, r\u00fdchly a smrtiaci, ktor\u00fd bol prv\u00fdkr\u00e1t pop\u00edsan\u00fd pred takmer tis\u00edc rokmi.<\/p>\n<p>Ke\u010f jeden zdvihnete, zatvorte o\u010di a mo\u017eno budete m\u00f4c\u0165 po\u010du\u0165 bojov\u00fd pokrik bojovn\u00edkov a rin\u010danie nabr\u00fasenej ocele \u010faleko v dia\u013eke z bitky, ktor\u00e1 st\u00e1le stra\u0161\u00ed vyprahnut\u00e9 pl\u00e1ne Stredn\u00e9ho v\u00fdchodu a st\u00e1le prebieha. veden\u00e1 dnes medzi silami dobra a zla.<\/p>\n<p>Ernest <strong>Emerson<\/strong> je bezpochyby jedn\u00fdm z najplodnej\u0161\u00edch n\u00e1vrh\u00e1rov no\u017eov v\u0161etk\u00fdch \u010dias. Jeho n\u00e1vrhy boli najvplyvnej\u0161ou silou v no\u017eiarskom priemysle u\u017e viac ako 20 rokov a s\u00fadiac pod\u013ea dopadu, ktor\u00fd urobili, muselo \u00eds\u0165 o celkom dobr\u00e9 n\u00e1vrhy. To sp\u00f4sobuje probl\u00e9m. Emerson m\u00e1 viac vzorov ako no\u017eov.<\/p>\n<p>Jeho slovami: \u201eM\u00e1m banku n\u00e1vrhov, ktor\u00e9 som vytvoril a ktor\u00e9 by trvali desiatky rokov, k\u00fdm boli v\u00f4bec postaven\u00e9, a st\u00e1le vytv\u00e1ram nov\u00e9 n\u00e1vrhy.\u201c<\/p>\n<p>Aby spolo\u010dnos\u0165 <strong>Emerson Knives<\/strong> priniesla tieto n\u00e1vrhy aj v\u00e1m, pou\u017e\u00edvate\u013eom no\u017eov, zaviedla my\u0161lienku \u201e\u0160peci\u00e1lnych behov\u201c. Ka\u017ed\u00fd rok vyr\u00e1bame 6 z t\u00fdchto nov\u00fdch designov ako \u201e\u0160peci\u00e1lna s\u00e9ria\u201c, tak\u017ee budete ma\u0165 \u0161ancu vlastni\u0165 tieto nov\u00e9, jedine\u010dn\u00e9 a vzru\u0161uj\u00face n\u00e1vrhy no\u017eov. Bud\u00fa vych\u00e1dza\u0165 ka\u017ed\u00e9 dva mesiace v extr\u00e9mne obmedzenom mno\u017estve.<\/p>\n<p>Strenky: \u010cierna G-10 epoxid \/ sklolamin\u00e1t<br \/>\nZ\u00e1mok :Titan<br \/>\n\u010cepe\u013e: 154 cm<br \/>\nDokon\u010denie: Stonewashed<br \/>\nCelkov\u00e1 d\u013a\u017eka: 24 cm<br \/>\nD\u013a\u017eka \u010depele: 10 cm<br \/>\nTvrdos\u0165 57-59 RC<\/p>\n<p><iframe title=\"Emerson Knives 3rd Special Limited Run - The Hattin. Available for Pre-sale now.\" width=\"800\" height=\"450\" src=\"https:\/\/www.youtube.com\/embed\/ASMhmI0oM6g?feature=oembed\" frameborder=\"0\" allow=\"accelerometer; autoplay; clipboard-write; encrypted-media; gyroscope; picture-in-picture; web-share\" referrerpolicy=\"strict-origin-when-cross-origin\" allowfullscreen><\/iframe><\/p>\n<p>&nbsp;<\/p>\n","protected":false},"excerpt":{"rendered":"<p><strong>Ke\u010f jeden zdvihnete, zatvorte o\u010di a mo\u017eno budete m\u00f4c\u0165 po\u010du\u0165 bojov\u00fd pokrik bojovn\u00edkov a rin\u010danie nabr\u00fasenej ocele \u010faleko v dia\u013eke z bitky, ktor\u00e1 st\u00e1le stra\u0161\u00ed vyprahnut\u00e9 pl\u00e1ne Stredn\u00e9ho v\u00fdchodu a st\u00e1le prebieha. veden\u00e1 dnes medzi silami dobra a zla.<\/strong><\/p>\n<p><strong>Doprava zadarmo.<\/strong><\/p>\n","protected":false},"featured_media":345333,"comment_status":"open","ping_status":"closed","template":"","meta":[],"pwb-brand":[3788],"product_brand":[],"product_cat":[3186,3233],"product_tag":[],"class_list":{"0":"post-345381","1":"product","2":"type-product","3":"status-publish","4":"has-post-thumbnail","6":"pwb-brand-emerson-sk","7":"product_cat-noze-sk","8":"product_cat-zatvaracie-noze","10":"first","11":"outofstock","12":"taxable","13":"shipping-taxable","14":"purchasable","15":"product-type-simple"},"brands":[{"id":3788,"name":"Emerson","slug":"emerson-sk"}],"_links":{"self":[{"href":"https:\/\/www.moskito.cz\/sk\/wp-json\/wp\/v2\/product\/345381","targetHints":{"allow":["GET"]}}],"collection":[{"href":"https:\/\/www.moskito.cz\/sk\/wp-json\/wp\/v2\/product"}],"about":[{"href":"https:\/\/www.moskito.cz\/sk\/wp-json\/wp\/v2\/types\/product"}],"replies":[{"embeddable":true,"href":"https:\/\/www.moskito.cz\/sk\/wp-json\/wp\/v2\/comments?post=345381"}],"wp:featuredmedia":[{"embeddable":true,"href":"https:\/\/www.moskito.cz\/sk\/wp-json\/wp\/v2\/media\/345333"}],"wp:attachment":[{"href":"https:\/\/www.moskito.cz\/sk\/wp-json\/wp\/v2\/media?parent=345381"}],"wp:term":[{"taxonomy":"pwb-brand","embeddable":true,"href":"https:\/\/www.moskito.cz\/sk\/wp-json\/wp\/v2\/pwb-brand?post=345381"},{"taxonomy":"product_brand","embeddable":true,"href":"https:\/\/www.moskito.cz\/sk\/wp-json\/wp\/v2\/product_brand?post=345381"},{"taxonomy":"product_cat","embeddable":true,"href":"https:\/\/www.moskito.cz\/sk\/wp-json\/wp\/v2\/product_cat?post=345381"},{"taxonomy":"product_tag","embeddable":true,"href":"https:\/\/www.moskito.cz\/sk\/wp-json\/wp\/v2\/product_tag?post=345381"}],"curies":[{"name":"wp","href":"https:\/\/api.w.org\/{rel}","templated":true}]}}