{"id":345428,"date":"2024-06-19T05:06:55","date_gmt":"2024-06-19T04:07:37","guid":{"rendered":"https:\/\/www.moskito.cz\/produkt\/zatvaraci-noz-emerson-cqc-45-sf\/"},"modified":"2025-05-07T11:17:50","modified_gmt":"2025-05-07T10:17:50","slug":"zatvaraci-noz-emerson-cqc-45-sf","status":"publish","type":"product","link":"https:\/\/www.moskito.cz\/sk\/produkt\/zatvaraci-noz-emerson-cqc-45-sf\/","title":{"rendered":"Zatv\u00e1rac\u00ed N\u00f4\u017e Emerson CQC-45 SF"},"content":{"rendered":"<p>Zatv\u00e1rac\u00ed N\u00f4\u017e <strong>Emerson<\/strong> CQC-45 SF.<\/p>\n<p>N\u00f4\u017e m\u00e1 klasick\u00fd ergonomick\u00fd dizajn rukov\u00e4te Emerson s osved\u010denou a nad\u010dasovou \u010depe\u013eou Bowie \u0161t\u00fdlu ostr\u00e9 ako britva. \u010cepe\u013e je vyroben\u00e1 z pr\u00e9miovej \u010depe\u013eovej ocele Crucible 154CM, tepelne spracovanej na optim\u00e1lnu pracovn\u00fa tvrdos\u0165 Rockwell RC 57-59.<\/p>\n<p>Ke\u010f ma Les Baer po\u017eiadal, aby som navrhol n\u00f4\u017e zodpovedaj\u00faci pi\u0161toli <strong>CQC-45<\/strong>, vybral som si samozrejme n\u00f4\u017e Emerson Nineteen-11, teraz premenovan\u00fd na CQC-45. Tento n\u00f4\u017e bol od svojho po\u010diatku navrhnut\u00fd tak, aby steles\u0148oval jednoduch\u00fa robustn\u00fa \u00fa\u010dinnos\u0165 ikonickej zbrane, po ktorej je pomenovan\u00fd. Ve\u013emi sl\u00e1vny historik a zbroj\u00e1r z roku 1911 mi raz povedal: \u201eErnesti, keby John H. Browning mohol niekoho po\u017eiada\u0165, aby navrhol n\u00f4\u017e, ktor\u00fd by zodpovedal jeho zbrani, vybral by si teba.\u201c V\u00e4\u010d\u0161\u00ed kompliment mi by\u0165 zlo\u017een\u00fd nemohol. Keby som sa po\u010das svojho \u017eivota do\u017eil len malej \u010dasti tohto komplimentu, bol by som \u0161\u0165astn\u00fd.<\/p>\n<p>Strenky: \u010cierna G-10 epoxid \/ sklolamin\u00e1t<br \/>\nZ\u00e1mok :Titan<br \/>\n\u010cepe\u013e: 154 cm<br \/>\nDokon\u010denie: Stonewashed<br \/>\nCelkov\u00e1 d\u013a\u017eka: 21 cm<br \/>\nD\u013a\u017eka \u010depele: 9 cm<br \/>\nTvrdos\u0165 57-59 RC<\/p>\n","protected":false},"excerpt":{"rendered":"<p><strong>NO\u017dE EMERSON S\u00da VYH\u013dAD\u00c1VAN\u00c9 ELITN\u00ddMI VOJENSK\u00ddMI A DONUCOVAC\u00cdMI<\/strong><br \/>\n<strong>JEDNOTKAMI PO CELOM SVETE A NASTAVILI \u0160TANDARD, POD\u013dA KTOR\u00c9HO S\u00da POSUDZOVAN\u00c9 V\u0160ETKY OSTATN\u00c9 TAKTICK\u00c9 NO\u017dE.<\/strong><\/p>\n<p>Doprava zadarmo.<\/p>\n","protected":false},"featured_media":345391,"comment_status":"open","ping_status":"closed","template":"","meta":[],"pwb-brand":[3788],"product_brand":[],"product_cat":[3186,3233],"product_tag":[],"class_list":{"0":"post-345428","1":"product","2":"type-product","3":"status-publish","4":"has-post-thumbnail","6":"pwb-brand-emerson-sk","7":"product_cat-noze-sk","8":"product_cat-zatvaracie-noze","10":"first","11":"outofstock","12":"taxable","13":"shipping-taxable","14":"purchasable","15":"product-type-simple"},"brands":[{"id":3788,"name":"Emerson","slug":"emerson-sk"}],"_links":{"self":[{"href":"https:\/\/www.moskito.cz\/sk\/wp-json\/wp\/v2\/product\/345428","targetHints":{"allow":["GET"]}}],"collection":[{"href":"https:\/\/www.moskito.cz\/sk\/wp-json\/wp\/v2\/product"}],"about":[{"href":"https:\/\/www.moskito.cz\/sk\/wp-json\/wp\/v2\/types\/product"}],"replies":[{"embeddable":true,"href":"https:\/\/www.moskito.cz\/sk\/wp-json\/wp\/v2\/comments?post=345428"}],"wp:featuredmedia":[{"embeddable":true,"href":"https:\/\/www.moskito.cz\/sk\/wp-json\/wp\/v2\/media\/345391"}],"wp:attachment":[{"href":"https:\/\/www.moskito.cz\/sk\/wp-json\/wp\/v2\/media?parent=345428"}],"wp:term":[{"taxonomy":"pwb-brand","embeddable":true,"href":"https:\/\/www.moskito.cz\/sk\/wp-json\/wp\/v2\/pwb-brand?post=345428"},{"taxonomy":"product_brand","embeddable":true,"href":"https:\/\/www.moskito.cz\/sk\/wp-json\/wp\/v2\/product_brand?post=345428"},{"taxonomy":"product_cat","embeddable":true,"href":"https:\/\/www.moskito.cz\/sk\/wp-json\/wp\/v2\/product_cat?post=345428"},{"taxonomy":"product_tag","embeddable":true,"href":"https:\/\/www.moskito.cz\/sk\/wp-json\/wp\/v2\/product_tag?post=345428"}],"curies":[{"name":"wp","href":"https:\/\/api.w.org\/{rel}","templated":true}]}}