{"id":345447,"date":"2024-06-19T05:21:15","date_gmt":"2024-06-19T04:22:24","guid":{"rendered":"https:\/\/www.moskito.cz\/produkt\/zatvaraci-noz-emerson-sheepdog\/"},"modified":"2025-05-07T11:17:51","modified_gmt":"2025-05-07T10:17:51","slug":"zatvaraci-noz-emerson-sheepdog","status":"publish","type":"product","link":"https:\/\/www.moskito.cz\/sk\/produkt\/zatvaraci-noz-emerson-sheepdog\/","title":{"rendered":"Zatv\u00e1rac\u00ed N\u00f4\u017e Emerson Sheepdog"},"content":{"rendered":"<p>Zatv\u00e1rac\u00ed N\u00f4\u017e <strong>Emerson<\/strong> Sheepdog.<\/p>\n<p><strong>Sheepdog<\/strong> je jedn\u00fdm z najlep\u0161\u00edch priate\u013eov \u010dloveka, pripraven\u00fd okam\u017eite vyrazi\u0165 do akcie, aby ochr\u00e1nil st\u00e1do a svoju \u013eudsk\u00fa rodinu. S\u00fa v\u017edy v slu\u017ebe a v\u017edy s\u00fa va\u0161\u00edm st\u00e1lym spolo\u010dn\u00edkom. Mo\u017eno u\u017e m\u00e1te svojho \u201eov\u010diarskeho psa\u201c po boku, ale teraz m\u00f4\u017eete ma\u0165 ov\u010diarskeho psa, ktor\u00fd m\u00f4\u017eete nosi\u0165 vo vrecku. Predstavujeme <strong>Sheepdog Knife<\/strong> od <strong>Emerson Knives<\/strong> a nenechajte sa zmias\u0165 jeho ve\u013ekos\u0165ou. V tomto vreckovom chr\u00e1ni\u010di je ve\u013ea sily, u\u017eito\u010dnosti a v\u00fdkonu pri n\u00e1ro\u010dnom pou\u017e\u00edvan\u00ed. S na\u0161imi trojit\u00fdmi otv\u00e1rac\u00edmi funkciami \u2013 palcov\u00fdm tla\u010didlom, m\u00e1vnut\u00edm a plutvom je pripraven\u00fd okam\u017eite vyrazi\u0165 do akcie, rovnako ako jeho psie in\u0161pir\u00e1cie. Nikdy neby\u0165 bez verzie EDC najlep\u0161ieho priate\u013ea \u010dloveka. Noste <strong>Emerson Sheepdog<\/strong> , nech ste kdeko\u013evek.<\/p>\n<p>Strenky: \u010cierna G-10 epoxid \/ sklolamin\u00e1t<br \/>\nZ\u00e1mok :Titan<br \/>\n\u010cepe\u013e: 154 cm<br \/>\nDokon\u010denie: Stonewashed<br \/>\nCelkov\u00e1 d\u013a\u017eka: 18 cm<br \/>\nD\u013a\u017eka \u010depele: 7.5 cm<br \/>\nTvrdos\u0165 57-59 RC<\/p>\n","protected":false},"excerpt":{"rendered":"<p><strong>Str\u00e1\u017eca a ochranca. Ke\u010f je n\u00f4\u017e t\u00fdm n\u00e1strojom, ktor\u00fd potrebujete, ov\u010diak v\u00e1s nikdy nesklame. Pre pr\u00e1cu, pre dobrodru\u017estvo, pre n\u00fadzov\u00e9 situ\u00e1cie a pre ochranu je ov\u010diak najlep\u0161\u00edm priate\u013eom \u010dloveka.  <\/strong><\/p>\n<p><strong>Doprava zadarmo.<\/strong><\/p>\n","protected":false},"featured_media":345440,"comment_status":"open","ping_status":"closed","template":"","meta":[],"pwb-brand":[3788],"product_brand":[],"product_cat":[3233,3186],"product_tag":[],"class_list":{"0":"post-345447","1":"product","2":"type-product","3":"status-publish","4":"has-post-thumbnail","6":"pwb-brand-emerson-sk","7":"product_cat-zatvaracie-noze","8":"product_cat-noze-sk","10":"first","11":"instock","12":"taxable","13":"shipping-taxable","14":"purchasable","15":"product-type-simple"},"brands":[{"id":3788,"name":"Emerson","slug":"emerson-sk"}],"_links":{"self":[{"href":"https:\/\/www.moskito.cz\/sk\/wp-json\/wp\/v2\/product\/345447","targetHints":{"allow":["GET"]}}],"collection":[{"href":"https:\/\/www.moskito.cz\/sk\/wp-json\/wp\/v2\/product"}],"about":[{"href":"https:\/\/www.moskito.cz\/sk\/wp-json\/wp\/v2\/types\/product"}],"replies":[{"embeddable":true,"href":"https:\/\/www.moskito.cz\/sk\/wp-json\/wp\/v2\/comments?post=345447"}],"wp:featuredmedia":[{"embeddable":true,"href":"https:\/\/www.moskito.cz\/sk\/wp-json\/wp\/v2\/media\/345440"}],"wp:attachment":[{"href":"https:\/\/www.moskito.cz\/sk\/wp-json\/wp\/v2\/media?parent=345447"}],"wp:term":[{"taxonomy":"pwb-brand","embeddable":true,"href":"https:\/\/www.moskito.cz\/sk\/wp-json\/wp\/v2\/pwb-brand?post=345447"},{"taxonomy":"product_brand","embeddable":true,"href":"https:\/\/www.moskito.cz\/sk\/wp-json\/wp\/v2\/product_brand?post=345447"},{"taxonomy":"product_cat","embeddable":true,"href":"https:\/\/www.moskito.cz\/sk\/wp-json\/wp\/v2\/product_cat?post=345447"},{"taxonomy":"product_tag","embeddable":true,"href":"https:\/\/www.moskito.cz\/sk\/wp-json\/wp\/v2\/product_tag?post=345447"}],"curies":[{"name":"wp","href":"https:\/\/api.w.org\/{rel}","templated":true}]}}