{"id":345487,"date":"2024-06-19T05:37:31","date_gmt":"2024-06-19T04:39:52","guid":{"rendered":"https:\/\/www.moskito.cz\/produkt\/zatvaraci-noz-emerson-bulldog\/"},"modified":"2025-05-07T11:17:52","modified_gmt":"2025-05-07T10:17:52","slug":"zatvaraci-noz-emerson-bulldog","status":"publish","type":"product","link":"https:\/\/www.moskito.cz\/sk\/produkt\/zatvaraci-noz-emerson-bulldog\/","title":{"rendered":"Zatv\u00e1rac\u00ed N\u00f4\u017e Emerson Bulldog"},"content":{"rendered":"<p>Zatv\u00e1rac\u00ed N\u00f4\u017e <strong>Emerson Bulldog<\/strong> .<\/p>\n<p>Emerson Bulldog je odoln\u00fd a robustn\u00fd ka\u017edodenn\u00fd prenos, ktor\u00fd ste h\u013eadali. V\u010faka rovnej \u010depeli, ktor\u00e1 sa cez v\u00fdrazn\u00e9 uhly dost\u00e1va k prenikav\u00e9mu bodu tanto, je Bulldog ve\u013emi priamo\u010diary n\u00f4\u017e. M\u00e1 hranat\u00fa rukov\u00e4\u0165 G-10 s ochranou prstov sp\u00e1rovanou s na\u0161ou patentovanou funkciou Emerson Wave pre r\u00fdchle nasadenie z vrecka. Emerson Bulldog bol ob\u013e\u00faben\u00fd medzi policajtmi, ktor\u00ed h\u013eadaj\u00fa praktick\u00fd mal\u00fd, ale robustn\u00fd n\u00f4\u017e do slu\u017eby. \u010cepe\u013e je pon\u00fakan\u00e1 pod\u013ea v\u00e1\u0161ho v\u00fdberu s kamennou alebo \u010dierno potiahnutou \u010depe\u013eou s hladk\u00fdmi alebo \u010diasto\u010dne z\u00fabkovan\u00fdmi hranami. Presved\u010dte sa sami, pre\u010do je n\u00f4\u017e Bulldog tak\u00fd spo\u013eahliv\u00fd.<\/p>\n<p>Strenky: \u010cierna G-10 epoxid \/ sklolamin\u00e1t<br \/>\nZ\u00e1mok :Titan<br \/>\n\u010cepe\u013e: 154 cm<br \/>\nDokon\u010denie: Stonewashed<br \/>\nCelkov\u00e1 d\u013a\u017eka: 19 cm<br \/>\nD\u013a\u017eka \u010depele: 8 cm<br \/>\nTvrdos\u0165 57-59 RC<\/p>\n<p><iframe title=\"The Emerson Knives Bulldog\" width=\"800\" height=\"450\" src=\"https:\/\/www.youtube.com\/embed\/EYQ1QIL6Zu0?feature=oembed\" frameborder=\"0\" allow=\"accelerometer; autoplay; clipboard-write; encrypted-media; gyroscope; picture-in-picture; web-share\" referrerpolicy=\"strict-origin-when-cross-origin\" allowfullscreen><\/iframe><\/p>\n<p><iframe title=\"Emerson Bulldog | A Closer Look\" width=\"800\" height=\"450\" src=\"https:\/\/www.youtube.com\/embed\/I8PAyCUwvn8?feature=oembed\" frameborder=\"0\" allow=\"accelerometer; autoplay; clipboard-write; encrypted-media; gyroscope; picture-in-picture; web-share\" referrerpolicy=\"strict-origin-when-cross-origin\" allowfullscreen><\/iframe><\/p>\n<p>&nbsp;<\/p>\n","protected":false},"excerpt":{"rendered":"<p><strong>Bulldog Emerson Knives, jeden z mnoh\u00fdch designov no\u017eov Emerson Knife Design\u00ae, je skvel\u00fdm n\u00e1strojom pre ka\u017edodenn\u00e9 nosenie alebo boj osved\u010den\u00fd n\u00f4\u017e pripraven\u00fd na boj!<\/strong><\/p>\n<p><strong>Doprava zadarmo.<\/strong><\/p>\n","protected":false},"featured_media":345458,"comment_status":"open","ping_status":"closed","template":"","meta":[],"pwb-brand":[3788],"product_brand":[],"product_cat":[3186,3233],"product_tag":[],"class_list":{"0":"post-345487","1":"product","2":"type-product","3":"status-publish","4":"has-post-thumbnail","6":"pwb-brand-emerson-sk","7":"product_cat-noze-sk","8":"product_cat-zatvaracie-noze","10":"first","11":"outofstock","12":"taxable","13":"shipping-taxable","14":"purchasable","15":"product-type-simple"},"brands":[{"id":3788,"name":"Emerson","slug":"emerson-sk"}],"_links":{"self":[{"href":"https:\/\/www.moskito.cz\/sk\/wp-json\/wp\/v2\/product\/345487","targetHints":{"allow":["GET"]}}],"collection":[{"href":"https:\/\/www.moskito.cz\/sk\/wp-json\/wp\/v2\/product"}],"about":[{"href":"https:\/\/www.moskito.cz\/sk\/wp-json\/wp\/v2\/types\/product"}],"replies":[{"embeddable":true,"href":"https:\/\/www.moskito.cz\/sk\/wp-json\/wp\/v2\/comments?post=345487"}],"wp:featuredmedia":[{"embeddable":true,"href":"https:\/\/www.moskito.cz\/sk\/wp-json\/wp\/v2\/media\/345458"}],"wp:attachment":[{"href":"https:\/\/www.moskito.cz\/sk\/wp-json\/wp\/v2\/media?parent=345487"}],"wp:term":[{"taxonomy":"pwb-brand","embeddable":true,"href":"https:\/\/www.moskito.cz\/sk\/wp-json\/wp\/v2\/pwb-brand?post=345487"},{"taxonomy":"product_brand","embeddable":true,"href":"https:\/\/www.moskito.cz\/sk\/wp-json\/wp\/v2\/product_brand?post=345487"},{"taxonomy":"product_cat","embeddable":true,"href":"https:\/\/www.moskito.cz\/sk\/wp-json\/wp\/v2\/product_cat?post=345487"},{"taxonomy":"product_tag","embeddable":true,"href":"https:\/\/www.moskito.cz\/sk\/wp-json\/wp\/v2\/product_tag?post=345487"}],"curies":[{"name":"wp","href":"https:\/\/api.w.org\/{rel}","templated":true}]}}