{"id":345520,"date":"2024-06-19T05:57:16","date_gmt":"2024-06-19T04:57:16","guid":{"rendered":"https:\/\/www.moskito.cz\/produkt\/zatvaraci-noz-emerson-seax-sf\/"},"modified":"2025-05-07T11:17:53","modified_gmt":"2025-05-07T10:17:53","slug":"zatvaraci-noz-emerson-seax-sf","status":"publish","type":"product","link":"https:\/\/www.moskito.cz\/sk\/produkt\/zatvaraci-noz-emerson-seax-sf\/","title":{"rendered":"Zatv\u00e1rac\u00ed N\u00f4\u017e Emerson SEAX SF"},"content":{"rendered":"<p>Zatv\u00e1rac\u00ed N\u00f4\u017e <strong>Emerson<\/strong> SEAX SF.<\/p>\n<p>Ke\u010f je nie\u010do tak akur\u00e1t, nie je \u010do zlep\u0161ova\u0165 a vydr\u017e\u00ed to roky. The <strong>Seax Knife<\/strong> , ktor\u00fd bol p\u00f4vodne predstaven\u00fd na Shot Show 2018, jeho popularita r\u00e1stla v \u010falek\u00fdch oblastiach internetu. Na trhu nie je ve\u013ea s\u00e9riovo vyr\u00e1ban\u00fdch skladac\u00edch verzi\u00ed, a preto\u017ee sme ve\u013ek\u00ed na historick\u00e9 zbrane, chceli sme sa presadi\u0165 na ikonickom dizajne. Pozrite sa na video ni\u017e\u0161ie.<\/p>\n<p>Strenky: \u010cierna G-10 epoxid \/ sklolamin\u00e1t<br \/>\nZ\u00e1mok :Titan<br \/>\n\u010cepe\u013e: 154 cm<br \/>\nDokon\u010denie: Stonewashed<br \/>\nCelkov\u00e1 d\u013a\u017eka: 23 cm<br \/>\nD\u013a\u017eka \u010depele: 9.7 cm<br \/>\nTvrdos\u0165 57-59 RC<\/p>\n<p><iframe title=\"The Emerson Knives Seax Folding Knife\" width=\"800\" height=\"450\" src=\"https:\/\/www.youtube.com\/embed\/mtv5IK5p8hE?feature=oembed\" frameborder=\"0\" allow=\"accelerometer; autoplay; clipboard-write; encrypted-media; gyroscope; picture-in-picture; web-share\" referrerpolicy=\"strict-origin-when-cross-origin\" allowfullscreen><\/iframe><\/p>\n<p>&nbsp;<\/p>\n","protected":false},"excerpt":{"rendered":"<p><strong>Viking Seax, ktor\u00fd sa po st\u00e1ro\u010dia osved\u010dil ako odoln\u00fd outdoorov\u00fd dizajn, je dokonal\u00fdm \u00fa\u017eitkov\u00fdm no\u017eom pre lovcov, ryb\u00e1rov i obchodn\u00edkov, a pokia\u013e urob\u00edte v\u0161etky tri, n\u00f4\u017e Seax v\u00e1s nikdy nesklame.  <\/strong><\/p>\n<p><strong>Doprava zadarmo.<\/strong><\/p>\n","protected":false},"featured_media":345498,"comment_status":"open","ping_status":"closed","template":"","meta":[],"pwb-brand":[3788],"product_brand":[],"product_cat":[3233,3186],"product_tag":[],"class_list":{"0":"post-345520","1":"product","2":"type-product","3":"status-publish","4":"has-post-thumbnail","6":"pwb-brand-emerson-sk","7":"product_cat-zatvaracie-noze","8":"product_cat-noze-sk","10":"first","11":"instock","12":"taxable","13":"shipping-taxable","14":"purchasable","15":"product-type-simple"},"brands":[{"id":3788,"name":"Emerson","slug":"emerson-sk"}],"_links":{"self":[{"href":"https:\/\/www.moskito.cz\/sk\/wp-json\/wp\/v2\/product\/345520","targetHints":{"allow":["GET"]}}],"collection":[{"href":"https:\/\/www.moskito.cz\/sk\/wp-json\/wp\/v2\/product"}],"about":[{"href":"https:\/\/www.moskito.cz\/sk\/wp-json\/wp\/v2\/types\/product"}],"replies":[{"embeddable":true,"href":"https:\/\/www.moskito.cz\/sk\/wp-json\/wp\/v2\/comments?post=345520"}],"wp:featuredmedia":[{"embeddable":true,"href":"https:\/\/www.moskito.cz\/sk\/wp-json\/wp\/v2\/media\/345498"}],"wp:attachment":[{"href":"https:\/\/www.moskito.cz\/sk\/wp-json\/wp\/v2\/media?parent=345520"}],"wp:term":[{"taxonomy":"pwb-brand","embeddable":true,"href":"https:\/\/www.moskito.cz\/sk\/wp-json\/wp\/v2\/pwb-brand?post=345520"},{"taxonomy":"product_brand","embeddable":true,"href":"https:\/\/www.moskito.cz\/sk\/wp-json\/wp\/v2\/product_brand?post=345520"},{"taxonomy":"product_cat","embeddable":true,"href":"https:\/\/www.moskito.cz\/sk\/wp-json\/wp\/v2\/product_cat?post=345520"},{"taxonomy":"product_tag","embeddable":true,"href":"https:\/\/www.moskito.cz\/sk\/wp-json\/wp\/v2\/product_tag?post=345520"}],"curies":[{"name":"wp","href":"https:\/\/api.w.org\/{rel}","templated":true}]}}